{"id":18903,"date":"2025-05-28T21:24:57","date_gmt":"2025-05-29T02:24:57","guid":{"rendered":"https:\/\/tiendaflex.ec\/?post_type=product&#038;p=18903"},"modified":"2025-07-23T23:31:52","modified_gmt":"2025-07-24T04:31:52","slug":"lunaria","status":"publish","type":"product","link":"https:\/\/tiendaflex.ec\/en\/product\/lunaria\/","title":{"rendered":"SOF\u00c1 CAMA LUNARIA"},"content":{"rendered":"","protected":false},"excerpt":{"rendered":"<p>Comodidad de d\u00eda, descanso de noche. El Sof\u00e1 Cama Lunaria JML se adapta a tu estilo de vida con elegancia, funcionalidad y dise\u00f1o personalizado.<\/p>\n<p>\u2714\ufe0f Estructura en Madera Laurel Negro del Oriente \u2013 resistente y duradera.<br \/>\n\u2714\ufe0f Tratamiento protector contra insectos y microorganismos.<br \/>\n\u2714\ufe0f Espuma de alta densidad para mayor confort.<br \/>\n\u2714\ufe0f Color y tipo de tapiz personalizable.<\/p>\n<p>\ud83e\ude91 Incluye:<\/p>\n<p>3 cojines grandes<\/p>\n<p>3 cojines peque\u00f1os<\/p>\n<p>\ud83d\udccf Medidas:<\/p>\n<p>Sof\u00e1: alto 81 cm, ancho 222 cm, profundidad 94 cm, alto del asiento 42 cm.<\/p>\n<p>Cama: ancho 188 cm, profundidad 154 cm, alto del asiento 28 cm.<\/p>\n<p>\ud83d\udcde Cont\u00e1ctanos: +593984123231<\/p>","protected":false},"featured_media":21183,"comment_status":"open","ping_status":"closed","template":"","meta":{"_acf_changed":false},"product_brand":[],"product_cat":[542,597],"product_tag":[],"class_list":{"0":"post-18903","1":"product","2":"type-product","3":"status-publish","4":"has-post-thumbnail","6":"product_cat-muebles","7":"product_cat-sofas-cama","9":"first","10":"instock","11":"sale","12":"taxable","13":"shipping-taxable","14":"purchasable","15":"product-type-simple"},"acf":[],"_links":{"self":[{"href":"https:\/\/tiendaflex.ec\/en\/wp-json\/wp\/v2\/product\/18903","targetHints":{"allow":["GET"]}}],"collection":[{"href":"https:\/\/tiendaflex.ec\/en\/wp-json\/wp\/v2\/product"}],"about":[{"href":"https:\/\/tiendaflex.ec\/en\/wp-json\/wp\/v2\/types\/product"}],"replies":[{"embeddable":true,"href":"https:\/\/tiendaflex.ec\/en\/wp-json\/wp\/v2\/comments?post=18903"}],"version-history":[{"count":4,"href":"https:\/\/tiendaflex.ec\/en\/wp-json\/wp\/v2\/product\/18903\/revisions"}],"predecessor-version":[{"id":21195,"href":"https:\/\/tiendaflex.ec\/en\/wp-json\/wp\/v2\/product\/18903\/revisions\/21195"}],"wp:featuredmedia":[{"embeddable":true,"href":"https:\/\/tiendaflex.ec\/en\/wp-json\/wp\/v2\/media\/21183"}],"wp:attachment":[{"href":"https:\/\/tiendaflex.ec\/en\/wp-json\/wp\/v2\/media?parent=18903"}],"wp:term":[{"taxonomy":"product_brand","embeddable":true,"href":"https:\/\/tiendaflex.ec\/en\/wp-json\/wp\/v2\/product_brand?post=18903"},{"taxonomy":"product_cat","embeddable":true,"href":"https:\/\/tiendaflex.ec\/en\/wp-json\/wp\/v2\/product_cat?post=18903"},{"taxonomy":"product_tag","embeddable":true,"href":"https:\/\/tiendaflex.ec\/en\/wp-json\/wp\/v2\/product_tag?post=18903"}],"curies":[{"name":"wp","href":"https:\/\/api.w.org\/{rel}","templated":true}]}}