{"id":18900,"date":"2025-05-28T21:12:42","date_gmt":"2025-05-29T02:12:42","guid":{"rendered":"https:\/\/tiendaflex.ec\/?post_type=product&#038;p=18900"},"modified":"2025-07-31T01:50:28","modified_gmt":"2025-07-31T06:50:28","slug":"nerina","status":"publish","type":"product","link":"https:\/\/tiendaflex.ec\/en\/product\/nerina\/","title":{"rendered":"SALA NERINA"},"content":{"rendered":"","protected":false},"excerpt":{"rendered":"<p>Dise\u00f1ada para brindarte confort y armon\u00eda visual, la SALA NERINA combina elegancia y calidez en cada rinc\u00f3n de tu hogar. Ideal para compartir momentos \u00fanicos con quienes m\u00e1s amas.<\/p>\n<p>\u2714\ufe0f Estructura en Madera Laurel Negro del Oriente \u2013 calidad que dura.<br \/>\n\u2714\ufe0f Tratamiento protector contra insectos y microorganismos.<br \/>\n\u2714\ufe0f Espuma de alta densidad \u2013 suavidad y firmeza perfectas.<br \/>\n\u2714\ufe0f Color de tapiz y madera personalizable seg\u00fan tu estilo.<\/p>\n<p>\ud83e\ude91 Incluye:<\/p>\n<p>Sala en L<\/p>\n<p>2 poltronas<\/p>\n<p>7 cojines<\/p>\n<p>\ud83d\udcde Cont\u00e1ctanos: +593984123231<\/p>","protected":false},"featured_media":21309,"comment_status":"open","ping_status":"closed","template":"","meta":{"_acf_changed":false},"product_brand":[],"product_cat":[542,579],"product_tag":[],"class_list":{"0":"post-18900","1":"product","2":"type-product","3":"status-publish","4":"has-post-thumbnail","6":"product_cat-muebles","7":"product_cat-salas","9":"first","10":"instock","11":"sale","12":"taxable","13":"shipping-taxable","14":"purchasable","15":"product-type-simple"},"acf":[],"_links":{"self":[{"href":"https:\/\/tiendaflex.ec\/en\/wp-json\/wp\/v2\/product\/18900","targetHints":{"allow":["GET"]}}],"collection":[{"href":"https:\/\/tiendaflex.ec\/en\/wp-json\/wp\/v2\/product"}],"about":[{"href":"https:\/\/tiendaflex.ec\/en\/wp-json\/wp\/v2\/types\/product"}],"replies":[{"embeddable":true,"href":"https:\/\/tiendaflex.ec\/en\/wp-json\/wp\/v2\/comments?post=18900"}],"version-history":[{"count":2,"href":"https:\/\/tiendaflex.ec\/en\/wp-json\/wp\/v2\/product\/18900\/revisions"}],"predecessor-version":[{"id":20135,"href":"https:\/\/tiendaflex.ec\/en\/wp-json\/wp\/v2\/product\/18900\/revisions\/20135"}],"wp:featuredmedia":[{"embeddable":true,"href":"https:\/\/tiendaflex.ec\/en\/wp-json\/wp\/v2\/media\/21309"}],"wp:attachment":[{"href":"https:\/\/tiendaflex.ec\/en\/wp-json\/wp\/v2\/media?parent=18900"}],"wp:term":[{"taxonomy":"product_brand","embeddable":true,"href":"https:\/\/tiendaflex.ec\/en\/wp-json\/wp\/v2\/product_brand?post=18900"},{"taxonomy":"product_cat","embeddable":true,"href":"https:\/\/tiendaflex.ec\/en\/wp-json\/wp\/v2\/product_cat?post=18900"},{"taxonomy":"product_tag","embeddable":true,"href":"https:\/\/tiendaflex.ec\/en\/wp-json\/wp\/v2\/product_tag?post=18900"}],"curies":[{"name":"wp","href":"https:\/\/api.w.org\/{rel}","templated":true}]}}