{"id":18877,"date":"2025-05-28T20:37:28","date_gmt":"2025-05-29T01:37:28","guid":{"rendered":"https:\/\/tiendaflex.ec\/?post_type=product&#038;p=18877"},"modified":"2025-08-02T13:07:57","modified_gmt":"2025-08-02T18:07:57","slug":"18877","status":"publish","type":"product","link":"https:\/\/tiendaflex.ec\/en\/product\/18877\/","title":{"rendered":"CAMA LUGANO"},"content":{"rendered":"","protected":false},"excerpt":{"rendered":"<p>CAMA LUGANO MT<\/p>\n<p>Una pieza que combina sobriedad, estructura s\u00f3lida y estilo. La CAMA LUGANO es ideal para quienes valoran lo natural, lo duradero y el dise\u00f1o bien hecho.<\/p>\n<p>\u2714\ufe0f Madera Laurel Negro del Oriente \u2013 fuerte, resistente y de origen noble.<br \/>\n\u2714\ufe0f Tratamiento anti-insectos y microorganismos \u2013 m\u00e1s higiene, m\u00e1s durabilidad.<br \/>\n\u2714\ufe0f Color de madera personalizado \u2013 elige el tono que m\u00e1s te represente.<\/p>\n<p>\ud83d\udcd0 Medidas generales:<br \/>\nAltura: 114 cm | Profundidad: 212 cm | Alto del larguero: 35 cm<br \/>\n(El ancho var\u00eda seg\u00fan el tama\u00f1o seleccionado)<br \/>\n\ud83d\udeab No incluye colch\u00f3n ni edred\u00f3n.<\/p>\n<p>\ud83d\udcde Cont\u00e1ctanos: +593984123231<\/p>","protected":false},"featured_media":21389,"comment_status":"open","ping_status":"closed","template":"","meta":{"_acf_changed":false},"product_brand":[],"product_cat":[563,542],"product_tag":[],"class_list":{"0":"post-18877","1":"product","2":"type-product","3":"status-publish","4":"has-post-thumbnail","6":"product_cat-camas","7":"product_cat-muebles","9":"first","10":"instock","11":"sale","12":"taxable","13":"shipping-taxable","14":"purchasable","15":"product-type-variable"},"acf":[],"_links":{"self":[{"href":"https:\/\/tiendaflex.ec\/en\/wp-json\/wp\/v2\/product\/18877","targetHints":{"allow":["GET"]}}],"collection":[{"href":"https:\/\/tiendaflex.ec\/en\/wp-json\/wp\/v2\/product"}],"about":[{"href":"https:\/\/tiendaflex.ec\/en\/wp-json\/wp\/v2\/types\/product"}],"replies":[{"embeddable":true,"href":"https:\/\/tiendaflex.ec\/en\/wp-json\/wp\/v2\/comments?post=18877"}],"version-history":[{"count":4,"href":"https:\/\/tiendaflex.ec\/en\/wp-json\/wp\/v2\/product\/18877\/revisions"}],"predecessor-version":[{"id":21397,"href":"https:\/\/tiendaflex.ec\/en\/wp-json\/wp\/v2\/product\/18877\/revisions\/21397"}],"wp:featuredmedia":[{"embeddable":true,"href":"https:\/\/tiendaflex.ec\/en\/wp-json\/wp\/v2\/media\/21389"}],"wp:attachment":[{"href":"https:\/\/tiendaflex.ec\/en\/wp-json\/wp\/v2\/media?parent=18877"}],"wp:term":[{"taxonomy":"product_brand","embeddable":true,"href":"https:\/\/tiendaflex.ec\/en\/wp-json\/wp\/v2\/product_brand?post=18877"},{"taxonomy":"product_cat","embeddable":true,"href":"https:\/\/tiendaflex.ec\/en\/wp-json\/wp\/v2\/product_cat?post=18877"},{"taxonomy":"product_tag","embeddable":true,"href":"https:\/\/tiendaflex.ec\/en\/wp-json\/wp\/v2\/product_tag?post=18877"}],"curies":[{"name":"wp","href":"https:\/\/api.w.org\/{rel}","templated":true}]}}