{"id":18810,"date":"2025-05-27T22:05:35","date_gmt":"2025-05-28T03:05:35","guid":{"rendered":"https:\/\/tiendaflex.ec\/?post_type=product&#038;p=18810"},"modified":"2025-05-28T16:57:45","modified_gmt":"2025-05-28T21:57:45","slug":"em0026la-laptop-hp-14-ryzen-5-7520u","status":"publish","type":"product","link":"https:\/\/tiendaflex.ec\/en\/product\/em0026la-laptop-hp-14-ryzen-5-7520u\/","title":{"rendered":"EM0026LA &#8211; LAPTOP HP 14 RYZEN 5 7520U"},"content":{"rendered":"","protected":false},"excerpt":{"rendered":"<p>M\u00e1ximo rendimiento y productividad con procesador AMD Ryzen 5 y 16GB RAM para usuarios exigentes.<\/p>\n<p>\u2714\ufe0f Procesador AMD Ryzen\u2122 5 7520U hasta 4.3 GHz, 4 n\u00facleos y 8 hilos para multitarea avanzada<br \/>\n\u2714\ufe0f Memoria RAM LPDDR5 de 16GB a 5500 MHz para velocidad superior<br \/>\n\u2714\ufe0f Almacenamiento SSD PCIe NVMe de 512GB para acceso r\u00e1pido y seguro<br \/>\n\u2714\ufe0f Pantalla HD 14&#8243;\u00bb micro-edge antirreflejo, 250 nits de brillo para imagen clara y c\u00f3moda<br \/>\n\u2714\ufe0f Gr\u00e1ficos integrados AMD Radeon para tareas multimedia<br \/>\n\u2714\ufe0f Sistema operativo FreeDOS para que instales tu favorito<br \/>\n\u2714\ufe0f C\u00e1mara web FHD HP True Vision 1080p con reducci\u00f3n de ruido y micr\u00f3fonos de doble matriz<br \/>\n\u2714\ufe0f Audio con dos altavoces para sonido claro<br \/>\n\u2714\ufe0f Conectividad completa: 1 USB Tipo-C 5Gbps (datos), 2 USB Tipo-A 5Gbps, HDMI 1.4b y combo audio<br \/>\n\u2714\ufe0f Bater\u00eda de pol\u00edmero de litio 3 celdas (41 Wh) con hasta 12 horas de duraci\u00f3n y carga r\u00e1pida (50% en 45 minutos)<br \/>\n\u2714\ufe0f Peso ligero de solo 1.4 kg para m\u00e1xima portabilidad<br \/>\n\u2714\ufe0f Seguridad: obturador de privacidad para c\u00e1mara, tecla de silencio para micr\u00f3fono y Firmware TPM<\/p>\n<p>\ud83d\udcde Cont\u00e1ctanos: +593984123231<\/p>\n<p>\ud83d\ude80 \u00a1Lleva tu productividad al siguiente nivel con esta HP Ryzen 5 potente y ligera!<\/p>","protected":false},"featured_media":18780,"comment_status":"open","ping_status":"closed","template":"","meta":{"_acf_changed":false},"product_brand":[],"product_cat":[635,633],"product_tag":[],"class_list":{"0":"post-18810","1":"product","2":"type-product","3":"status-publish","4":"has-post-thumbnail","6":"product_cat-laptops","7":"product_cat-tecnologia","9":"first","10":"instock","11":"sale","12":"taxable","13":"shipping-taxable","14":"purchasable","15":"product-type-simple"},"acf":[],"_links":{"self":[{"href":"https:\/\/tiendaflex.ec\/en\/wp-json\/wp\/v2\/product\/18810","targetHints":{"allow":["GET"]}}],"collection":[{"href":"https:\/\/tiendaflex.ec\/en\/wp-json\/wp\/v2\/product"}],"about":[{"href":"https:\/\/tiendaflex.ec\/en\/wp-json\/wp\/v2\/types\/product"}],"replies":[{"embeddable":true,"href":"https:\/\/tiendaflex.ec\/en\/wp-json\/wp\/v2\/comments?post=18810"}],"version-history":[{"count":2,"href":"https:\/\/tiendaflex.ec\/en\/wp-json\/wp\/v2\/product\/18810\/revisions"}],"predecessor-version":[{"id":18812,"href":"https:\/\/tiendaflex.ec\/en\/wp-json\/wp\/v2\/product\/18810\/revisions\/18812"}],"wp:featuredmedia":[{"embeddable":true,"href":"https:\/\/tiendaflex.ec\/en\/wp-json\/wp\/v2\/media\/18780"}],"wp:attachment":[{"href":"https:\/\/tiendaflex.ec\/en\/wp-json\/wp\/v2\/media?parent=18810"}],"wp:term":[{"taxonomy":"product_brand","embeddable":true,"href":"https:\/\/tiendaflex.ec\/en\/wp-json\/wp\/v2\/product_brand?post=18810"},{"taxonomy":"product_cat","embeddable":true,"href":"https:\/\/tiendaflex.ec\/en\/wp-json\/wp\/v2\/product_cat?post=18810"},{"taxonomy":"product_tag","embeddable":true,"href":"https:\/\/tiendaflex.ec\/en\/wp-json\/wp\/v2\/product_tag?post=18810"}],"curies":[{"name":"wp","href":"https:\/\/api.w.org\/{rel}","templated":true}]}}