{"id":18798,"date":"2025-05-27T21:47:54","date_gmt":"2025-05-28T02:47:54","guid":{"rendered":"https:\/\/tiendaflex.ec\/?post_type=product&#038;p=18798"},"modified":"2025-08-16T18:07:26","modified_gmt":"2025-08-16T23:07:26","slug":"sat-22t-ue-impresora-termica","status":"publish","type":"product","link":"https:\/\/tiendaflex.ec\/en\/product\/sat-22t-ue-impresora-termica\/","title":{"rendered":"SAT 22T UE &#8211; IMPRESORA T\u00c9RMICA"},"content":{"rendered":"","protected":false},"excerpt":{"rendered":"<p>Optimiza la impresi\u00f3n de recibos con eficiencia, durabilidad y calidad profesional.<\/p>\n<p>\u2714\ufe0f Tecnolog\u00eda t\u00e9rmica directa: sin tinta ni t\u00f3ner, para menos mantenimiento<br \/>\n\u2714\ufe0f Ancho de impresi\u00f3n de hasta 80 mm para recibos m\u00e1s claros y detallados<br \/>\n\u2714\ufe0f Velocidad de impresi\u00f3n hasta 200 mm\/s, ideal para alta demanda<br \/>\n\u2714\ufe0f Resoluci\u00f3n de 203 DPI para textos y gr\u00e1ficos n\u00edtidos<br \/>\n\u2714\ufe0f Autocortador con capacidad para 1,5 millones de cortes (total o parcial)<br \/>\n\u2714\ufe0f Compatible con papel t\u00e9rmico de 80 mm y rollos hasta 79,5 mm de di\u00e1metro<br \/>\n\u2714\ufe0f Conectividad USB y Ethernet para f\u00e1cil integraci\u00f3n<br \/>\n\u2714\ufe0f Compatible con c\u00f3digos de barras 1D y 2D<br \/>\n\u2714\ufe0f Memoria: 256 KB flash, 64 KB RAM para rendimiento r\u00e1pido<br \/>\n\u2714\ufe0f Sensores de encendido, papel y errores para operaci\u00f3n sin complicaciones<\/p>\n<p>\ud83d\udcde Cont\u00e1ctanos: +593984123231<\/p>\n<p>\ud83d\ude80 \u00a1La impresora t\u00e9rmica ideal para agilizar tu negocio!<\/p>","protected":false},"featured_media":18791,"comment_status":"open","ping_status":"closed","template":"","meta":{"_acf_changed":false},"product_brand":[],"product_cat":[673,633],"product_tag":[],"class_list":{"0":"post-18798","1":"product","2":"type-product","3":"status-publish","4":"has-post-thumbnail","6":"product_cat-impresoras","7":"product_cat-tecnologia","9":"first","10":"outofstock","11":"sale","12":"taxable","13":"shipping-taxable","14":"purchasable","15":"product-type-simple"},"acf":[],"_links":{"self":[{"href":"https:\/\/tiendaflex.ec\/en\/wp-json\/wp\/v2\/product\/18798","targetHints":{"allow":["GET"]}}],"collection":[{"href":"https:\/\/tiendaflex.ec\/en\/wp-json\/wp\/v2\/product"}],"about":[{"href":"https:\/\/tiendaflex.ec\/en\/wp-json\/wp\/v2\/types\/product"}],"replies":[{"embeddable":true,"href":"https:\/\/tiendaflex.ec\/en\/wp-json\/wp\/v2\/comments?post=18798"}],"version-history":[{"count":2,"href":"https:\/\/tiendaflex.ec\/en\/wp-json\/wp\/v2\/product\/18798\/revisions"}],"predecessor-version":[{"id":21976,"href":"https:\/\/tiendaflex.ec\/en\/wp-json\/wp\/v2\/product\/18798\/revisions\/21976"}],"wp:featuredmedia":[{"embeddable":true,"href":"https:\/\/tiendaflex.ec\/en\/wp-json\/wp\/v2\/media\/18791"}],"wp:attachment":[{"href":"https:\/\/tiendaflex.ec\/en\/wp-json\/wp\/v2\/media?parent=18798"}],"wp:term":[{"taxonomy":"product_brand","embeddable":true,"href":"https:\/\/tiendaflex.ec\/en\/wp-json\/wp\/v2\/product_brand?post=18798"},{"taxonomy":"product_cat","embeddable":true,"href":"https:\/\/tiendaflex.ec\/en\/wp-json\/wp\/v2\/product_cat?post=18798"},{"taxonomy":"product_tag","embeddable":true,"href":"https:\/\/tiendaflex.ec\/en\/wp-json\/wp\/v2\/product_tag?post=18798"}],"curies":[{"name":"wp","href":"https:\/\/api.w.org\/{rel}","templated":true}]}}