{"id":18758,"date":"2025-05-23T23:55:38","date_gmt":"2025-05-24T04:55:38","guid":{"rendered":"https:\/\/tiendaflex.ec\/?post_type=product&#038;p=18758"},"modified":"2025-05-23T23:56:00","modified_gmt":"2025-05-24T04:56:00","slug":"18758","status":"publish","type":"product","link":"https:\/\/tiendaflex.ec\/en\/product\/18758\/","title":{"rendered":"SEAT SOLUTION FRESH"},"content":{"rendered":"","protected":false},"excerpt":{"rendered":"<p>Dise\u00f1ada para quienes pasan largas horas sentados, ya sea en la oficina, auto o en casa. Su dise\u00f1o ergon\u00f3mico alivia la presi\u00f3n en la zona lumbar y promueve una mejor postura.\u00bb<\/p>\n<p>\u00ab\u2714\ufe0f Medidas: 30 x 40 x 7 cm<br \/>\n\u2714\ufe0f Dise\u00f1o anat\u00f3mico que reduce puntos de presi\u00f3n<br \/>\n\u2714\ufe0f Material transpirable Fresh que mantiene el asiento ventilado<br \/>\n\u2714\ufe0f Ideal para sillas de oficina, autos o uso dom\u00e9stico<br \/>\n\u2714\ufe0f Funda removible y lavable<\/p>\n<p>\ud83d\udcde Cont\u00e1ctanos: +593984123231<\/p>\n<p>\ud83c\udf1f \u00a1Transforma cualquier silla en una experiencia c\u00f3moda y fresca!<\/p>","protected":false},"featured_media":18730,"comment_status":"open","ping_status":"closed","template":"","meta":{"_acf_changed":false},"product_brand":[],"product_cat":[664],"product_tag":[],"class_list":{"0":"post-18758","1":"product","2":"type-product","3":"status-publish","4":"has-post-thumbnail","6":"product_cat-almohadas","8":"first","9":"instock","10":"sale","11":"taxable","12":"shipping-taxable","13":"purchasable","14":"product-type-simple"},"acf":[],"_links":{"self":[{"href":"https:\/\/tiendaflex.ec\/en\/wp-json\/wp\/v2\/product\/18758","targetHints":{"allow":["GET"]}}],"collection":[{"href":"https:\/\/tiendaflex.ec\/en\/wp-json\/wp\/v2\/product"}],"about":[{"href":"https:\/\/tiendaflex.ec\/en\/wp-json\/wp\/v2\/types\/product"}],"replies":[{"embeddable":true,"href":"https:\/\/tiendaflex.ec\/en\/wp-json\/wp\/v2\/comments?post=18758"}],"version-history":[{"count":3,"href":"https:\/\/tiendaflex.ec\/en\/wp-json\/wp\/v2\/product\/18758\/revisions"}],"predecessor-version":[{"id":18761,"href":"https:\/\/tiendaflex.ec\/en\/wp-json\/wp\/v2\/product\/18758\/revisions\/18761"}],"wp:featuredmedia":[{"embeddable":true,"href":"https:\/\/tiendaflex.ec\/en\/wp-json\/wp\/v2\/media\/18730"}],"wp:attachment":[{"href":"https:\/\/tiendaflex.ec\/en\/wp-json\/wp\/v2\/media?parent=18758"}],"wp:term":[{"taxonomy":"product_brand","embeddable":true,"href":"https:\/\/tiendaflex.ec\/en\/wp-json\/wp\/v2\/product_brand?post=18758"},{"taxonomy":"product_cat","embeddable":true,"href":"https:\/\/tiendaflex.ec\/en\/wp-json\/wp\/v2\/product_cat?post=18758"},{"taxonomy":"product_tag","embeddable":true,"href":"https:\/\/tiendaflex.ec\/en\/wp-json\/wp\/v2\/product_tag?post=18758"}],"curies":[{"name":"wp","href":"https:\/\/api.w.org\/{rel}","templated":true}]}}