{"id":18750,"date":"2025-05-23T23:42:59","date_gmt":"2025-05-24T04:42:59","guid":{"rendered":"https:\/\/tiendaflex.ec\/?post_type=product&#038;p=18750"},"modified":"2025-05-23T23:42:59","modified_gmt":"2025-05-24T04:42:59","slug":"almohada-para-lectura-bruma-y-miel","status":"publish","type":"product","link":"https:\/\/tiendaflex.ec\/en\/product\/almohada-para-lectura-bruma-y-miel\/","title":{"rendered":"ALMOHADA PARA LECTURA BRUMA Y MIEL"},"content":{"rendered":"<p>47<\/p>","protected":false},"excerpt":{"rendered":"<p>Perfecta para leer, ver series o descansar c\u00f3modamente en la cama o sof\u00e1. Su dise\u00f1o envolvente brinda soporte a espalda, brazos y cuello.\u00bb<\/p>\n<p>\u00ab\u2714\ufe0f Medidas: 88 x 72 cm<br \/>\n\u2714\ufe0f Ideal para lectura, descanso o lactancia<br \/>\n\u2714\ufe0f Soporte para espalda alta, cervical y brazos<br \/>\n\u2714\ufe0f Relleno c\u00f3modo y firme \u2013 no se deforma<br \/>\n\u2714\ufe0f Funda suave y lavable<\/p>\n<p>\ud83d\udcde Cont\u00e1ctanos: +593984123231<\/p>\n<p>\ud83d\udcd6\u2728 \u00a1Tu momento de descanso, ahora m\u00e1s c\u00f3modo que nunca!<\/p>","protected":false},"featured_media":18728,"comment_status":"open","ping_status":"closed","template":"","meta":{"_acf_changed":false},"product_brand":[],"product_cat":[664],"product_tag":[],"class_list":{"0":"post-18750","1":"product","2":"type-product","3":"status-publish","4":"has-post-thumbnail","6":"product_cat-almohadas","8":"first","9":"instock","10":"sale","11":"taxable","12":"shipping-taxable","13":"purchasable","14":"product-type-simple"},"acf":[],"_links":{"self":[{"href":"https:\/\/tiendaflex.ec\/en\/wp-json\/wp\/v2\/product\/18750","targetHints":{"allow":["GET"]}}],"collection":[{"href":"https:\/\/tiendaflex.ec\/en\/wp-json\/wp\/v2\/product"}],"about":[{"href":"https:\/\/tiendaflex.ec\/en\/wp-json\/wp\/v2\/types\/product"}],"replies":[{"embeddable":true,"href":"https:\/\/tiendaflex.ec\/en\/wp-json\/wp\/v2\/comments?post=18750"}],"version-history":[{"count":2,"href":"https:\/\/tiendaflex.ec\/en\/wp-json\/wp\/v2\/product\/18750\/revisions"}],"predecessor-version":[{"id":18752,"href":"https:\/\/tiendaflex.ec\/en\/wp-json\/wp\/v2\/product\/18750\/revisions\/18752"}],"wp:featuredmedia":[{"embeddable":true,"href":"https:\/\/tiendaflex.ec\/en\/wp-json\/wp\/v2\/media\/18728"}],"wp:attachment":[{"href":"https:\/\/tiendaflex.ec\/en\/wp-json\/wp\/v2\/media?parent=18750"}],"wp:term":[{"taxonomy":"product_brand","embeddable":true,"href":"https:\/\/tiendaflex.ec\/en\/wp-json\/wp\/v2\/product_brand?post=18750"},{"taxonomy":"product_cat","embeddable":true,"href":"https:\/\/tiendaflex.ec\/en\/wp-json\/wp\/v2\/product_cat?post=18750"},{"taxonomy":"product_tag","embeddable":true,"href":"https:\/\/tiendaflex.ec\/en\/wp-json\/wp\/v2\/product_tag?post=18750"}],"curies":[{"name":"wp","href":"https:\/\/api.w.org\/{rel}","templated":true}]}}