{"id":18714,"date":"2025-05-22T15:51:31","date_gmt":"2025-05-22T20:51:31","guid":{"rendered":"https:\/\/tiendaflex.ec\/?post_type=product&#038;p=18714"},"modified":"2025-08-16T18:02:02","modified_gmt":"2025-08-16T23:02:02","slug":"x1504va-asus-vivobook","status":"publish","type":"product","link":"https:\/\/tiendaflex.ec\/en\/product\/x1504va-asus-vivobook\/","title":{"rendered":"X1504VA &#8211; LAPTOP"},"content":{"rendered":"","protected":false},"excerpt":{"rendered":"<p>\u00a1Rendimiento de \u00faltima generaci\u00f3n en un dise\u00f1o elegante y profesional!<\/p>\n<p>\u2714\ufe0f Procesador Intel Core i3-1315U (13\u00aa generaci\u00f3n \u2013 mayor eficiencia y rendimiento)<br \/>\n\u2714\ufe0f 8 GB de RAM DDR4 \u2013 trabaja sin interrupciones<br \/>\n\u2714\ufe0f 512 GB SSD \u2013 almacenamiento r\u00e1pido y amplio<br \/>\n\u2714\ufe0f Pantalla 15.6\u201d FHD \u2013 excelente calidad visual<br \/>\n\u2714\ufe0f Conectividad completa Wi-Fi y puertos esenciales<br \/>\n\u2714\ufe0f Sistema FreeDOS (personaliza tu sistema operativo)<br \/>\n\u2714\ufe0f Idioma: Espa\u00f1ol<br \/>\n\u2714\ufe0f Color: Quiet Blue \u2013 moderno y sofisticado<\/p>\n<p>\ud83c\udf81 Incluye: Mouse + Mochila ASUS original<\/p>\n<p>\ud83d\udcde Cont\u00e1ctanos: +593984123231<\/p>\n<p>\ud83d\ude80 \u00a1M\u00e1xima eficiencia con dise\u00f1o elegante y moderno!<\/p>","protected":false},"featured_media":18659,"comment_status":"open","ping_status":"closed","template":"","meta":{"_acf_changed":false},"product_brand":[],"product_cat":[635,633],"product_tag":[],"class_list":{"0":"post-18714","1":"product","2":"type-product","3":"status-publish","4":"has-post-thumbnail","6":"product_cat-laptops","7":"product_cat-tecnologia","9":"first","10":"instock","11":"sale","12":"taxable","13":"shipping-taxable","14":"purchasable","15":"product-type-simple"},"acf":[],"_links":{"self":[{"href":"https:\/\/tiendaflex.ec\/en\/wp-json\/wp\/v2\/product\/18714","targetHints":{"allow":["GET"]}}],"collection":[{"href":"https:\/\/tiendaflex.ec\/en\/wp-json\/wp\/v2\/product"}],"about":[{"href":"https:\/\/tiendaflex.ec\/en\/wp-json\/wp\/v2\/types\/product"}],"replies":[{"embeddable":true,"href":"https:\/\/tiendaflex.ec\/en\/wp-json\/wp\/v2\/comments?post=18714"}],"version-history":[{"count":3,"href":"https:\/\/tiendaflex.ec\/en\/wp-json\/wp\/v2\/product\/18714\/revisions"}],"predecessor-version":[{"id":21972,"href":"https:\/\/tiendaflex.ec\/en\/wp-json\/wp\/v2\/product\/18714\/revisions\/21972"}],"wp:featuredmedia":[{"embeddable":true,"href":"https:\/\/tiendaflex.ec\/en\/wp-json\/wp\/v2\/media\/18659"}],"wp:attachment":[{"href":"https:\/\/tiendaflex.ec\/en\/wp-json\/wp\/v2\/media?parent=18714"}],"wp:term":[{"taxonomy":"product_brand","embeddable":true,"href":"https:\/\/tiendaflex.ec\/en\/wp-json\/wp\/v2\/product_brand?post=18714"},{"taxonomy":"product_cat","embeddable":true,"href":"https:\/\/tiendaflex.ec\/en\/wp-json\/wp\/v2\/product_cat?post=18714"},{"taxonomy":"product_tag","embeddable":true,"href":"https:\/\/tiendaflex.ec\/en\/wp-json\/wp\/v2\/product_tag?post=18714"}],"curies":[{"name":"wp","href":"https:\/\/api.w.org\/{rel}","templated":true}]}}