{"id":18699,"date":"2025-05-22T15:29:56","date_gmt":"2025-05-22T20:29:56","guid":{"rendered":"https:\/\/tiendaflex.ec\/?post_type=product&#038;p=18699"},"modified":"2025-05-28T17:12:00","modified_gmt":"2025-05-28T22:12:00","slug":"ideapad-1-lenovo-2","status":"publish","type":"product","link":"https:\/\/tiendaflex.ec\/en\/product\/ideapad-1-lenovo-2\/","title":{"rendered":"IDEAPAD 1 &#8211; LENOVO"},"content":{"rendered":"","protected":false},"excerpt":{"rendered":"<p>\u00a1Tu compa\u00f1era ideal para estudiar, trabajar o disfrutar de contenido multimedia!<\/p>\n<p>Con un dise\u00f1o compacto y elegante en color Cloud Gray, esta laptop te ofrece lo esencial para el d\u00eda a d\u00eda con Windows 11 Home y almacenamiento r\u00e1pido.<\/p>\n<p>\u2714\ufe0f Procesador Intel Celeron N4020<br \/>\n\u2714\ufe0f 4 GB de RAM<br \/>\n\u2714\ufe0f 128 GB SSD tipo eMMC<br \/>\n\u2714\ufe0f Pantalla 14&#8243;\u00bb FHD para mejor definici\u00f3n<br \/>\n\u2714\ufe0f Windows 11 Home preinstalado<br \/>\n\u2714\ufe0f Dise\u00f1o liviano y port\u00e1til \u2013 \u00a1ideal para llevar a todas partes!<br \/>\n\u2714\ufe0f Modelo: 82V60065US<\/p>\n<p>\ud83d\udcde Cont\u00e1ctanos: +593984123231<\/p>\n<p>\u26a1 \u00a1Tecnolog\u00eda accesible, rendimiento confiable!<\/p>","protected":false},"featured_media":18654,"comment_status":"open","ping_status":"closed","template":"","meta":{"_acf_changed":false},"product_brand":[],"product_cat":[635,633],"product_tag":[],"class_list":{"0":"post-18699","1":"product","2":"type-product","3":"status-publish","4":"has-post-thumbnail","6":"product_cat-laptops","7":"product_cat-tecnologia","9":"first","10":"instock","11":"sale","12":"taxable","13":"shipping-taxable","14":"purchasable","15":"product-type-simple"},"acf":[],"_links":{"self":[{"href":"https:\/\/tiendaflex.ec\/en\/wp-json\/wp\/v2\/product\/18699","targetHints":{"allow":["GET"]}}],"collection":[{"href":"https:\/\/tiendaflex.ec\/en\/wp-json\/wp\/v2\/product"}],"about":[{"href":"https:\/\/tiendaflex.ec\/en\/wp-json\/wp\/v2\/types\/product"}],"replies":[{"embeddable":true,"href":"https:\/\/tiendaflex.ec\/en\/wp-json\/wp\/v2\/comments?post=18699"}],"version-history":[{"count":2,"href":"https:\/\/tiendaflex.ec\/en\/wp-json\/wp\/v2\/product\/18699\/revisions"}],"predecessor-version":[{"id":18701,"href":"https:\/\/tiendaflex.ec\/en\/wp-json\/wp\/v2\/product\/18699\/revisions\/18701"}],"wp:featuredmedia":[{"embeddable":true,"href":"https:\/\/tiendaflex.ec\/en\/wp-json\/wp\/v2\/media\/18654"}],"wp:attachment":[{"href":"https:\/\/tiendaflex.ec\/en\/wp-json\/wp\/v2\/media?parent=18699"}],"wp:term":[{"taxonomy":"product_brand","embeddable":true,"href":"https:\/\/tiendaflex.ec\/en\/wp-json\/wp\/v2\/product_brand?post=18699"},{"taxonomy":"product_cat","embeddable":true,"href":"https:\/\/tiendaflex.ec\/en\/wp-json\/wp\/v2\/product_cat?post=18699"},{"taxonomy":"product_tag","embeddable":true,"href":"https:\/\/tiendaflex.ec\/en\/wp-json\/wp\/v2\/product_tag?post=18699"}],"curies":[{"name":"wp","href":"https:\/\/api.w.org\/{rel}","templated":true}]}}