{"id":18685,"date":"2025-05-22T15:05:28","date_gmt":"2025-05-22T20:05:28","guid":{"rendered":"https:\/\/tiendaflex.ec\/?post_type=product&#038;p=18685"},"modified":"2025-05-22T15:05:28","modified_gmt":"2025-05-22T20:05:28","slug":"vita-pillow-almohada","status":"publish","type":"product","link":"https:\/\/tiendaflex.ec\/en\/product\/vita-pillow-almohada\/","title":{"rendered":"VITA PILLOW &#8211; ALMOHADA"},"content":{"rendered":"","protected":false},"excerpt":{"rendered":"<p>\u00a1La soluci\u00f3n ideal para noches m\u00e1s tranquilas y saludables!<\/p>\n<p>Gracias a su tama\u00f1o amplio y su inclinaci\u00f3n ergon\u00f3mica, esta almohada es perfecta para aliviar el reflujo, mejorar la respiraci\u00f3n y brindar un soporte c\u00f3modo para la espalda, cuello y cabeza.\u00bb<\/p>\n<p>\u00ab\u2714\ufe0f Medidas: 78 x 68 x 17 cm<br \/>\n\u2714\ufe0f Dise\u00f1o amplio tipo cu\u00f1a para mayor estabilidad<br \/>\n\u2714\ufe0f Alivio efectivo del reflujo gastroesof\u00e1gico<br \/>\n\u2714\ufe0f Mejora la respiraci\u00f3n y postura al dormir<br \/>\n\u2714\ufe0f Funda removible y lavable<br \/>\n\u2714\ufe0f Tambi\u00e9n \u00fatil como respaldo para leer o ver TV<\/p>\n<p>\ud83d\udcde Cont\u00e1ctanos: +593984123231<\/p>\n<p>\u2728 \u00a1Duerme mejor, vive mejor!<\/p>","protected":false},"featured_media":18665,"comment_status":"open","ping_status":"closed","template":"","meta":{"_acf_changed":false},"product_brand":[],"product_cat":[664],"product_tag":[],"class_list":{"0":"post-18685","1":"product","2":"type-product","3":"status-publish","4":"has-post-thumbnail","6":"product_cat-almohadas","8":"first","9":"instock","10":"sale","11":"taxable","12":"shipping-taxable","13":"purchasable","14":"product-type-simple"},"acf":[],"_links":{"self":[{"href":"https:\/\/tiendaflex.ec\/en\/wp-json\/wp\/v2\/product\/18685","targetHints":{"allow":["GET"]}}],"collection":[{"href":"https:\/\/tiendaflex.ec\/en\/wp-json\/wp\/v2\/product"}],"about":[{"href":"https:\/\/tiendaflex.ec\/en\/wp-json\/wp\/v2\/types\/product"}],"replies":[{"embeddable":true,"href":"https:\/\/tiendaflex.ec\/en\/wp-json\/wp\/v2\/comments?post=18685"}],"version-history":[{"count":2,"href":"https:\/\/tiendaflex.ec\/en\/wp-json\/wp\/v2\/product\/18685\/revisions"}],"predecessor-version":[{"id":18687,"href":"https:\/\/tiendaflex.ec\/en\/wp-json\/wp\/v2\/product\/18685\/revisions\/18687"}],"wp:featuredmedia":[{"embeddable":true,"href":"https:\/\/tiendaflex.ec\/en\/wp-json\/wp\/v2\/media\/18665"}],"wp:attachment":[{"href":"https:\/\/tiendaflex.ec\/en\/wp-json\/wp\/v2\/media?parent=18685"}],"wp:term":[{"taxonomy":"product_brand","embeddable":true,"href":"https:\/\/tiendaflex.ec\/en\/wp-json\/wp\/v2\/product_brand?post=18685"},{"taxonomy":"product_cat","embeddable":true,"href":"https:\/\/tiendaflex.ec\/en\/wp-json\/wp\/v2\/product_cat?post=18685"},{"taxonomy":"product_tag","embeddable":true,"href":"https:\/\/tiendaflex.ec\/en\/wp-json\/wp\/v2\/product_tag?post=18685"}],"curies":[{"name":"wp","href":"https:\/\/api.w.org\/{rel}","templated":true}]}}