{"id":18677,"date":"2025-05-22T14:32:02","date_gmt":"2025-05-22T19:32:02","guid":{"rendered":"https:\/\/tiendaflex.ec\/?post_type=product&#038;p=18677"},"modified":"2025-11-30T23:28:52","modified_gmt":"2025-12-01T04:28:52","slug":"antireflujo-60-almohada","status":"publish","type":"product","link":"https:\/\/tiendaflex.ec\/en\/product\/antireflujo-60-almohada\/","title":{"rendered":"ANTIREFLUJO 60 &#8211; ALMOHADA"},"content":{"rendered":"","protected":false},"excerpt":{"rendered":"<p>\u00a1Descansa con la inclinaci\u00f3n ideal para tu salud!<\/p>\n<p>Esta almohada antireflujo es perfecta para quienes buscan aliviar molestias g\u00e1stricas, mejorar la respiraci\u00f3n y favorecer un descanso reparador. Su dise\u00f1o inclinado tambi\u00e9n es ideal para leer, ver televisi\u00f3n o recuperarte de cirug\u00edas.\u00bb<\/p>\n<p>\u00ab\u2714\ufe0f Medidas: 60 x 40 x 10 cm<br \/>\n\u2714\ufe0f Reduce el reflujo y mejora la digesti\u00f3n<br \/>\n\u2714\ufe0f Favorece la respiraci\u00f3n y circulaci\u00f3n<br \/>\n\u2714\ufe0f Funda removible y lavable<br \/>\n\u2714\ufe0f Espuma firme y confortable<br \/>\n\u2714\ufe0f Ideal para uso en cama o sill\u00f3n<\/p>\n<p>\ud83d\udcde Cont\u00e1ctanos: +593984123231<\/p>\n<p>\u2728 \u00a1Tu descanso merece lo mejor!<\/p>","protected":false},"featured_media":18662,"comment_status":"open","ping_status":"closed","template":"","meta":{"_acf_changed":false},"product_brand":[],"product_cat":[664],"product_tag":[],"class_list":{"0":"post-18677","1":"product","2":"type-product","3":"status-publish","4":"has-post-thumbnail","6":"product_cat-almohadas","8":"first","9":"instock","10":"sale","11":"taxable","12":"shipping-taxable","13":"purchasable","14":"product-type-simple"},"acf":[],"_links":{"self":[{"href":"https:\/\/tiendaflex.ec\/en\/wp-json\/wp\/v2\/product\/18677","targetHints":{"allow":["GET"]}}],"collection":[{"href":"https:\/\/tiendaflex.ec\/en\/wp-json\/wp\/v2\/product"}],"about":[{"href":"https:\/\/tiendaflex.ec\/en\/wp-json\/wp\/v2\/types\/product"}],"replies":[{"embeddable":true,"href":"https:\/\/tiendaflex.ec\/en\/wp-json\/wp\/v2\/comments?post=18677"}],"version-history":[{"count":1,"href":"https:\/\/tiendaflex.ec\/en\/wp-json\/wp\/v2\/product\/18677\/revisions"}],"predecessor-version":[{"id":18678,"href":"https:\/\/tiendaflex.ec\/en\/wp-json\/wp\/v2\/product\/18677\/revisions\/18678"}],"wp:featuredmedia":[{"embeddable":true,"href":"https:\/\/tiendaflex.ec\/en\/wp-json\/wp\/v2\/media\/18662"}],"wp:attachment":[{"href":"https:\/\/tiendaflex.ec\/en\/wp-json\/wp\/v2\/media?parent=18677"}],"wp:term":[{"taxonomy":"product_brand","embeddable":true,"href":"https:\/\/tiendaflex.ec\/en\/wp-json\/wp\/v2\/product_brand?post=18677"},{"taxonomy":"product_cat","embeddable":true,"href":"https:\/\/tiendaflex.ec\/en\/wp-json\/wp\/v2\/product_cat?post=18677"},{"taxonomy":"product_tag","embeddable":true,"href":"https:\/\/tiendaflex.ec\/en\/wp-json\/wp\/v2\/product_tag?post=18677"}],"curies":[{"name":"wp","href":"https:\/\/api.w.org\/{rel}","templated":true}]}}