{"id":18674,"date":"2025-05-22T14:29:04","date_gmt":"2025-05-22T19:29:04","guid":{"rendered":"https:\/\/tiendaflex.ec\/?post_type=product&#038;p=18674"},"modified":"2025-11-30T18:44:13","modified_gmt":"2025-11-30T23:44:13","slug":"antireflujo-70-almohada","status":"publish","type":"product","link":"https:\/\/tiendaflex.ec\/en\/product\/antireflujo-70-almohada\/","title":{"rendered":"ANTIREFLUJO 70 &#8211; ALMOHADA"},"content":{"rendered":"","protected":false},"excerpt":{"rendered":"<p>\u00a1Duerme mejor, respira mejor y despierta con m\u00e1s energ\u00eda!<\/p>\n<p>Dise\u00f1ada especialmente para aliviar el reflujo g\u00e1strico, mejorar la respiraci\u00f3n y brindar un descanso m\u00e1s saludable. Ideal para personas con problemas digestivos, ronquidos o congesti\u00f3n.\u00bb<\/p>\n<p>\u00ab\u2714\ufe0f Medidas: 70 x 40 x 10 cm<br \/>\n\u2714\ufe0f Inclinaci\u00f3n ideal para reducir el reflujo<br \/>\n\u2714\ufe0f Ayuda en la respiraci\u00f3n y circulaci\u00f3n<br \/>\n\u2714\ufe0f Funda removible y lavable<br \/>\n\u2714\ufe0f Material de alta densidad y confort<br \/>\n\u2714\ufe0f Tambi\u00e9n \u00fatil como respaldo para leer o ver TV<\/p>\n<p>\ud83d\udcde Cont\u00e1ctanos: +593984123231<\/p>\n<p>\u2728 \u00a1Cuida tu salud mientras duermes!<\/p>","protected":false},"featured_media":18661,"comment_status":"open","ping_status":"closed","template":"","meta":{"_acf_changed":false},"product_brand":[],"product_cat":[664],"product_tag":[],"class_list":{"0":"post-18674","1":"product","2":"type-product","3":"status-publish","4":"has-post-thumbnail","6":"product_cat-almohadas","8":"first","9":"instock","10":"sale","11":"taxable","12":"shipping-taxable","13":"purchasable","14":"product-type-simple"},"acf":[],"_links":{"self":[{"href":"https:\/\/tiendaflex.ec\/en\/wp-json\/wp\/v2\/product\/18674","targetHints":{"allow":["GET"]}}],"collection":[{"href":"https:\/\/tiendaflex.ec\/en\/wp-json\/wp\/v2\/product"}],"about":[{"href":"https:\/\/tiendaflex.ec\/en\/wp-json\/wp\/v2\/types\/product"}],"replies":[{"embeddable":true,"href":"https:\/\/tiendaflex.ec\/en\/wp-json\/wp\/v2\/comments?post=18674"}],"version-history":[{"count":2,"href":"https:\/\/tiendaflex.ec\/en\/wp-json\/wp\/v2\/product\/18674\/revisions"}],"predecessor-version":[{"id":18676,"href":"https:\/\/tiendaflex.ec\/en\/wp-json\/wp\/v2\/product\/18674\/revisions\/18676"}],"wp:featuredmedia":[{"embeddable":true,"href":"https:\/\/tiendaflex.ec\/en\/wp-json\/wp\/v2\/media\/18661"}],"wp:attachment":[{"href":"https:\/\/tiendaflex.ec\/en\/wp-json\/wp\/v2\/media?parent=18674"}],"wp:term":[{"taxonomy":"product_brand","embeddable":true,"href":"https:\/\/tiendaflex.ec\/en\/wp-json\/wp\/v2\/product_brand?post=18674"},{"taxonomy":"product_cat","embeddable":true,"href":"https:\/\/tiendaflex.ec\/en\/wp-json\/wp\/v2\/product_cat?post=18674"},{"taxonomy":"product_tag","embeddable":true,"href":"https:\/\/tiendaflex.ec\/en\/wp-json\/wp\/v2\/product_tag?post=18674"}],"curies":[{"name":"wp","href":"https:\/\/api.w.org\/{rel}","templated":true}]}}