{"id":18649,"date":"2025-05-21T16:48:58","date_gmt":"2025-05-21T21:48:58","guid":{"rendered":"https:\/\/tiendaflex.ec\/?post_type=product&#038;p=18649"},"modified":"2025-08-13T20:21:50","modified_gmt":"2025-08-14T01:21:50","slug":"msi-optix-g273-monitor-gamer-27-fhd-165hz-1ms","status":"publish","type":"product","link":"https:\/\/tiendaflex.ec\/en\/product\/msi-optix-g273-monitor-gamer-27-fhd-165hz-1ms\/","title":{"rendered":"MSI OPTIX G273 &#8211; MONITOR GAMER \u2013 27\u201d FHD | 165Hz | 1ms"},"content":{"rendered":"","protected":false},"excerpt":{"rendered":"<p>\u00a1Dise\u00f1ado para la victoria! Sum\u00e9rgete en cada partida con fluidez extrema y detalles n\u00edtidos, perfecto para gamers exigentes.<\/p>\n<p>\u2728 Caracter\u00edsticas destacadas:<br \/>\n\u2714\ufe0f Pantalla IPS de 27&#8243;\u00bb Full HD (1920 x 1080)<br \/>\n\u2714\ufe0f 165Hz de tasa de refresco para una experiencia ultra fluida<br \/>\n\u2714\ufe0f 1ms de tiempo de respuesta para acci\u00f3n sin desenfoque<br \/>\n\u2714\ufe0f Compatible con NVIDIA G-SYNC<br \/>\n\u2714\ufe0f Relaci\u00f3n de aspecto 16:9 con superficie brillante<br \/>\n\u2714\ufe0f Incluye cable HDMI<\/p>\n<p>\ud83d\udcde Cont\u00e1ctanos: +593984123231<\/p>\n<p>\u26a1 Disfruta tus juegos con fluidez y precisi\u00f3n profesional.<\/p>","protected":false},"featured_media":18582,"comment_status":"open","ping_status":"closed","template":"","meta":{"_acf_changed":false},"product_brand":[],"product_cat":[700,633],"product_tag":[],"class_list":{"0":"post-18649","1":"product","2":"type-product","3":"status-publish","4":"has-post-thumbnail","6":"product_cat-monitores","7":"product_cat-tecnologia","9":"first","10":"instock","11":"sale","12":"taxable","13":"shipping-taxable","14":"purchasable","15":"product-type-simple"},"acf":[],"_links":{"self":[{"href":"https:\/\/tiendaflex.ec\/en\/wp-json\/wp\/v2\/product\/18649","targetHints":{"allow":["GET"]}}],"collection":[{"href":"https:\/\/tiendaflex.ec\/en\/wp-json\/wp\/v2\/product"}],"about":[{"href":"https:\/\/tiendaflex.ec\/en\/wp-json\/wp\/v2\/types\/product"}],"replies":[{"embeddable":true,"href":"https:\/\/tiendaflex.ec\/en\/wp-json\/wp\/v2\/comments?post=18649"}],"version-history":[{"count":2,"href":"https:\/\/tiendaflex.ec\/en\/wp-json\/wp\/v2\/product\/18649\/revisions"}],"predecessor-version":[{"id":18651,"href":"https:\/\/tiendaflex.ec\/en\/wp-json\/wp\/v2\/product\/18649\/revisions\/18651"}],"wp:featuredmedia":[{"embeddable":true,"href":"https:\/\/tiendaflex.ec\/en\/wp-json\/wp\/v2\/media\/18582"}],"wp:attachment":[{"href":"https:\/\/tiendaflex.ec\/en\/wp-json\/wp\/v2\/media?parent=18649"}],"wp:term":[{"taxonomy":"product_brand","embeddable":true,"href":"https:\/\/tiendaflex.ec\/en\/wp-json\/wp\/v2\/product_brand?post=18649"},{"taxonomy":"product_cat","embeddable":true,"href":"https:\/\/tiendaflex.ec\/en\/wp-json\/wp\/v2\/product_cat?post=18649"},{"taxonomy":"product_tag","embeddable":true,"href":"https:\/\/tiendaflex.ec\/en\/wp-json\/wp\/v2\/product_tag?post=18649"}],"curies":[{"name":"wp","href":"https:\/\/api.w.org\/{rel}","templated":true}]}}