{"id":18646,"date":"2025-05-21T16:44:41","date_gmt":"2025-05-21T21:44:41","guid":{"rendered":"https:\/\/tiendaflex.ec\/?post_type=product&#038;p=18646"},"modified":"2025-09-10T14:39:41","modified_gmt":"2025-09-10T19:39:41","slug":"g27-20-27-monitor-gamer-lenovo-fhd-144hz-1ms","status":"publish","type":"product","link":"https:\/\/tiendaflex.ec\/en\/product\/g27-20-27-monitor-gamer-lenovo-fhd-144hz-1ms\/","title":{"rendered":"G27-20 \u2013 27&#8243; &#8211; MONITOR GAMER LENOVO FHD, 144Hz, 1ms"},"content":{"rendered":"","protected":false},"excerpt":{"rendered":"<p>\u00a1Experimenta el juego como nunca antes! Con una imagen fluida, colores vibrantes y dise\u00f1o elegante, este monitor est\u00e1 dise\u00f1ado para llevar tu experiencia al siguiente nivel.<\/p>\n<p>\u2728 Caracter\u00edsticas destacadas:<br \/>\n\u2714\ufe0f Pantalla IPS de 27&#8243;\u00bb Full HD (1920 x 1080)<br \/>\n\u2714\ufe0f 144Hz de refresco + 1ms MPRT para movimientos ultra fluidos<br \/>\n\u2714\ufe0f Compatible con FreeSync Premium y NVIDIA G-SYNC<br \/>\n\u2714\ufe0f Dise\u00f1o NearEdgeless (bordes ultradelgados en 3 lados)<br \/>\n\u2714\ufe0f Montaje VESA y soporte ajustable en altura e inclinaci\u00f3n (-5\u00b0 a 22\u00b0)<br \/>\n\u2714\ufe0f Conectividad: HDMI 1.4 y DisplayPort 1.2<\/p>\n<p>\ud83d\udcde Cont\u00e1ctanos: +593984123231<\/p>","protected":false},"featured_media":18581,"comment_status":"open","ping_status":"closed","template":"","meta":{"_acf_changed":false},"product_brand":[],"product_cat":[700,633],"product_tag":[],"class_list":{"0":"post-18646","1":"product","2":"type-product","3":"status-publish","4":"has-post-thumbnail","6":"product_cat-monitores","7":"product_cat-tecnologia","9":"first","10":"outofstock","11":"sale","12":"taxable","13":"shipping-taxable","14":"purchasable","15":"product-type-simple"},"acf":[],"_links":{"self":[{"href":"https:\/\/tiendaflex.ec\/en\/wp-json\/wp\/v2\/product\/18646","targetHints":{"allow":["GET"]}}],"collection":[{"href":"https:\/\/tiendaflex.ec\/en\/wp-json\/wp\/v2\/product"}],"about":[{"href":"https:\/\/tiendaflex.ec\/en\/wp-json\/wp\/v2\/types\/product"}],"replies":[{"embeddable":true,"href":"https:\/\/tiendaflex.ec\/en\/wp-json\/wp\/v2\/comments?post=18646"}],"version-history":[{"count":2,"href":"https:\/\/tiendaflex.ec\/en\/wp-json\/wp\/v2\/product\/18646\/revisions"}],"predecessor-version":[{"id":18648,"href":"https:\/\/tiendaflex.ec\/en\/wp-json\/wp\/v2\/product\/18646\/revisions\/18648"}],"wp:featuredmedia":[{"embeddable":true,"href":"https:\/\/tiendaflex.ec\/en\/wp-json\/wp\/v2\/media\/18581"}],"wp:attachment":[{"href":"https:\/\/tiendaflex.ec\/en\/wp-json\/wp\/v2\/media?parent=18646"}],"wp:term":[{"taxonomy":"product_brand","embeddable":true,"href":"https:\/\/tiendaflex.ec\/en\/wp-json\/wp\/v2\/product_brand?post=18646"},{"taxonomy":"product_cat","embeddable":true,"href":"https:\/\/tiendaflex.ec\/en\/wp-json\/wp\/v2\/product_cat?post=18646"},{"taxonomy":"product_tag","embeddable":true,"href":"https:\/\/tiendaflex.ec\/en\/wp-json\/wp\/v2\/product_tag?post=18646"}],"curies":[{"name":"wp","href":"https:\/\/api.w.org\/{rel}","templated":true}]}}