{"id":18605,"date":"2025-05-21T16:04:51","date_gmt":"2025-05-21T21:04:51","guid":{"rendered":"https:\/\/tiendaflex.ec\/?post_type=product&#038;p=18605"},"modified":"2025-05-21T16:04:51","modified_gmt":"2025-05-21T21:04:51","slug":"plumon-sensacion-pluma","status":"publish","type":"product","link":"https:\/\/tiendaflex.ec\/en\/product\/plumon-sensacion-pluma\/","title":{"rendered":"PLUM\u00d3N SENSACI\u00d3N PLUMA"},"content":{"rendered":"","protected":false},"excerpt":{"rendered":"<p>\u00a1La comodidad de un hotel 5 estrellas en tu cama! Este plum\u00f3n te envuelve con una sensaci\u00f3n a pluma de ganso, brindando abrigo y suavidad sin igual. Ideal para noches fr\u00edas o para quienes aman sentirse arropados y livianos a la vez.<\/p>\n<p>\u2728 Caracter\u00edsticas destacadas:<br \/>\n\u2714\ufe0f Relleno: 100% fibra de poli\u00e9ster (simula pluma de ganso)<br \/>\n\u2714\ufe0f Forro: 100% algod\u00f3n \u2013 233 hilos (suave y respirable)<br \/>\n\u2714\ufe0f Grosor: 4 cm<br \/>\n\u2714\ufe0f Incluye ligas esquineras para sujetar al duvet<br \/>\n\u2714\ufe0f Ideal para todo tipo de clima<\/p>\n<p>\ud83d\udcde Cont\u00e1ctanos: +593984123231<\/p>\n<p>\u2744\ufe0f Duerme abrigado, despierta renovado.<\/p>","protected":false},"featured_media":18587,"comment_status":"open","ping_status":"closed","template":"","meta":{"_acf_changed":false},"product_brand":[],"product_cat":[643,642],"product_tag":[],"class_list":{"0":"post-18605","1":"product","2":"type-product","3":"status-publish","4":"has-post-thumbnail","6":"product_cat-edredones","7":"product_cat-ropa-de-cama","9":"first","10":"instock","11":"sale","12":"taxable","13":"shipping-taxable","14":"purchasable","15":"product-type-variable"},"acf":[],"_links":{"self":[{"href":"https:\/\/tiendaflex.ec\/en\/wp-json\/wp\/v2\/product\/18605","targetHints":{"allow":["GET"]}}],"collection":[{"href":"https:\/\/tiendaflex.ec\/en\/wp-json\/wp\/v2\/product"}],"about":[{"href":"https:\/\/tiendaflex.ec\/en\/wp-json\/wp\/v2\/types\/product"}],"replies":[{"embeddable":true,"href":"https:\/\/tiendaflex.ec\/en\/wp-json\/wp\/v2\/comments?post=18605"}],"version-history":[{"count":2,"href":"https:\/\/tiendaflex.ec\/en\/wp-json\/wp\/v2\/product\/18605\/revisions"}],"predecessor-version":[{"id":18611,"href":"https:\/\/tiendaflex.ec\/en\/wp-json\/wp\/v2\/product\/18605\/revisions\/18611"}],"wp:featuredmedia":[{"embeddable":true,"href":"https:\/\/tiendaflex.ec\/en\/wp-json\/wp\/v2\/media\/18587"}],"wp:attachment":[{"href":"https:\/\/tiendaflex.ec\/en\/wp-json\/wp\/v2\/media?parent=18605"}],"wp:term":[{"taxonomy":"product_brand","embeddable":true,"href":"https:\/\/tiendaflex.ec\/en\/wp-json\/wp\/v2\/product_brand?post=18605"},{"taxonomy":"product_cat","embeddable":true,"href":"https:\/\/tiendaflex.ec\/en\/wp-json\/wp\/v2\/product_cat?post=18605"},{"taxonomy":"product_tag","embeddable":true,"href":"https:\/\/tiendaflex.ec\/en\/wp-json\/wp\/v2\/product_tag?post=18605"}],"curies":[{"name":"wp","href":"https:\/\/api.w.org\/{rel}","templated":true}]}}