{"id":18525,"date":"2025-05-20T22:15:08","date_gmt":"2025-05-21T03:15:08","guid":{"rendered":"https:\/\/tiendaflex.ec\/?post_type=product&#038;p=18525"},"modified":"2025-05-20T22:15:08","modified_gmt":"2025-05-21T03:15:08","slug":"nacar","status":"publish","type":"product","link":"https:\/\/tiendaflex.ec\/en\/product\/nacar\/","title":{"rendered":"N\u00c1CAR"},"content":{"rendered":"","protected":false},"excerpt":{"rendered":"<p>Renueva tu cama con el confort y la elegancia que solo las s\u00e1banas N\u00c1CAR pueden ofrecerte. \u00a1Perfectas para un descanso placentero en cualquier temporada!<\/p>\n<p>\ud83d\udd0d Caracter\u00edsticas destacadas:<\/p>\n<p>\u2714\ufe0f Textura suave al tacto<\/p>\n<p>\u2714\ufe0f Fresca, ligera y de f\u00e1cil mantenimiento<\/p>\n<p>\u2714\ufe0f Ideal para uso diario<\/p>\n<p>\u2714\ufe0f Variedad de tama\u00f1os disponibles<\/p>\n<p>\u2714\ufe0f Dise\u00f1ada para ajustarse c\u00f3modamente al colch\u00f3n<\/p>\n<p>\ud83d\udcde Cont\u00e1ctanos: +593984123231<\/p>\n<p>\ud83e\uddfa \u00a1Descansa mejor con la frescura de N\u00c1CAR!<\/p>","protected":false},"featured_media":18494,"comment_status":"open","ping_status":"closed","template":"","meta":{"_acf_changed":false},"product_brand":[],"product_cat":[642,637],"product_tag":[],"class_list":{"0":"post-18525","1":"product","2":"type-product","3":"status-publish","4":"has-post-thumbnail","6":"product_cat-ropa-de-cama","7":"product_cat-sabanas","9":"first","10":"instock","11":"sale","12":"taxable","13":"shipping-taxable","14":"purchasable","15":"product-type-variable"},"acf":[],"_links":{"self":[{"href":"https:\/\/tiendaflex.ec\/en\/wp-json\/wp\/v2\/product\/18525","targetHints":{"allow":["GET"]}}],"collection":[{"href":"https:\/\/tiendaflex.ec\/en\/wp-json\/wp\/v2\/product"}],"about":[{"href":"https:\/\/tiendaflex.ec\/en\/wp-json\/wp\/v2\/types\/product"}],"replies":[{"embeddable":true,"href":"https:\/\/tiendaflex.ec\/en\/wp-json\/wp\/v2\/comments?post=18525"}],"version-history":[{"count":2,"href":"https:\/\/tiendaflex.ec\/en\/wp-json\/wp\/v2\/product\/18525\/revisions"}],"predecessor-version":[{"id":18532,"href":"https:\/\/tiendaflex.ec\/en\/wp-json\/wp\/v2\/product\/18525\/revisions\/18532"}],"wp:featuredmedia":[{"embeddable":true,"href":"https:\/\/tiendaflex.ec\/en\/wp-json\/wp\/v2\/media\/18494"}],"wp:attachment":[{"href":"https:\/\/tiendaflex.ec\/en\/wp-json\/wp\/v2\/media?parent=18525"}],"wp:term":[{"taxonomy":"product_brand","embeddable":true,"href":"https:\/\/tiendaflex.ec\/en\/wp-json\/wp\/v2\/product_brand?post=18525"},{"taxonomy":"product_cat","embeddable":true,"href":"https:\/\/tiendaflex.ec\/en\/wp-json\/wp\/v2\/product_cat?post=18525"},{"taxonomy":"product_tag","embeddable":true,"href":"https:\/\/tiendaflex.ec\/en\/wp-json\/wp\/v2\/product_tag?post=18525"}],"curies":[{"name":"wp","href":"https:\/\/api.w.org\/{rel}","templated":true}]}}