{"id":18456,"date":"2025-05-19T17:23:13","date_gmt":"2025-05-19T22:23:13","guid":{"rendered":"https:\/\/tiendaflex.ec\/?post_type=product&#038;p=18456"},"modified":"2025-05-19T17:23:13","modified_gmt":"2025-05-19T22:23:13","slug":"fiore-sabanas","status":"publish","type":"product","link":"https:\/\/tiendaflex.ec\/en\/product\/fiore-sabanas\/","title":{"rendered":"FIORE- S\u00c1BANAS"},"content":{"rendered":"","protected":false},"excerpt":{"rendered":"<p>Disfruta de noches m\u00e1s c\u00f3modas con el tacto suave y fresco de estas s\u00e1banas 100% calidad.\u00bb<\/p>\n<p>\u00ab\ud83c\udfa8 Colores disponibles: Elige el tono que combine con tu estilo.<br \/>\n\ud83c\udf1f 200 hilos de suavidad premium<br \/>\n\ud83d\udca4 Textura fresca, resistente y duradera<\/p>\n<p>\ud83d\udcde Cont\u00e1ctanos: +593984123231<\/p>\n<p>\ud83d\udcab Dale a tu descanso el toque de lujo que se merece<\/p>","protected":false},"featured_media":18423,"comment_status":"open","ping_status":"closed","template":"","meta":{"_acf_changed":false},"product_brand":[],"product_cat":[642,637],"product_tag":[],"class_list":{"0":"post-18456","1":"product","2":"type-product","3":"status-publish","4":"has-post-thumbnail","6":"product_cat-ropa-de-cama","7":"product_cat-sabanas","9":"first","10":"instock","11":"sale","12":"taxable","13":"shipping-taxable","14":"purchasable","15":"product-type-variable"},"acf":[],"_links":{"self":[{"href":"https:\/\/tiendaflex.ec\/en\/wp-json\/wp\/v2\/product\/18456","targetHints":{"allow":["GET"]}}],"collection":[{"href":"https:\/\/tiendaflex.ec\/en\/wp-json\/wp\/v2\/product"}],"about":[{"href":"https:\/\/tiendaflex.ec\/en\/wp-json\/wp\/v2\/types\/product"}],"replies":[{"embeddable":true,"href":"https:\/\/tiendaflex.ec\/en\/wp-json\/wp\/v2\/comments?post=18456"}],"version-history":[{"count":2,"href":"https:\/\/tiendaflex.ec\/en\/wp-json\/wp\/v2\/product\/18456\/revisions"}],"predecessor-version":[{"id":18460,"href":"https:\/\/tiendaflex.ec\/en\/wp-json\/wp\/v2\/product\/18456\/revisions\/18460"}],"wp:featuredmedia":[{"embeddable":true,"href":"https:\/\/tiendaflex.ec\/en\/wp-json\/wp\/v2\/media\/18423"}],"wp:attachment":[{"href":"https:\/\/tiendaflex.ec\/en\/wp-json\/wp\/v2\/media?parent=18456"}],"wp:term":[{"taxonomy":"product_brand","embeddable":true,"href":"https:\/\/tiendaflex.ec\/en\/wp-json\/wp\/v2\/product_brand?post=18456"},{"taxonomy":"product_cat","embeddable":true,"href":"https:\/\/tiendaflex.ec\/en\/wp-json\/wp\/v2\/product_cat?post=18456"},{"taxonomy":"product_tag","embeddable":true,"href":"https:\/\/tiendaflex.ec\/en\/wp-json\/wp\/v2\/product_tag?post=18456"}],"curies":[{"name":"wp","href":"https:\/\/api.w.org\/{rel}","templated":true}]}}