{"id":18441,"date":"2025-05-19T17:03:38","date_gmt":"2025-05-19T22:03:38","guid":{"rendered":"https:\/\/tiendaflex.ec\/?post_type=product&#038;p=18441"},"modified":"2025-05-19T17:03:38","modified_gmt":"2025-05-19T22:03:38","slug":"base-alternativa","status":"publish","type":"product","link":"https:\/\/tiendaflex.ec\/en\/product\/base-alternativa\/","title":{"rendered":"BASE ALTERNATIVA"},"content":{"rendered":"","protected":false},"excerpt":{"rendered":"<p>Complementa tu colch\u00f3n con una base firme, resistente y de dise\u00f1o minimalista. Ideal para mantener la estabilidad y prolongar la vida \u00fatil de tu colch\u00f3n.\u00bb<\/p>\n<p>\u00ab\ud83d\udd39 Caracter\u00edsticas principales:<br \/>\n\u2714\ufe0f Estructura de soporte resistente<br \/>\n\u2714\ufe0f Altura: 29 cm<br \/>\n\u2714\ufe0f F\u00e1cil de limpiar<br \/>\n\u2714\ufe0f Ideal para todo tipo de colchones<br \/>\n\u2714\ufe0f Dise\u00f1o compacto y funcional<\/p>\n<p>\ud83d\udcde Cont\u00e1ctanos: +593984123231<\/p>\n<p>\ud83d\udee0\ufe0f Base firme, descanso seguro.<\/p>","protected":false},"featured_media":18419,"comment_status":"open","ping_status":"closed","template":"","meta":{"_acf_changed":false},"product_brand":[],"product_cat":[577,542],"product_tag":[],"class_list":{"0":"post-18441","1":"product","2":"type-product","3":"status-publish","4":"has-post-thumbnail","6":"product_cat-bases-de-cama","7":"product_cat-muebles","9":"first","10":"instock","11":"sale","12":"taxable","13":"shipping-taxable","14":"purchasable","15":"product-type-variable"},"acf":[],"_links":{"self":[{"href":"https:\/\/tiendaflex.ec\/en\/wp-json\/wp\/v2\/product\/18441","targetHints":{"allow":["GET"]}}],"collection":[{"href":"https:\/\/tiendaflex.ec\/en\/wp-json\/wp\/v2\/product"}],"about":[{"href":"https:\/\/tiendaflex.ec\/en\/wp-json\/wp\/v2\/types\/product"}],"replies":[{"embeddable":true,"href":"https:\/\/tiendaflex.ec\/en\/wp-json\/wp\/v2\/comments?post=18441"}],"version-history":[{"count":2,"href":"https:\/\/tiendaflex.ec\/en\/wp-json\/wp\/v2\/product\/18441\/revisions"}],"predecessor-version":[{"id":18445,"href":"https:\/\/tiendaflex.ec\/en\/wp-json\/wp\/v2\/product\/18441\/revisions\/18445"}],"wp:featuredmedia":[{"embeddable":true,"href":"https:\/\/tiendaflex.ec\/en\/wp-json\/wp\/v2\/media\/18419"}],"wp:attachment":[{"href":"https:\/\/tiendaflex.ec\/en\/wp-json\/wp\/v2\/media?parent=18441"}],"wp:term":[{"taxonomy":"product_brand","embeddable":true,"href":"https:\/\/tiendaflex.ec\/en\/wp-json\/wp\/v2\/product_brand?post=18441"},{"taxonomy":"product_cat","embeddable":true,"href":"https:\/\/tiendaflex.ec\/en\/wp-json\/wp\/v2\/product_cat?post=18441"},{"taxonomy":"product_tag","embeddable":true,"href":"https:\/\/tiendaflex.ec\/en\/wp-json\/wp\/v2\/product_tag?post=18441"}],"curies":[{"name":"wp","href":"https:\/\/api.w.org\/{rel}","templated":true}]}}