{"id":18406,"date":"2025-05-16T22:23:35","date_gmt":"2025-05-17T03:23:35","guid":{"rendered":"https:\/\/tiendaflex.ec\/?post_type=product&#038;p=18406"},"modified":"2025-09-10T14:16:06","modified_gmt":"2025-09-10T19:16:06","slug":"%f0%9f%8e%ac-amazon-fire-tv-stick-4k-2da-gen","status":"publish","type":"product","link":"https:\/\/tiendaflex.ec\/en\/product\/%f0%9f%8e%ac-amazon-fire-tv-stick-4k-2da-gen\/","title":{"rendered":"AMAZON FIRE TV STICK 4K (2da Gen)"},"content":{"rendered":"","protected":false},"excerpt":{"rendered":"<p>Disfruta de tus series, pel\u00edculas y plataformas favoritas en ultra alta definici\u00f3n. \u00a1Solo con\u00e9ctalo al puerto HDMI de tu TV y prep\u00e1rate para el streaming sin l\u00edmites! Ideal para transformar cualquier pantalla en un centro de entretenimiento inteligente, con control remoto por voz Alexa.<\/p>\n<p>\u2714\ufe0f Calidad de imagen 4K Ultra HD<br \/>\n\u2714\ufe0f Compatible con Wi-Fi 6 (requiere router Wi-Fi 6)<br \/>\n\u2714\ufe0f Incluye control remoto Alexa (3ra Gen)<br \/>\n\u2714\ufe0f Transmite Netflix, Prime Video, YouTube, Disney+, y m\u00e1s<br \/>\n\u2714\ufe0f F\u00e1cil instalaci\u00f3n y uso<br \/>\n\u2714\ufe0f Ideal para hogar, oficina o viajes<\/p>\n<p>\ud83d\udce6 Contenido del empaque:<\/p>\n<p>Fire TV Stick 4K<\/p>\n<p>Cable HDMI<\/p>\n<p>Adaptador de corriente<\/p>\n<p>Cable USB<\/p>\n<p>2 pilas AAA<\/p>\n<p>Control remoto (3ra Gen)<\/p>\n<p>Manual<\/p>\n<p>\ud83d\udcf1 Cont\u00e1ctanos al: +593984123231<\/p>\n<p>\ud83d\ude80 \u00a1Transforma tu forma de ver televisi\u00f3n en segundos!<\/p>","protected":false},"featured_media":18360,"comment_status":"open","ping_status":"closed","template":"","meta":{"_acf_changed":false},"product_brand":[],"product_cat":[669,549],"product_tag":[],"class_list":{"0":"post-18406","1":"product","2":"type-product","3":"status-publish","4":"has-post-thumbnail","6":"product_cat-dispositivos-de-streaming","7":"product_cat-electrodomesticos","9":"first","10":"instock","11":"sale","12":"taxable","13":"shipping-taxable","14":"purchasable","15":"product-type-simple"},"acf":[],"_links":{"self":[{"href":"https:\/\/tiendaflex.ec\/en\/wp-json\/wp\/v2\/product\/18406","targetHints":{"allow":["GET"]}}],"collection":[{"href":"https:\/\/tiendaflex.ec\/en\/wp-json\/wp\/v2\/product"}],"about":[{"href":"https:\/\/tiendaflex.ec\/en\/wp-json\/wp\/v2\/types\/product"}],"replies":[{"embeddable":true,"href":"https:\/\/tiendaflex.ec\/en\/wp-json\/wp\/v2\/comments?post=18406"}],"version-history":[{"count":2,"href":"https:\/\/tiendaflex.ec\/en\/wp-json\/wp\/v2\/product\/18406\/revisions"}],"predecessor-version":[{"id":18408,"href":"https:\/\/tiendaflex.ec\/en\/wp-json\/wp\/v2\/product\/18406\/revisions\/18408"}],"wp:featuredmedia":[{"embeddable":true,"href":"https:\/\/tiendaflex.ec\/en\/wp-json\/wp\/v2\/media\/18360"}],"wp:attachment":[{"href":"https:\/\/tiendaflex.ec\/en\/wp-json\/wp\/v2\/media?parent=18406"}],"wp:term":[{"taxonomy":"product_brand","embeddable":true,"href":"https:\/\/tiendaflex.ec\/en\/wp-json\/wp\/v2\/product_brand?post=18406"},{"taxonomy":"product_cat","embeddable":true,"href":"https:\/\/tiendaflex.ec\/en\/wp-json\/wp\/v2\/product_cat?post=18406"},{"taxonomy":"product_tag","embeddable":true,"href":"https:\/\/tiendaflex.ec\/en\/wp-json\/wp\/v2\/product_tag?post=18406"}],"curies":[{"name":"wp","href":"https:\/\/api.w.org\/{rel}","templated":true}]}}