{"id":18400,"date":"2025-05-16T22:15:42","date_gmt":"2025-05-17T03:15:42","guid":{"rendered":"https:\/\/tiendaflex.ec\/?post_type=product&#038;p=18400"},"modified":"2025-09-10T14:07:51","modified_gmt":"2025-09-10T19:07:51","slug":"amazon-echo-show-8-3a-gen","status":"publish","type":"product","link":"https:\/\/tiendaflex.ec\/en\/product\/amazon-echo-show-8-3a-gen\/","title":{"rendered":"Amazon Echo Show 8 (3\u00aa Gen)"},"content":{"rendered":"","protected":false},"excerpt":{"rendered":"<p>\u00a1Tu asistente inteligente con pantalla HD m\u00e1s completo que nunca! Disfruta de videollamadas, m\u00fasica, control del hogar y mucho m\u00e1s, todo en un solo dispositivo.<\/p>\n<p>\ud83d\udd39 Caracter\u00edsticas destacadas:<br \/>\n\u2714\ufe0f Pantalla t\u00e1ctil HD de 8 pulgadas<br \/>\n\u2714\ufe0f C\u00e1mara de 13 MP para videollamadas n\u00edtidas<br \/>\n\u2714\ufe0f Procesador Octa-Core para un rendimiento fluido<br \/>\n\u2714\ufe0f Wi-Fi de doble banda<br \/>\n\u2714\ufe0f Funciones de accesibilidad adaptativa con Alexa<br \/>\n\u2714\ufe0f 3\u00aa Generaci\u00f3n \u2013 Modelo m\u00e1s reciente<br \/>\n\u2714\ufe0f Marca: Amazon<\/p>\n<p>\ud83d\udce6 Contenido de la caja:<br \/>\n\ud83d\udd0c 1 Echo Show 8 (3\u00aa generaci\u00f3n)<br \/>\n\u26a1 1 adaptador de corriente de 30W<br \/>\n\ud83d\udd17 1 cable de 1,5 m<br \/>\n\ud83d\udcd8 1 gu\u00eda de inicio r\u00e1pido<\/p>\n<p>\ud83d\udcde Cont\u00e1ctanos: +593984123231<\/p>\n<p>\ud83c\udfa5\ud83c\udfb6 Perfecto para videollamadas, entretenimiento y controlar tu hogar. \u00a1Un Echo m\u00e1s inteligente y m\u00e1s potente!<\/p>","protected":false},"featured_media":18358,"comment_status":"open","ping_status":"closed","template":"","meta":{"_acf_changed":false},"product_brand":[],"product_cat":[666,549],"product_tag":[],"class_list":{"0":"post-18400","1":"product","2":"type-product","3":"status-publish","4":"has-post-thumbnail","6":"product_cat-asistentes-virtuales","7":"product_cat-electrodomesticos","9":"first","10":"outofstock","11":"sale","12":"taxable","13":"shipping-taxable","14":"purchasable","15":"product-type-simple"},"acf":[],"_links":{"self":[{"href":"https:\/\/tiendaflex.ec\/en\/wp-json\/wp\/v2\/product\/18400","targetHints":{"allow":["GET"]}}],"collection":[{"href":"https:\/\/tiendaflex.ec\/en\/wp-json\/wp\/v2\/product"}],"about":[{"href":"https:\/\/tiendaflex.ec\/en\/wp-json\/wp\/v2\/types\/product"}],"replies":[{"embeddable":true,"href":"https:\/\/tiendaflex.ec\/en\/wp-json\/wp\/v2\/comments?post=18400"}],"version-history":[{"count":1,"href":"https:\/\/tiendaflex.ec\/en\/wp-json\/wp\/v2\/product\/18400\/revisions"}],"predecessor-version":[{"id":18401,"href":"https:\/\/tiendaflex.ec\/en\/wp-json\/wp\/v2\/product\/18400\/revisions\/18401"}],"wp:featuredmedia":[{"embeddable":true,"href":"https:\/\/tiendaflex.ec\/en\/wp-json\/wp\/v2\/media\/18358"}],"wp:attachment":[{"href":"https:\/\/tiendaflex.ec\/en\/wp-json\/wp\/v2\/media?parent=18400"}],"wp:term":[{"taxonomy":"product_brand","embeddable":true,"href":"https:\/\/tiendaflex.ec\/en\/wp-json\/wp\/v2\/product_brand?post=18400"},{"taxonomy":"product_cat","embeddable":true,"href":"https:\/\/tiendaflex.ec\/en\/wp-json\/wp\/v2\/product_cat?post=18400"},{"taxonomy":"product_tag","embeddable":true,"href":"https:\/\/tiendaflex.ec\/en\/wp-json\/wp\/v2\/product_tag?post=18400"}],"curies":[{"name":"wp","href":"https:\/\/api.w.org\/{rel}","templated":true}]}}