{"id":18391,"date":"2025-05-16T22:06:18","date_gmt":"2025-05-17T03:06:18","guid":{"rendered":"https:\/\/tiendaflex.ec\/?post_type=product&#038;p=18391"},"modified":"2025-09-10T14:01:22","modified_gmt":"2025-09-10T19:01:22","slug":"amazon-echo-pop-1a-gen","status":"publish","type":"product","link":"https:\/\/tiendaflex.ec\/en\/product\/amazon-echo-pop-1a-gen\/","title":{"rendered":"Amazon Echo Pop 1\u00aa Gen"},"content":{"rendered":"","protected":false},"excerpt":{"rendered":"<p>Un parlante inteligente que se adapta a tu espacio y estilo. \u00a1El tama\u00f1o perfecto para cualquier rinc\u00f3n de tu hogar!<\/p>\n<p>\ud83c\udf00 Caracter\u00edsticas destacadas:<br \/>\n\u2714\ufe0f Dise\u00f1o semiesf\u00e9rico moderno y compacto<br \/>\n\u2714\ufe0f Sonido definido con control por voz<br \/>\n\u2714\ufe0f Asistente Alexa incorporada<br \/>\n\u2714\ufe0f Conectividad Wi-Fi para una experiencia fluida<br \/>\n\u2714\ufe0f Ideal para habitaciones peque\u00f1as o escritorios<br \/>\n\u2714\ufe0f Disponible en varios colores para que combines a tu gusto<br \/>\n\u2714\ufe0f Primera Generaci\u00f3n \u2013 Marca Amazon<\/p>\n<p>\ud83d\udcde Cont\u00e1ctanos: +593984123231<\/p>\n<p>\ud83c\udfb6 Haz m\u00e1s con tu voz. M\u00fasica, clima, recordatorios y m\u00e1s con solo decir \u201cAlexa&#8230;\u201d<\/p>","protected":false},"featured_media":18355,"comment_status":"open","ping_status":"closed","template":"","meta":{"_acf_changed":false},"product_brand":[],"product_cat":[666,549],"product_tag":[],"class_list":{"0":"post-18391","1":"product","2":"type-product","3":"status-publish","4":"has-post-thumbnail","6":"product_cat-asistentes-virtuales","7":"product_cat-electrodomesticos","9":"first","10":"instock","11":"sale","12":"taxable","13":"shipping-taxable","14":"purchasable","15":"product-type-simple"},"acf":[],"_links":{"self":[{"href":"https:\/\/tiendaflex.ec\/en\/wp-json\/wp\/v2\/product\/18391","targetHints":{"allow":["GET"]}}],"collection":[{"href":"https:\/\/tiendaflex.ec\/en\/wp-json\/wp\/v2\/product"}],"about":[{"href":"https:\/\/tiendaflex.ec\/en\/wp-json\/wp\/v2\/types\/product"}],"replies":[{"embeddable":true,"href":"https:\/\/tiendaflex.ec\/en\/wp-json\/wp\/v2\/comments?post=18391"}],"version-history":[{"count":1,"href":"https:\/\/tiendaflex.ec\/en\/wp-json\/wp\/v2\/product\/18391\/revisions"}],"predecessor-version":[{"id":18392,"href":"https:\/\/tiendaflex.ec\/en\/wp-json\/wp\/v2\/product\/18391\/revisions\/18392"}],"wp:featuredmedia":[{"embeddable":true,"href":"https:\/\/tiendaflex.ec\/en\/wp-json\/wp\/v2\/media\/18355"}],"wp:attachment":[{"href":"https:\/\/tiendaflex.ec\/en\/wp-json\/wp\/v2\/media?parent=18391"}],"wp:term":[{"taxonomy":"product_brand","embeddable":true,"href":"https:\/\/tiendaflex.ec\/en\/wp-json\/wp\/v2\/product_brand?post=18391"},{"taxonomy":"product_cat","embeddable":true,"href":"https:\/\/tiendaflex.ec\/en\/wp-json\/wp\/v2\/product_cat?post=18391"},{"taxonomy":"product_tag","embeddable":true,"href":"https:\/\/tiendaflex.ec\/en\/wp-json\/wp\/v2\/product_tag?post=18391"}],"curies":[{"name":"wp","href":"https:\/\/api.w.org\/{rel}","templated":true}]}}