{"id":18385,"date":"2025-05-16T21:57:33","date_gmt":"2025-05-17T02:57:33","guid":{"rendered":"https:\/\/tiendaflex.ec\/?post_type=product&#038;p=18385"},"modified":"2025-09-10T13:21:19","modified_gmt":"2025-09-10T18:21:19","slug":"amazon-echo-4a-gen-hub-inteligente-con-alexa","status":"publish","type":"product","link":"https:\/\/tiendaflex.ec\/en\/product\/amazon-echo-4a-gen-hub-inteligente-con-alexa\/","title":{"rendered":"Amazon Echo 4\u00aa Gen \u2013 Hub Inteligente con Alexa"},"content":{"rendered":"","protected":false},"excerpt":{"rendered":"<p>\u00a1Convierte tu hogar en un espacio verdaderamente inteligente! Control por voz, m\u00fasica, automatizaci\u00f3n y mucho m\u00e1s con la potencia de Alexa y la conectividad de \u00faltima generaci\u00f3n.<\/p>\n<p>\ud83c\udf00 Caracter\u00edsticas destacadas:<br \/>\n\u2714\ufe0f Control por voz de tu entretenimiento favorito<br \/>\n\u2714\ufe0f Compatible con Amazon Music, Spotify, Apple Music, SiriusXM, Audible, y m\u00e1s<br \/>\n\u2714\ufe0f Escucha estaciones de radio, podcasts y audiolibros<br \/>\n\u2714\ufe0f Hub Smart Home integrado con soporte para Zigbee y Matter<br \/>\n\u2714\ufe0f Controla luces, enchufes, sensores y cerraduras compatibles<br \/>\n\u2714\ufe0f Compatible con Ring Smart Lighting<br \/>\n\u2714\ufe0f Respuesta m\u00e1s r\u00e1pida, sonido n\u00edtido y dise\u00f1o elegante<br \/>\n\u2714\ufe0f Marca: Amazon<br \/>\n\u2714\ufe0f 4ta Generaci\u00f3n<\/p>\n<p>\ud83d\udcde Cont\u00e1ctanos: +593984123231<\/p>\n<p>\u2728 Tu hogar, tu voz, tu estilo inteligente.<\/p>","protected":false},"featured_media":18352,"comment_status":"open","ping_status":"closed","template":"","meta":{"_acf_changed":false},"product_brand":[],"product_cat":[666,549],"product_tag":[],"class_list":{"0":"post-18385","1":"product","2":"type-product","3":"status-publish","4":"has-post-thumbnail","6":"product_cat-asistentes-virtuales","7":"product_cat-electrodomesticos","9":"first","10":"instock","11":"sale","12":"taxable","13":"shipping-taxable","14":"purchasable","15":"product-type-simple"},"acf":[],"_links":{"self":[{"href":"https:\/\/tiendaflex.ec\/en\/wp-json\/wp\/v2\/product\/18385","targetHints":{"allow":["GET"]}}],"collection":[{"href":"https:\/\/tiendaflex.ec\/en\/wp-json\/wp\/v2\/product"}],"about":[{"href":"https:\/\/tiendaflex.ec\/en\/wp-json\/wp\/v2\/types\/product"}],"replies":[{"embeddable":true,"href":"https:\/\/tiendaflex.ec\/en\/wp-json\/wp\/v2\/comments?post=18385"}],"version-history":[{"count":2,"href":"https:\/\/tiendaflex.ec\/en\/wp-json\/wp\/v2\/product\/18385\/revisions"}],"predecessor-version":[{"id":18387,"href":"https:\/\/tiendaflex.ec\/en\/wp-json\/wp\/v2\/product\/18385\/revisions\/18387"}],"wp:featuredmedia":[{"embeddable":true,"href":"https:\/\/tiendaflex.ec\/en\/wp-json\/wp\/v2\/media\/18352"}],"wp:attachment":[{"href":"https:\/\/tiendaflex.ec\/en\/wp-json\/wp\/v2\/media?parent=18385"}],"wp:term":[{"taxonomy":"product_brand","embeddable":true,"href":"https:\/\/tiendaflex.ec\/en\/wp-json\/wp\/v2\/product_brand?post=18385"},{"taxonomy":"product_cat","embeddable":true,"href":"https:\/\/tiendaflex.ec\/en\/wp-json\/wp\/v2\/product_cat?post=18385"},{"taxonomy":"product_tag","embeddable":true,"href":"https:\/\/tiendaflex.ec\/en\/wp-json\/wp\/v2\/product_tag?post=18385"}],"curies":[{"name":"wp","href":"https:\/\/api.w.org\/{rel}","templated":true}]}}