{"id":18326,"date":"2025-05-15T18:30:10","date_gmt":"2025-05-15T23:30:10","guid":{"rendered":"https:\/\/tiendaflex.ec\/?post_type=product&#038;p=18326"},"modified":"2025-08-21T17:07:22","modified_gmt":"2025-08-21T22:07:22","slug":"calefactor-electrico-horizontal","status":"publish","type":"product","link":"https:\/\/tiendaflex.ec\/en\/product\/calefactor-electrico-horizontal\/","title":{"rendered":"CALEFACTOR EL\u00c9CTRICO HORIZONTAL"},"content":{"rendered":"","protected":false},"excerpt":{"rendered":"<p>Mantente c\u00e1lido con estilo y comodidad gracias a este calefactor digital con simulaci\u00f3n de llama 3D. Ideal para hogares modernos, incluye control remoto y funci\u00f3n oscilatoria para distribuir el calor eficientemente.<\/p>\n<p>\ud83d\udd39 Caracter\u00edsticas destacadas:<br \/>\n\u2714\ufe0f Panel digital f\u00e1cil de usar<br \/>\n\u2714\ufe0f Control remoto incluido<br \/>\n\u2714\ufe0f Giro manual de 45\u00b0 para mejor cobertura<br \/>\n\u2714\ufe0f Llama 3D decorativa<br \/>\n\u2714\ufe0f Potencia de 1500W \u2013 eficiente y potente<br \/>\n\u2714\ufe0f Kit de instalaci\u00f3n incluido<br \/>\n\u2714\ufe0f Voltaje: 110V<\/p>\n<p>\ud83d\udccf Medidas: 56 x 24 x 9 cm<\/p>\n<p>\ud83d\udcde Cont\u00e1ctanos: +593984123231<\/p>","protected":false},"featured_media":18293,"comment_status":"open","ping_status":"closed","template":"","meta":{"_acf_changed":false},"product_brand":[],"product_cat":[698,549],"product_tag":[],"class_list":{"0":"post-18326","1":"product","2":"type-product","3":"status-publish","4":"has-post-thumbnail","6":"product_cat-calefactores","7":"product_cat-electrodomesticos","9":"first","10":"instock","11":"sale","12":"taxable","13":"shipping-taxable","14":"purchasable","15":"product-type-simple"},"acf":[],"_links":{"self":[{"href":"https:\/\/tiendaflex.ec\/en\/wp-json\/wp\/v2\/product\/18326","targetHints":{"allow":["GET"]}}],"collection":[{"href":"https:\/\/tiendaflex.ec\/en\/wp-json\/wp\/v2\/product"}],"about":[{"href":"https:\/\/tiendaflex.ec\/en\/wp-json\/wp\/v2\/types\/product"}],"replies":[{"embeddable":true,"href":"https:\/\/tiendaflex.ec\/en\/wp-json\/wp\/v2\/comments?post=18326"}],"version-history":[{"count":1,"href":"https:\/\/tiendaflex.ec\/en\/wp-json\/wp\/v2\/product\/18326\/revisions"}],"predecessor-version":[{"id":18327,"href":"https:\/\/tiendaflex.ec\/en\/wp-json\/wp\/v2\/product\/18326\/revisions\/18327"}],"wp:featuredmedia":[{"embeddable":true,"href":"https:\/\/tiendaflex.ec\/en\/wp-json\/wp\/v2\/media\/18293"}],"wp:attachment":[{"href":"https:\/\/tiendaflex.ec\/en\/wp-json\/wp\/v2\/media?parent=18326"}],"wp:term":[{"taxonomy":"product_brand","embeddable":true,"href":"https:\/\/tiendaflex.ec\/en\/wp-json\/wp\/v2\/product_brand?post=18326"},{"taxonomy":"product_cat","embeddable":true,"href":"https:\/\/tiendaflex.ec\/en\/wp-json\/wp\/v2\/product_cat?post=18326"},{"taxonomy":"product_tag","embeddable":true,"href":"https:\/\/tiendaflex.ec\/en\/wp-json\/wp\/v2\/product_tag?post=18326"}],"curies":[{"name":"wp","href":"https:\/\/api.w.org\/{rel}","templated":true}]}}