{"id":18182,"date":"2025-05-13T17:12:11","date_gmt":"2025-05-13T22:12:11","guid":{"rendered":"https:\/\/tiendaflex.ec\/?post_type=product&#038;p=18182"},"modified":"2026-02-25T16:20:46","modified_gmt":"2026-02-25T21:20:46","slug":"ry31012-limpiador-de-superficies-ryobi-12-2300-psi","status":"publish","type":"product","link":"https:\/\/tiendaflex.ec\/en\/product\/ry31012-limpiador-de-superficies-ryobi-12-2300-psi\/","title":{"rendered":"RY31012 &#8211; LIMPIADOR DE SUPERFICIES RYOBI \u2013 12\u201d \/ 2300 PSI"},"content":{"rendered":"","protected":false},"excerpt":{"rendered":"<p>\u00a1Limpia hasta 4 veces m\u00e1s r\u00e1pido! Ideal para entradas, patios y aceras \ud83c\udfe1\u2728<\/p>\n<p>\ud83d\ude80 Este accesorio para lavadoras a presi\u00f3n es efectivo, vers\u00e1til y f\u00e1cil de usar. Sus chorros giratorios cubren un camino ancho y sin rayas, lo que te permite ahorrar tiempo y esfuerzo con cada limpieza.\u00bb<\/p>\n<ul>\n<li>Marca: RYOBI<\/li>\n<\/ul>\n<p>\u00ab\ud83d\udd27 Caracter\u00edsticas destacadas:<br \/>\n\u2714\ufe0f Compatible con lavadoras a presi\u00f3n el\u00e9ctricas de hasta 2300 PSI y 1.4 GPM<br \/>\n\u2714\ufe0f Conexi\u00f3n r\u00e1pida de \u00bc\u201d para f\u00e1cil instalaci\u00f3n<br \/>\n\u2714\ufe0f Limpieza sin rayas en m\u00faltiples superficies<br \/>\n\u2714\ufe0f Ideal para concreto, adoquines y pisos exteriores<br \/>\n\u2714\ufe0f Di\u00e1metro de 12\u201d \u2013 gran cobertura<br \/>\n\u2714\ufe0f Material: Pl\u00e1stico resistente<br \/>\n\u2714\ufe0f Color: Verde<\/p>\n<p>\ud83d\udce6 Incluye:<br \/>\n\u2022 Limpiador de superficies RY31012<br \/>\n\u2022 Gu\u00eda del producto e instrucciones<\/p>\n<p>\ud83d\udcde Cont\u00e1ctanos: +593984123231<\/p>","protected":false},"featured_media":18169,"comment_status":"open","ping_status":"closed","template":"","meta":{"_acf_changed":false},"product_brand":[],"product_cat":[544,617],"product_tag":[],"class_list":{"0":"post-18182","1":"product","2":"type-product","3":"status-publish","4":"has-post-thumbnail","6":"product_cat-agricultura-e-industria","7":"product_cat-limpieza","9":"first","10":"instock","11":"sale","12":"taxable","13":"shipping-taxable","14":"purchasable","15":"product-type-simple"},"acf":[],"_links":{"self":[{"href":"https:\/\/tiendaflex.ec\/en\/wp-json\/wp\/v2\/product\/18182","targetHints":{"allow":["GET"]}}],"collection":[{"href":"https:\/\/tiendaflex.ec\/en\/wp-json\/wp\/v2\/product"}],"about":[{"href":"https:\/\/tiendaflex.ec\/en\/wp-json\/wp\/v2\/types\/product"}],"replies":[{"embeddable":true,"href":"https:\/\/tiendaflex.ec\/en\/wp-json\/wp\/v2\/comments?post=18182"}],"version-history":[{"count":3,"href":"https:\/\/tiendaflex.ec\/en\/wp-json\/wp\/v2\/product\/18182\/revisions"}],"predecessor-version":[{"id":23667,"href":"https:\/\/tiendaflex.ec\/en\/wp-json\/wp\/v2\/product\/18182\/revisions\/23667"}],"wp:featuredmedia":[{"embeddable":true,"href":"https:\/\/tiendaflex.ec\/en\/wp-json\/wp\/v2\/media\/18169"}],"wp:attachment":[{"href":"https:\/\/tiendaflex.ec\/en\/wp-json\/wp\/v2\/media?parent=18182"}],"wp:term":[{"taxonomy":"product_brand","embeddable":true,"href":"https:\/\/tiendaflex.ec\/en\/wp-json\/wp\/v2\/product_brand?post=18182"},{"taxonomy":"product_cat","embeddable":true,"href":"https:\/\/tiendaflex.ec\/en\/wp-json\/wp\/v2\/product_cat?post=18182"},{"taxonomy":"product_tag","embeddable":true,"href":"https:\/\/tiendaflex.ec\/en\/wp-json\/wp\/v2\/product_tag?post=18182"}],"curies":[{"name":"wp","href":"https:\/\/api.w.org\/{rel}","templated":true}]}}