{"id":18156,"date":"2025-05-12T23:27:05","date_gmt":"2025-05-13T04:27:05","guid":{"rendered":"https:\/\/tiendaflex.ec\/?post_type=product&#038;p=18156"},"modified":"2026-02-24T08:24:22","modified_gmt":"2026-02-24T13:24:22","slug":"afi-4-2l-freidora-de-aire","status":"publish","type":"product","link":"https:\/\/tiendaflex.ec\/en\/product\/afi-4-2l-freidora-de-aire\/","title":{"rendered":"AFI 4.2L &#8211; FREIDORA DE AIRE"},"content":{"rendered":"","protected":false},"excerpt":{"rendered":"<p>\u00a1Dile adi\u00f3s al exceso de aceite y dale la bienvenida a preparaciones m\u00e1s sanas, crujientes y deliciosas! Ideal para papas, alitas, empanadas, vegetales, \u00a1y mucho m\u00e1s!\u00bb<\/p>\n<ul>\n<li>Marca: INDURAMA<\/li>\n<\/ul>\n<p>\u00ab\ud83d\udca1 Dise\u00f1o moderno y seguro para tu cocina, con control sencillo por perillas y apagado autom\u00e1tico. \u00a1Perfecta para el d\u00eda a d\u00eda!<\/p>\n<p>\u2728 Caracter\u00edsticas destacadas:<br \/>\n\u2714\ufe0f Capacidad: 4.2 litros<br \/>\n\u2714\ufe0f Temperatura ajustable: de 80\u00b0C a 200\u00b0C<br \/>\n\u2714\ufe0f Temporizador con alarma de hasta 30 minutos<br \/>\n\u2714\ufe0f Funci\u00f3n de apagado autom\u00e1tico<br \/>\n\u2714\ufe0f Cesta antiadherente f\u00e1cil de limpiar<br \/>\n\u2714\ufe0f Incluye protector de silicona<br \/>\n\u2714\ufe0f Dise\u00f1o ergon\u00f3mico y seguro con manija fr\u00eda al tacto<br \/>\n\u2714\ufe0f Acabado elegante en negro<\/p>\n<p>\ud83d\udccf Dimensiones del producto:<br \/>\n\u2022 Alto: 34 cm<br \/>\n\u2022 Ancho: 28.5 cm<br \/>\n\u2022 Profundidad: 34.2 cm<\/p>\n<p>\ud83d\udcde Cont\u00e1ctanos: +593984123231<\/p>","protected":false},"featured_media":18103,"comment_status":"open","ping_status":"closed","template":"","meta":{"_acf_changed":false},"product_brand":[],"product_cat":[549,594],"product_tag":[],"class_list":{"0":"post-18156","1":"product","2":"type-product","3":"status-publish","4":"has-post-thumbnail","6":"product_cat-electrodomesticos","7":"product_cat-electromenores","9":"first","10":"outofstock","11":"sale","12":"taxable","13":"shipping-taxable","14":"purchasable","15":"product-type-simple"},"acf":[],"_links":{"self":[{"href":"https:\/\/tiendaflex.ec\/en\/wp-json\/wp\/v2\/product\/18156","targetHints":{"allow":["GET"]}}],"collection":[{"href":"https:\/\/tiendaflex.ec\/en\/wp-json\/wp\/v2\/product"}],"about":[{"href":"https:\/\/tiendaflex.ec\/en\/wp-json\/wp\/v2\/types\/product"}],"replies":[{"embeddable":true,"href":"https:\/\/tiendaflex.ec\/en\/wp-json\/wp\/v2\/comments?post=18156"}],"version-history":[{"count":4,"href":"https:\/\/tiendaflex.ec\/en\/wp-json\/wp\/v2\/product\/18156\/revisions"}],"predecessor-version":[{"id":26327,"href":"https:\/\/tiendaflex.ec\/en\/wp-json\/wp\/v2\/product\/18156\/revisions\/26327"}],"wp:featuredmedia":[{"embeddable":true,"href":"https:\/\/tiendaflex.ec\/en\/wp-json\/wp\/v2\/media\/18103"}],"wp:attachment":[{"href":"https:\/\/tiendaflex.ec\/en\/wp-json\/wp\/v2\/media?parent=18156"}],"wp:term":[{"taxonomy":"product_brand","embeddable":true,"href":"https:\/\/tiendaflex.ec\/en\/wp-json\/wp\/v2\/product_brand?post=18156"},{"taxonomy":"product_cat","embeddable":true,"href":"https:\/\/tiendaflex.ec\/en\/wp-json\/wp\/v2\/product_cat?post=18156"},{"taxonomy":"product_tag","embeddable":true,"href":"https:\/\/tiendaflex.ec\/en\/wp-json\/wp\/v2\/product_tag?post=18156"}],"curies":[{"name":"wp","href":"https:\/\/api.w.org\/{rel}","templated":true}]}}