{"id":18129,"date":"2025-05-12T22:45:18","date_gmt":"2025-05-13T03:45:18","guid":{"rendered":"https:\/\/tiendaflex.ec\/?post_type=product&#038;p=18129"},"modified":"2026-02-24T12:14:14","modified_gmt":"2026-02-24T17:14:14","slug":"ri-992i-refrigeradora-french-door-674-l","status":"publish","type":"product","link":"https:\/\/tiendaflex.ec\/en\/product\/ri-992i-refrigeradora-french-door-674-l\/","title":{"rendered":"RI-992I &#8211; REFRIGERADORA FRENCH DOOR 674 L"},"content":{"rendered":"","protected":false},"excerpt":{"rendered":"<p>\u2744\ufe0f Tecnolog\u00eda, capacidad y dise\u00f1o en un solo electrodom\u00e9stico\u00bb<\/p>\n<ul>\n<li>Marca: INDURAMA<\/li>\n<\/ul>\n<p>\u00ab\u2714\ufe0f Capacidad de 674 litros \u2013 perfecta para familias grandes \ud83d\udc68\u200d\ud83d\udc69\u200d\ud83d\udc67\u200d\ud83d\udc66<br \/>\n\u2714\ufe0f Eficiencia energ\u00e9tica A \u2013 cuida tu bolsillo y el planeta \u267b\ufe0f<br \/>\n\u2714\ufe0f Ice Maker: cubos, hielo triturado y dispensador de agua \ud83e\uddca\ud83d\udeb0<br \/>\n\u2714\ufe0f Panel digital con Super Freeze, Eco Mode y m\u00e1s \ud83d\udd0b<br \/>\n\u2714\ufe0f Metal Tech Cooling para mayor conservaci\u00f3n \ud83c\udf4e\ud83e\udd69<br \/>\n\u2714\ufe0f Amplio refrigerador con cajones para frutas, snacks y m\u00e1s \ud83e\uddc0\ud83e\udd6c<br \/>\n\u2714\ufe0f Congelador con cajones de alto impacto y gran resistencia \u2744\ufe0f<br \/>\n\u2714\ufe0f Dise\u00f1o moderno en color CROMA, puertas de acero inoxidable \u2728<br \/>\n\u2714\ufe0f Medidas: Alto 179 cm | Ancho 91 cm | Profundidad 73 cm \ud83d\udccf<br \/>\n\u2714\ufe0f Garant\u00eda de f\u00e1brica \ud83d\udee1\ufe0f<\/p>\n<p>\ud83d\udcde Cont\u00e1ctanos: +593984123231<\/p>\n<p>\ud83e\uddca \u00a1Haz de tu cocina un espacio moderno y funcional con esta refrigeradora de lujo!<\/p>","protected":false},"featured_media":18110,"comment_status":"open","ping_status":"closed","template":"","meta":{"_acf_changed":false},"product_brand":[],"product_cat":[549,573],"product_tag":[],"class_list":{"0":"post-18129","1":"product","2":"type-product","3":"status-publish","4":"has-post-thumbnail","6":"product_cat-electrodomesticos","7":"product_cat-refrigeracion","9":"first","10":"instock","11":"sale","12":"taxable","13":"shipping-taxable","14":"purchasable","15":"product-type-simple"},"acf":[],"_links":{"self":[{"href":"https:\/\/tiendaflex.ec\/en\/wp-json\/wp\/v2\/product\/18129","targetHints":{"allow":["GET"]}}],"collection":[{"href":"https:\/\/tiendaflex.ec\/en\/wp-json\/wp\/v2\/product"}],"about":[{"href":"https:\/\/tiendaflex.ec\/en\/wp-json\/wp\/v2\/types\/product"}],"replies":[{"embeddable":true,"href":"https:\/\/tiendaflex.ec\/en\/wp-json\/wp\/v2\/comments?post=18129"}],"version-history":[{"count":3,"href":"https:\/\/tiendaflex.ec\/en\/wp-json\/wp\/v2\/product\/18129\/revisions"}],"predecessor-version":[{"id":23572,"href":"https:\/\/tiendaflex.ec\/en\/wp-json\/wp\/v2\/product\/18129\/revisions\/23572"}],"wp:featuredmedia":[{"embeddable":true,"href":"https:\/\/tiendaflex.ec\/en\/wp-json\/wp\/v2\/media\/18110"}],"wp:attachment":[{"href":"https:\/\/tiendaflex.ec\/en\/wp-json\/wp\/v2\/media?parent=18129"}],"wp:term":[{"taxonomy":"product_brand","embeddable":true,"href":"https:\/\/tiendaflex.ec\/en\/wp-json\/wp\/v2\/product_brand?post=18129"},{"taxonomy":"product_cat","embeddable":true,"href":"https:\/\/tiendaflex.ec\/en\/wp-json\/wp\/v2\/product_cat?post=18129"},{"taxonomy":"product_tag","embeddable":true,"href":"https:\/\/tiendaflex.ec\/en\/wp-json\/wp\/v2\/product_tag?post=18129"}],"curies":[{"name":"wp","href":"https:\/\/api.w.org\/{rel}","templated":true}]}}