{"id":18098,"date":"2025-05-12T22:21:54","date_gmt":"2025-05-13T03:21:54","guid":{"rendered":"https:\/\/tiendaflex.ec\/?post_type=product&#038;p=18098"},"modified":"2025-07-30T01:58:33","modified_gmt":"2025-07-30T06:58:33","slug":"herramienta-multiusos-hp-18v-ryobi-one","status":"publish","type":"product","link":"https:\/\/tiendaflex.ec\/en\/product\/herramienta-multiusos-hp-18v-ryobi-one\/","title":{"rendered":"HERRAMIENTA MULTIUSOS HP 18V &#8211; RYOBI ONE+"},"content":{"rendered":"","protected":false},"excerpt":{"rendered":"<p>\u00a1Versatilidad, potencia y precisi\u00f3n en una sola herramienta! Ideal para cortes, lijado, remoci\u00f3n de lechada y mucho m\u00e1s.\u00bb<\/p>\n<p>\u00ab\u2714\ufe0f Multiherramienta GEN II ONE+ HP: hasta un 80% m\u00e1s r\u00e1pida y 2.5x m\u00e1s cortes por carga<br \/>\n\u2714\ufe0f Vibraci\u00f3n reducida en un 86% \u2013 trabaja con menos fatiga<br \/>\n\u2714\ufe0f Cambio de accesorios sin herramientas \u2013 m\u00e1s eficiencia<br \/>\n\u2714\ufe0f Motor sin escobillas \u2013 mayor potencia, autonom\u00eda y durabilidad<br \/>\n\u2714\ufe0f Velocidad variable de 10,000 a 20,000 OPM<br \/>\n\u2714\ufe0f Luz LED integrada \u2013 ideal para zonas con poca iluminaci\u00f3n<br \/>\n\u2714\ufe0f Compatible con el sistema RYOBI ONE+ 18V<br \/>\n\u2714\ufe0f Garant\u00eda limitada de 3 a\u00f1os<\/p>\n<p>\ud83d\udd27 Incluye:<br \/>\n\u2022 Hoja de corte por inmersi\u00f3n<br \/>\n\u2022 Hoja de corte al ras<br \/>\n\u2022 Almohadilla de lijado<br \/>\n\u2022 3 hojas de lija (grano 60, 80 y 120)<\/p>\n<p>\ud83d\udcde Cont\u00e1ctanos: +593984123231<\/p>\n<p>\ud83d\udd0b \u00a1Haz m\u00e1s con una sola herramienta! Ideal para profesionales y entusiastas del bricolaje.<\/p>","protected":false},"featured_media":18105,"comment_status":"open","ping_status":"closed","template":"","meta":{"_acf_changed":false},"product_brand":[],"product_cat":[544,661],"product_tag":[],"class_list":{"0":"post-18098","1":"product","2":"type-product","3":"status-publish","4":"has-post-thumbnail","6":"product_cat-agricultura-e-industria","7":"product_cat-herramientas-rotativas","9":"first","10":"instock","11":"sale","12":"taxable","13":"shipping-taxable","14":"purchasable","15":"product-type-simple"},"acf":[],"_links":{"self":[{"href":"https:\/\/tiendaflex.ec\/en\/wp-json\/wp\/v2\/product\/18098","targetHints":{"allow":["GET"]}}],"collection":[{"href":"https:\/\/tiendaflex.ec\/en\/wp-json\/wp\/v2\/product"}],"about":[{"href":"https:\/\/tiendaflex.ec\/en\/wp-json\/wp\/v2\/types\/product"}],"replies":[{"embeddable":true,"href":"https:\/\/tiendaflex.ec\/en\/wp-json\/wp\/v2\/comments?post=18098"}],"version-history":[{"count":2,"href":"https:\/\/tiendaflex.ec\/en\/wp-json\/wp\/v2\/product\/18098\/revisions"}],"predecessor-version":[{"id":18117,"href":"https:\/\/tiendaflex.ec\/en\/wp-json\/wp\/v2\/product\/18098\/revisions\/18117"}],"wp:featuredmedia":[{"embeddable":true,"href":"https:\/\/tiendaflex.ec\/en\/wp-json\/wp\/v2\/media\/18105"}],"wp:attachment":[{"href":"https:\/\/tiendaflex.ec\/en\/wp-json\/wp\/v2\/media?parent=18098"}],"wp:term":[{"taxonomy":"product_brand","embeddable":true,"href":"https:\/\/tiendaflex.ec\/en\/wp-json\/wp\/v2\/product_brand?post=18098"},{"taxonomy":"product_cat","embeddable":true,"href":"https:\/\/tiendaflex.ec\/en\/wp-json\/wp\/v2\/product_cat?post=18098"},{"taxonomy":"product_tag","embeddable":true,"href":"https:\/\/tiendaflex.ec\/en\/wp-json\/wp\/v2\/product_tag?post=18098"}],"curies":[{"name":"wp","href":"https:\/\/api.w.org\/{rel}","templated":true}]}}