{"id":18075,"date":"2025-05-09T23:49:33","date_gmt":"2025-05-10T04:49:33","guid":{"rendered":"https:\/\/tiendaflex.ec\/?post_type=product&#038;p=18075"},"modified":"2026-02-24T08:44:07","modified_gmt":"2026-02-24T13:44:07","slug":"ibmcr-24-batidora-manual","status":"publish","type":"product","link":"https:\/\/tiendaflex.ec\/en\/product\/ibmcr-24-batidora-manual\/","title":{"rendered":"IBMCR-24 &#8211; BATIDORA MANUAL"},"content":{"rendered":"","protected":false},"excerpt":{"rendered":"<p>\u00a1Perfecta para tus recetas favoritas! Mezcla, bate y amasa con facilidad gracias a su dise\u00f1o ergon\u00f3mico y m\u00faltiples velocidades. Ideal para pasteles, panes y m\u00e1s \ud83c\udf5e\ud83e\uddc1.\u00bb<\/p>\n<ul>\n<li>Marca: INDURAMA<\/li>\n<\/ul>\n<p>\u00ab\ud83d\udd0d Caracter\u00edsticas destacadas:<br \/>\n\u2714\ufe0f Potencia de 200W \u2013 Eficiente y potente<br \/>\n\u2714\ufe0f 5 velocidades + bot\u00f3n turbo para mayor control<br \/>\n\u2714\ufe0f Incluye aspas de batir y aspas de amasar<br \/>\n\u2714\ufe0f Acabado en acero inoxidable con detalles negros<br \/>\n\u2714\ufe0f Mango ergon\u00f3mico y c\u00f3modo de usar<br \/>\n\u2714\ufe0f Base para colocar la batidora cuando no est\u00e1 en uso<br \/>\n\u2714\ufe0f Voltaje: 110V-120V \/ 60Hz<\/p>\n<p>\ud83c\udfa8 Color: Croma<br \/>\n\ud83d\udcd0 Medidas:<br \/>\n\u2022 Alto: 20.5 cm<br \/>\n\u2022 Ancho: 18.5 cm<br \/>\n\u2022 Profundidad: 15.5 cm<\/p>\n<p>\ud83d\udcde Cont\u00e1ctanos: +593984123231<\/p>\n<p>\u00a1Haz que cocinar sea m\u00e1s f\u00e1cil y delicioso!<\/p>","protected":false},"featured_media":18035,"comment_status":"open","ping_status":"closed","template":"","meta":{"_acf_changed":false},"product_brand":[],"product_cat":[549,594],"product_tag":[],"class_list":{"0":"post-18075","1":"product","2":"type-product","3":"status-publish","4":"has-post-thumbnail","6":"product_cat-electrodomesticos","7":"product_cat-electromenores","9":"first","10":"instock","11":"sale","12":"taxable","13":"shipping-taxable","14":"purchasable","15":"product-type-simple"},"acf":[],"_links":{"self":[{"href":"https:\/\/tiendaflex.ec\/en\/wp-json\/wp\/v2\/product\/18075","targetHints":{"allow":["GET"]}}],"collection":[{"href":"https:\/\/tiendaflex.ec\/en\/wp-json\/wp\/v2\/product"}],"about":[{"href":"https:\/\/tiendaflex.ec\/en\/wp-json\/wp\/v2\/types\/product"}],"replies":[{"embeddable":true,"href":"https:\/\/tiendaflex.ec\/en\/wp-json\/wp\/v2\/comments?post=18075"}],"version-history":[{"count":3,"href":"https:\/\/tiendaflex.ec\/en\/wp-json\/wp\/v2\/product\/18075\/revisions"}],"predecessor-version":[{"id":23486,"href":"https:\/\/tiendaflex.ec\/en\/wp-json\/wp\/v2\/product\/18075\/revisions\/23486"}],"wp:featuredmedia":[{"embeddable":true,"href":"https:\/\/tiendaflex.ec\/en\/wp-json\/wp\/v2\/media\/18035"}],"wp:attachment":[{"href":"https:\/\/tiendaflex.ec\/en\/wp-json\/wp\/v2\/media?parent=18075"}],"wp:term":[{"taxonomy":"product_brand","embeddable":true,"href":"https:\/\/tiendaflex.ec\/en\/wp-json\/wp\/v2\/product_brand?post=18075"},{"taxonomy":"product_cat","embeddable":true,"href":"https:\/\/tiendaflex.ec\/en\/wp-json\/wp\/v2\/product_cat?post=18075"},{"taxonomy":"product_tag","embeddable":true,"href":"https:\/\/tiendaflex.ec\/en\/wp-json\/wp\/v2\/product_tag?post=18075"}],"curies":[{"name":"wp","href":"https:\/\/api.w.org\/{rel}","templated":true}]}}