{"id":18048,"date":"2025-05-09T23:00:13","date_gmt":"2025-05-10T04:00:13","guid":{"rendered":"https:\/\/tiendaflex.ec\/?post_type=product&#038;p=18048"},"modified":"2025-07-30T11:17:19","modified_gmt":"2025-07-30T16:17:19","slug":"herramienta-rotativa-14a-ryobi","status":"publish","type":"product","link":"https:\/\/tiendaflex.ec\/en\/product\/herramienta-rotativa-14a-ryobi\/","title":{"rendered":"HERRAMIENTA ROTATIVA 1,4A &#8211; RYOBI"},"content":{"rendered":"","protected":false},"excerpt":{"rendered":"<p>\u00a1La mejor relaci\u00f3n potencia-tama\u00f1o de su clase, ideal para los trabajos m\u00e1s exigentes!\u00bb<\/p>\n<p>\u00ab\ud83d\udd0d Caracter\u00edsticas destacadas:<br \/>\n\u2714\ufe0f Motor de 1,4 amperios: ideal para cortes, desbastes y lijados exigentes<br \/>\n\u2714\ufe0f Hasta 35.000 RPM nominales: velocidad \u00f3ptima para m\u00faltiples tareas<br \/>\n\u2714\ufe0f Dial de velocidad variable: ajusta con precisi\u00f3n seg\u00fan el tipo de trabajo<br \/>\n\u2714\ufe0f Pinza de cambio r\u00e1pido: cambia accesorios 4 veces m\u00e1s r\u00e1pido<br \/>\n\u2714\ufe0f Dise\u00f1o compacto y ergon\u00f3mico: m\u00e1xima maniobrabilidad y comodidad<\/p>\n<p>\ud83d\udce6 Incluye:<br \/>\n\u2022 (1) Herramienta rotativa de 1,4 A<br \/>\n\u2022 (40) Accesorios para corte, lijado, pulido y amolado<br \/>\n\u2022 (1) Accesorio gu\u00eda de plataforma 90\u00b0<br \/>\n\u2022 (1) Accesorio gu\u00eda de corte<br \/>\n\u2022 (1) Accesorio gu\u00eda de plataforma 45\u00b0<br \/>\n\u2022 (1) Gu\u00eda para afilar cuchillas de cortadora de c\u00e9sped<br \/>\n\u2022 (1) Llave inglesa<br \/>\n\u2022 Estuche de almacenamiento<br \/>\n\u2022 Manual de usuario<\/p>\n<p>\ud83d\udcde Cont\u00e1ctanos: +593984123231<\/p>\n<p>\u00a1Lleva tu precisi\u00f3n al siguiente nivel con RYOBI!<\/p>","protected":false},"featured_media":18044,"comment_status":"open","ping_status":"closed","template":"","meta":{"_acf_changed":false},"product_brand":[],"product_cat":[544,661],"product_tag":[],"class_list":{"0":"post-18048","1":"product","2":"type-product","3":"status-publish","4":"has-post-thumbnail","6":"product_cat-agricultura-e-industria","7":"product_cat-herramientas-rotativas","9":"first","10":"instock","11":"sale","12":"taxable","13":"shipping-taxable","14":"purchasable","15":"product-type-simple"},"acf":[],"_links":{"self":[{"href":"https:\/\/tiendaflex.ec\/en\/wp-json\/wp\/v2\/product\/18048","targetHints":{"allow":["GET"]}}],"collection":[{"href":"https:\/\/tiendaflex.ec\/en\/wp-json\/wp\/v2\/product"}],"about":[{"href":"https:\/\/tiendaflex.ec\/en\/wp-json\/wp\/v2\/types\/product"}],"replies":[{"embeddable":true,"href":"https:\/\/tiendaflex.ec\/en\/wp-json\/wp\/v2\/comments?post=18048"}],"version-history":[{"count":2,"href":"https:\/\/tiendaflex.ec\/en\/wp-json\/wp\/v2\/product\/18048\/revisions"}],"predecessor-version":[{"id":18050,"href":"https:\/\/tiendaflex.ec\/en\/wp-json\/wp\/v2\/product\/18048\/revisions\/18050"}],"wp:featuredmedia":[{"embeddable":true,"href":"https:\/\/tiendaflex.ec\/en\/wp-json\/wp\/v2\/media\/18044"}],"wp:attachment":[{"href":"https:\/\/tiendaflex.ec\/en\/wp-json\/wp\/v2\/media?parent=18048"}],"wp:term":[{"taxonomy":"product_brand","embeddable":true,"href":"https:\/\/tiendaflex.ec\/en\/wp-json\/wp\/v2\/product_brand?post=18048"},{"taxonomy":"product_cat","embeddable":true,"href":"https:\/\/tiendaflex.ec\/en\/wp-json\/wp\/v2\/product_cat?post=18048"},{"taxonomy":"product_tag","embeddable":true,"href":"https:\/\/tiendaflex.ec\/en\/wp-json\/wp\/v2\/product_tag?post=18048"}],"curies":[{"name":"wp","href":"https:\/\/api.w.org\/{rel}","templated":true}]}}