{"id":17935,"date":"2025-05-07T20:01:52","date_gmt":"2025-05-08T01:01:52","guid":{"rendered":"https:\/\/tiendaflex.ec\/?post_type=product&#038;p=17935"},"modified":"2026-02-24T11:28:26","modified_gmt":"2026-02-24T16:28:26","slug":"zafiro-cocina-a-gas-sorrento-maxgrill-30","status":"publish","type":"product","link":"https:\/\/tiendaflex.ec\/en\/product\/zafiro-cocina-a-gas-sorrento-maxgrill-30\/","title":{"rendered":"ZAFIRO COCINA A GAS SORRENTO MAXGRILL 30&#8243;"},"content":{"rendered":"","protected":false},"excerpt":{"rendered":"<p>\u00a1Transforma tu cocina con la potencia y tecnolog\u00eda de la Cocina Sorrento Maxgrill Zafiro! Dise\u00f1ada para ofrecerte lo mejor en rendimiento y comodidad.\u00bb<\/p>\n<ul>\n<li>Marca: INDURAMA<\/li>\n<\/ul>\n<p>\u00ab\u2699\ufe0f Caracter\u00edsticas destacadas:<br \/>\n\u2714\ufe0f 6 quemadores: 4 quemadores r\u00e1pidos y 2 semi r\u00e1pidos con tecnolog\u00eda italiana<br \/>\n\u2714\ufe0f Plancha asadora para cocinar de manera vers\u00e1til<br \/>\n\u2714\ufe0f Encendido electr\u00f3nico en quemadores y horno<br \/>\n\u2714\ufe0f Quemadores sellados para evitar derrames y facilitar la limpieza<br \/>\n\u2714\ufe0f Zona inferior con quemador de suelo eficiente y tecnolog\u00eda ReallyClean<br \/>\n\u2714\ufe0f Horno con doble vidrio templado y luz para mejor visibilidad<br \/>\n\u2714\ufe0f Grill a gas para una cocci\u00f3n perfecta<br \/>\n\u2714\ufe0f 1 parrilla cromada<br \/>\n\u2714\ufe0f TermoPresici\u00f3n con sistema de seguridad corta-gas en el horno<\/p>\n<p>\ud83d\udccf Medidas del producto:<\/p>\n<p>Alto: 95 cm<\/p>\n<p>Ancho: 76 cm<\/p>\n<p>Profundidad: 64 cm<\/p>\n<p>\ud83d\udcde Cont\u00e1ctanos: +593984123231<\/p>\n<p>\ud83d\udd25 \u00a1Cocina con la m\u00e1xima eficiencia y estilo! \ud83d\udd25<\/p>","protected":false},"featured_media":17904,"comment_status":"open","ping_status":"closed","template":"","meta":{"_acf_changed":false},"product_brand":[],"product_cat":[581,549],"product_tag":[],"class_list":{"0":"post-17935","1":"product","2":"type-product","3":"status-publish","4":"has-post-thumbnail","6":"product_cat-cocinas","7":"product_cat-electrodomesticos","9":"first","10":"instock","11":"sale","12":"taxable","13":"shipping-taxable","14":"purchasable","15":"product-type-simple"},"acf":[],"_links":{"self":[{"href":"https:\/\/tiendaflex.ec\/en\/wp-json\/wp\/v2\/product\/17935","targetHints":{"allow":["GET"]}}],"collection":[{"href":"https:\/\/tiendaflex.ec\/en\/wp-json\/wp\/v2\/product"}],"about":[{"href":"https:\/\/tiendaflex.ec\/en\/wp-json\/wp\/v2\/types\/product"}],"replies":[{"embeddable":true,"href":"https:\/\/tiendaflex.ec\/en\/wp-json\/wp\/v2\/comments?post=17935"}],"version-history":[{"count":3,"href":"https:\/\/tiendaflex.ec\/en\/wp-json\/wp\/v2\/product\/17935\/revisions"}],"predecessor-version":[{"id":17937,"href":"https:\/\/tiendaflex.ec\/en\/wp-json\/wp\/v2\/product\/17935\/revisions\/17937"}],"wp:featuredmedia":[{"embeddable":true,"href":"https:\/\/tiendaflex.ec\/en\/wp-json\/wp\/v2\/media\/17904"}],"wp:attachment":[{"href":"https:\/\/tiendaflex.ec\/en\/wp-json\/wp\/v2\/media?parent=17935"}],"wp:term":[{"taxonomy":"product_brand","embeddable":true,"href":"https:\/\/tiendaflex.ec\/en\/wp-json\/wp\/v2\/product_brand?post=17935"},{"taxonomy":"product_cat","embeddable":true,"href":"https:\/\/tiendaflex.ec\/en\/wp-json\/wp\/v2\/product_cat?post=17935"},{"taxonomy":"product_tag","embeddable":true,"href":"https:\/\/tiendaflex.ec\/en\/wp-json\/wp\/v2\/product_tag?post=17935"}],"curies":[{"name":"wp","href":"https:\/\/api.w.org\/{rel}","templated":true}]}}