{"id":17932,"date":"2025-05-07T19:43:26","date_gmt":"2025-05-08T00:43:26","guid":{"rendered":"https:\/\/tiendaflex.ec\/?post_type=product&#038;p=17932"},"modified":"2025-09-08T23:09:52","modified_gmt":"2025-09-09T04:09:52","slug":"zafiro-cocina-a-gas-turin-5-quemadores-croma-30","status":"publish","type":"product","link":"https:\/\/tiendaflex.ec\/en\/product\/zafiro-cocina-a-gas-turin-5-quemadores-croma-30\/","title":{"rendered":"ZAFIRO COCINA A GAS TUR\u00cdN 5 QUEMADORES CROMA 30&#8243;"},"content":{"rendered":"","protected":false},"excerpt":{"rendered":"<p>\u00a1La cocina perfecta para tu hogar! Con 5 quemadores de alto rendimiento, ofrece versatilidad y control para preparar tus mejores platillos.\u00bb<\/p>\n<ul>\n<li>Marca: INDURAMA<\/li>\n<\/ul>\n<p>\u00ab\u2699\ufe0f Caracter\u00edsticas destacadas:<br \/>\n\u2714\ufe0f 5 quemadores para mayor capacidad y flexibilidad<br \/>\n\u2714\ufe0f Parrillas de hierro fundido para una distribuci\u00f3n uniforme del calor<br \/>\n\u2714\ufe0f Quemadores sellados para evitar derrames<br \/>\n\u2714\ufe0f Tapa de vidrio templado para mayor seguridad<br \/>\n\u2714\ufe0f Encendido electr\u00f3nico para mayor comodidad<br \/>\n\u2714\ufe0f Horno con luz para una mejor visibilidad<br \/>\n\u2714\ufe0f Grill a gas para cocci\u00f3n m\u00e1s r\u00e1pida<br \/>\n\u2714\ufe0f Doble vidrio templado en el horno para mejor aislamiento y eficiencia energ\u00e9tica<\/p>\n<p>\ud83d\udcde Cont\u00e1ctanos: +593984123231<\/p>\n<p>\ud83d\udd25 \u00a1Cocina con potencia y estilo! \ud83d\udd25<\/p>","protected":false},"featured_media":17903,"comment_status":"open","ping_status":"closed","template":"","meta":{"_acf_changed":false},"product_brand":[],"product_cat":[581,549],"product_tag":[],"class_list":{"0":"post-17932","1":"product","2":"type-product","3":"status-publish","4":"has-post-thumbnail","6":"product_cat-cocinas","7":"product_cat-electrodomesticos","9":"first","10":"instock","11":"sale","12":"taxable","13":"shipping-taxable","14":"purchasable","15":"product-type-simple"},"acf":[],"_links":{"self":[{"href":"https:\/\/tiendaflex.ec\/en\/wp-json\/wp\/v2\/product\/17932","targetHints":{"allow":["GET"]}}],"collection":[{"href":"https:\/\/tiendaflex.ec\/en\/wp-json\/wp\/v2\/product"}],"about":[{"href":"https:\/\/tiendaflex.ec\/en\/wp-json\/wp\/v2\/types\/product"}],"replies":[{"embeddable":true,"href":"https:\/\/tiendaflex.ec\/en\/wp-json\/wp\/v2\/comments?post=17932"}],"version-history":[{"count":3,"href":"https:\/\/tiendaflex.ec\/en\/wp-json\/wp\/v2\/product\/17932\/revisions"}],"predecessor-version":[{"id":23460,"href":"https:\/\/tiendaflex.ec\/en\/wp-json\/wp\/v2\/product\/17932\/revisions\/23460"}],"wp:featuredmedia":[{"embeddable":true,"href":"https:\/\/tiendaflex.ec\/en\/wp-json\/wp\/v2\/media\/17903"}],"wp:attachment":[{"href":"https:\/\/tiendaflex.ec\/en\/wp-json\/wp\/v2\/media?parent=17932"}],"wp:term":[{"taxonomy":"product_brand","embeddable":true,"href":"https:\/\/tiendaflex.ec\/en\/wp-json\/wp\/v2\/product_brand?post=17932"},{"taxonomy":"product_cat","embeddable":true,"href":"https:\/\/tiendaflex.ec\/en\/wp-json\/wp\/v2\/product_cat?post=17932"},{"taxonomy":"product_tag","embeddable":true,"href":"https:\/\/tiendaflex.ec\/en\/wp-json\/wp\/v2\/product_tag?post=17932"}],"curies":[{"name":"wp","href":"https:\/\/api.w.org\/{rel}","templated":true}]}}