{"id":17929,"date":"2025-05-07T19:36:00","date_gmt":"2025-05-08T00:36:00","guid":{"rendered":"https:\/\/tiendaflex.ec\/?post_type=product&#038;p=17929"},"modified":"2026-02-24T10:42:30","modified_gmt":"2026-02-24T15:42:30","slug":"asi-124i-tipo-a-aire-acondicionado-12000-btu","status":"publish","type":"product","link":"https:\/\/tiendaflex.ec\/en\/product\/asi-124i-tipo-a-aire-acondicionado-12000-btu\/","title":{"rendered":"ASI-124I AIRE ACONDICIONADO 12000 BTU"},"content":{"rendered":"","protected":false},"excerpt":{"rendered":"<p>\u00a1Refresca tu hogar con el aire acondicionado ASI-124I! Con una capacidad de 12000 BTU y funciones avanzadas, disfruta de un ambiente m\u00e1s c\u00f3modo y saludable, manteniendo la eficiencia energ\u00e9tica y reduciendo el ruido.\u00bb<\/p>\n<ul>\n<li>Marca: INDURAMA<\/li>\n<\/ul>\n<p>\u00ab\u2699\ufe0f Caracter\u00edsticas destacadas:<br \/>\n\u2714\ufe0f Capacidad de enfriamiento 12000 BTU<br \/>\n\u2714\ufe0f Filtro 4 en 1 que ayuda a eliminar polvo y olores<br \/>\n\u2714\ufe0f Eficiencia energ\u00e9tica Categor\u00eda A<br \/>\n\u2714\ufe0f 100% ca\u00f1er\u00eda de cobre<br \/>\n\u2714\ufe0f Bajo nivel de ruido<br \/>\n\u2714\ufe0f Control de flujo de aire de larga distancia<br \/>\n\u2714\ufe0f Modo auto limpieza<br \/>\n\u2714\ufe0f Tecnolog\u00eda Hi-Nano<\/p>\n<p>\ud83d\udd27 Funciones adicionales:<br \/>\n\u2714\ufe0f Enfriamiento r\u00e1pido<br \/>\n\u2714\ufe0f Modo \u201cInteligente\u201d que ajusta la temperatura<br \/>\n\u2714\ufe0f 6 velocidades de ventilador: auto, m\u00e1s alta, alta, media, baja y m\u00e1s baja<br \/>\n\u2714\ufe0f Modo Sleep<br \/>\n\u2714\ufe0f Bot\u00f3n Swing G: control de direcci\u00f3n del flujo de aire vertical<\/p>\n<p>\ud83d\udce6 Incluye:<br \/>\n\ud83c\udf31 Cable de interconexi\u00f3n (3m)<br \/>\n\ud83c\udf31 Cable de servicio, enchufe y control remoto<br \/>\n\ud83c\udf31 Ca\u00f1er\u00eda de cobre (3m)<\/p>\n<p>Dimensiones de la unidad interna: 27 cm de alto, 81,5 cm de ancho y 21,4 cm de profundidad.<\/p>\n<p>Dimensiones de la unidad externa: 48,2 cm de alto, 66 cm de ancho y 24 cm de profundidad.<\/p>\n<p>\ud83d\udcde Cont\u00e1ctanos: +593984123231<\/p>\n<p>\u2744\ufe0f \u00a1Refresca tu hogar con calidad y eficiencia! \u2744\ufe0f<\/p>","protected":false},"featured_media":17901,"comment_status":"open","ping_status":"closed","template":"","meta":{"_acf_changed":false},"product_brand":[],"product_cat":[589,549],"product_tag":[],"class_list":{"0":"post-17929","1":"product","2":"type-product","3":"status-publish","4":"has-post-thumbnail","6":"product_cat-aires-acondicionados","7":"product_cat-electrodomesticos","9":"first","10":"outofstock","11":"sale","12":"taxable","13":"shipping-taxable","14":"purchasable","15":"product-type-simple"},"acf":[],"_links":{"self":[{"href":"https:\/\/tiendaflex.ec\/en\/wp-json\/wp\/v2\/product\/17929","targetHints":{"allow":["GET"]}}],"collection":[{"href":"https:\/\/tiendaflex.ec\/en\/wp-json\/wp\/v2\/product"}],"about":[{"href":"https:\/\/tiendaflex.ec\/en\/wp-json\/wp\/v2\/types\/product"}],"replies":[{"embeddable":true,"href":"https:\/\/tiendaflex.ec\/en\/wp-json\/wp\/v2\/comments?post=17929"}],"version-history":[{"count":4,"href":"https:\/\/tiendaflex.ec\/en\/wp-json\/wp\/v2\/product\/17929\/revisions"}],"predecessor-version":[{"id":23420,"href":"https:\/\/tiendaflex.ec\/en\/wp-json\/wp\/v2\/product\/17929\/revisions\/23420"}],"wp:featuredmedia":[{"embeddable":true,"href":"https:\/\/tiendaflex.ec\/en\/wp-json\/wp\/v2\/media\/17901"}],"wp:attachment":[{"href":"https:\/\/tiendaflex.ec\/en\/wp-json\/wp\/v2\/media?parent=17929"}],"wp:term":[{"taxonomy":"product_brand","embeddable":true,"href":"https:\/\/tiendaflex.ec\/en\/wp-json\/wp\/v2\/product_brand?post=17929"},{"taxonomy":"product_cat","embeddable":true,"href":"https:\/\/tiendaflex.ec\/en\/wp-json\/wp\/v2\/product_cat?post=17929"},{"taxonomy":"product_tag","embeddable":true,"href":"https:\/\/tiendaflex.ec\/en\/wp-json\/wp\/v2\/product_tag?post=17929"}],"curies":[{"name":"wp","href":"https:\/\/api.w.org\/{rel}","templated":true}]}}