{"id":17926,"date":"2025-05-07T19:28:31","date_gmt":"2025-05-08T00:28:31","guid":{"rendered":"https:\/\/tiendaflex.ec\/?post_type=product&#038;p=17926"},"modified":"2026-02-25T16:24:21","modified_gmt":"2026-02-25T21:24:21","slug":"kit-cortacesped-21-40v-hp-sin-escobillas-autopropulsado","status":"publish","type":"product","link":"https:\/\/tiendaflex.ec\/en\/product\/kit-cortacesped-21-40v-hp-sin-escobillas-autopropulsado\/","title":{"rendered":"Kit Cortac\u00e9sped 21&#8243; 40V HP Sin Escobillas Autopropulsado"},"content":{"rendered":"","protected":false},"excerpt":{"rendered":"<p>\u00a1Transforma tu jard\u00edn con la mejor tecnolog\u00eda sin cables! Con el sistema multicuchilla CROSS CUT\u2122 y la autopropulsi\u00f3n SMART TREK\u2122, corta tu c\u00e9sped de forma r\u00e1pida y eficiente con la potencia que necesitas para hasta \u00be de acre.\u00bb<\/p>\n<ul>\n<li>Marca: RYOBI<\/li>\n<\/ul>\n<p>\u00ab\u2699\ufe0f Caracter\u00edsticas destacadas:<br \/>\n\u2714\ufe0f M\u00e1s potencia que una cortadora de c\u00e9sped a gasolina de 170 cc<br \/>\n\u2714\ufe0f Ideal para hasta \u00be de acre con hasta 70 minutos de autonom\u00eda<br \/>\n\u2714\ufe0f Sistema multicuchilla CROSS CUT\u2122 para un corte m\u00e1s limpio y eficiente<br \/>\n\u2714\ufe0f Motor sin escobillas para un rendimiento superior y mayor durabilidad<br \/>\n\u2714\ufe0f Autopropulsi\u00f3n SMART TREK\u2122 con velocidad variable adaptativa para menos esfuerzo<br \/>\n\u2714\ufe0f Manijas plegables para un almacenamiento compacto<br \/>\n\u2714\ufe0f Garant\u00eda de 5 a\u00f1os para la herramienta y 3 a\u00f1os para la bater\u00eda<\/p>\n<p>\ud83d\udce6 Incluye:<br \/>\n\ud83c\udf31 (1) Cortadora de c\u00e9sped autopropulsada RY401015 de 21&#8243;\u00bb sin escobillas de 40 V HP<br \/>\n\ud83c\udf31 (2) Bater\u00edas de 40 V y 6 Ah OP4060A1<br \/>\n\ud83c\udf31 (1) Cargador r\u00e1pido OP406 de 40 V<br \/>\n\ud83c\udf31 Bolsa recolectora de c\u00e9sped<br \/>\n\ud83c\udf31 Llave de arranque<br \/>\n\ud83c\udf31 Tap\u00f3n para mantillo<br \/>\n\ud83c\udf31 Conducto de descarga lateral<br \/>\n\ud83d\udcd8 Manuales del operador<\/p>\n<p>\ud83d\udcde Cont\u00e1ctanos: +593984123231<\/p>\n<p>\u26a1 \u00a1Potencia, rendimiento y facilidad para un c\u00e9sped perfecto! \u26a1<\/p>","protected":false},"featured_media":17900,"comment_status":"open","ping_status":"closed","template":"","meta":{"_acf_changed":false},"product_brand":[],"product_cat":[544,611],"product_tag":[],"class_list":{"0":"post-17926","1":"product","2":"type-product","3":"status-publish","4":"has-post-thumbnail","6":"product_cat-agricultura-e-industria","7":"product_cat-cortacespedes","9":"first","10":"instock","11":"sale","12":"taxable","13":"shipping-taxable","14":"purchasable","15":"product-type-simple"},"acf":[],"_links":{"self":[{"href":"https:\/\/tiendaflex.ec\/en\/wp-json\/wp\/v2\/product\/17926","targetHints":{"allow":["GET"]}}],"collection":[{"href":"https:\/\/tiendaflex.ec\/en\/wp-json\/wp\/v2\/product"}],"about":[{"href":"https:\/\/tiendaflex.ec\/en\/wp-json\/wp\/v2\/types\/product"}],"replies":[{"embeddable":true,"href":"https:\/\/tiendaflex.ec\/en\/wp-json\/wp\/v2\/comments?post=17926"}],"version-history":[{"count":3,"href":"https:\/\/tiendaflex.ec\/en\/wp-json\/wp\/v2\/product\/17926\/revisions"}],"predecessor-version":[{"id":23340,"href":"https:\/\/tiendaflex.ec\/en\/wp-json\/wp\/v2\/product\/17926\/revisions\/23340"}],"wp:featuredmedia":[{"embeddable":true,"href":"https:\/\/tiendaflex.ec\/en\/wp-json\/wp\/v2\/media\/17900"}],"wp:attachment":[{"href":"https:\/\/tiendaflex.ec\/en\/wp-json\/wp\/v2\/media?parent=17926"}],"wp:term":[{"taxonomy":"product_brand","embeddable":true,"href":"https:\/\/tiendaflex.ec\/en\/wp-json\/wp\/v2\/product_brand?post=17926"},{"taxonomy":"product_cat","embeddable":true,"href":"https:\/\/tiendaflex.ec\/en\/wp-json\/wp\/v2\/product_cat?post=17926"},{"taxonomy":"product_tag","embeddable":true,"href":"https:\/\/tiendaflex.ec\/en\/wp-json\/wp\/v2\/product_tag?post=17926"}],"curies":[{"name":"wp","href":"https:\/\/api.w.org\/{rel}","templated":true}]}}