{"id":17834,"date":"2025-05-06T19:54:39","date_gmt":"2025-05-07T00:54:39","guid":{"rendered":"https:\/\/tiendaflex.ec\/?post_type=product&#038;p=17834"},"modified":"2026-02-25T12:59:11","modified_gmt":"2026-02-25T17:59:11","slug":"kit-ryobi-40v-recortadora-soplador","status":"publish","type":"product","link":"https:\/\/tiendaflex.ec\/en\/product\/kit-ryobi-40v-recortadora-soplador\/","title":{"rendered":"KIT RYOBI 40V: RECORTADORA + SOPLADOR"},"content":{"rendered":"","protected":false},"excerpt":{"rendered":"<p>\u00a1Potencia similar a la gasolina con la comodidad de lo inal\u00e1mbrico! Ideal para mantener tu jard\u00edn impecable y libre de hojas, con herramientas resistentes, pr\u00e1cticas y f\u00e1ciles de usar.\u00bb<\/p>\n<ul>\n<li>Marca: RYOBI<\/li>\n<\/ul>\n<p>\u00ab\u2714\ufe0f Soplador tipo Jet con fuerza de 155 MPH y 300 CFM<br \/>\n\u2714\ufe0f Recortadora con alimentaci\u00f3n autom\u00e1tica del hilo<br \/>\n\u2714\ufe0f Incluye bater\u00eda de 40V 4.0 Ah y cargador<br \/>\n\u2714\ufe0f Funcionamiento sin cables, sin decoloraci\u00f3n y con alta autonom\u00eda<br \/>\n\u2714\ufe0f Compatible con m\u00e1s de 50 herramientas RYOBI de 40V<br \/>\n\u2714\ufe0f Producto NUEVO en caja, con todos los accesorios<\/p>\n<p>\ud83d\udcde Cont\u00e1ctanos: +593984123231<\/p>\n<p>\ud83d\udcaa \u00a1Dale poder a tu jard\u00edn con RYOBI!<\/p>","protected":false},"featured_media":17841,"comment_status":"open","ping_status":"closed","template":"","meta":{"_acf_changed":false},"product_brand":[],"product_cat":[544,586,625,583],"product_tag":[],"class_list":{"0":"post-17834","1":"product","2":"type-product","3":"status-publish","4":"has-post-thumbnail","6":"product_cat-agricultura-e-industria","7":"product_cat-combos","8":"product_cat-desbrozadoras-y-bordeadoras","9":"product_cat-sopladoras","11":"first","12":"instock","13":"sale","14":"taxable","15":"shipping-taxable","16":"purchasable","17":"product-type-simple"},"acf":[],"_links":{"self":[{"href":"https:\/\/tiendaflex.ec\/en\/wp-json\/wp\/v2\/product\/17834","targetHints":{"allow":["GET"]}}],"collection":[{"href":"https:\/\/tiendaflex.ec\/en\/wp-json\/wp\/v2\/product"}],"about":[{"href":"https:\/\/tiendaflex.ec\/en\/wp-json\/wp\/v2\/types\/product"}],"replies":[{"embeddable":true,"href":"https:\/\/tiendaflex.ec\/en\/wp-json\/wp\/v2\/comments?post=17834"}],"version-history":[{"count":3,"href":"https:\/\/tiendaflex.ec\/en\/wp-json\/wp\/v2\/product\/17834\/revisions"}],"predecessor-version":[{"id":23328,"href":"https:\/\/tiendaflex.ec\/en\/wp-json\/wp\/v2\/product\/17834\/revisions\/23328"}],"wp:featuredmedia":[{"embeddable":true,"href":"https:\/\/tiendaflex.ec\/en\/wp-json\/wp\/v2\/media\/17841"}],"wp:attachment":[{"href":"https:\/\/tiendaflex.ec\/en\/wp-json\/wp\/v2\/media?parent=17834"}],"wp:term":[{"taxonomy":"product_brand","embeddable":true,"href":"https:\/\/tiendaflex.ec\/en\/wp-json\/wp\/v2\/product_brand?post=17834"},{"taxonomy":"product_cat","embeddable":true,"href":"https:\/\/tiendaflex.ec\/en\/wp-json\/wp\/v2\/product_cat?post=17834"},{"taxonomy":"product_tag","embeddable":true,"href":"https:\/\/tiendaflex.ec\/en\/wp-json\/wp\/v2\/product_tag?post=17834"}],"curies":[{"name":"wp","href":"https:\/\/api.w.org\/{rel}","templated":true}]}}