{"id":17828,"date":"2025-05-05T19:16:30","date_gmt":"2025-05-06T00:16:30","guid":{"rendered":"https:\/\/tiendaflex.ec\/?post_type=product&#038;p=17828"},"modified":"2025-06-03T20:00:11","modified_gmt":"2025-06-04T01:00:11","slug":"colchon-imperial-pillow-gris","status":"publish","type":"product","link":"https:\/\/tiendaflex.ec\/en\/product\/colchon-imperial-pillow-gris\/","title":{"rendered":"Colch\u00f3n Imperial PILLOW Gris"},"content":{"rendered":"","protected":false},"excerpt":{"rendered":"<p>\u00a1El confort superior que transforma tus noches! \ud83c\udf19\u2728\u00bb<\/p>\n<p>\u00ab\ud83d\udcab Dise\u00f1ado para brindar un descanso suave y reparador, con su capa tipo pillow top que a\u00f1ade una sensaci\u00f3n de lujo y comodidad inigualable.<\/p>\n<p>\u2714\ufe0f Pillow top para mayor suavidad y confort<br \/>\n\u2714\ufe0f Firmeza media-alta: ideal para espalda y postura<br \/>\n\u2714\ufe0f Acabado en tela gris elegante y moderna<br \/>\n\u2714\ufe0f Espuma de alta densidad y durabilidad garantizada<br \/>\n\u2714\ufe0f Fabricado por Chaide &amp; Chaide, l\u00edderes en descanso<\/p>\n<p>\ud83d\udcde Cont\u00e1ctanos: +593984123231<\/p>\n<p>\ud83d\udecc \u00a1Haz del descanso tu mejor inversi\u00f3n, con calidad premium en cada noche!<\/p>","protected":false},"featured_media":17781,"comment_status":"open","ping_status":"closed","template":"","meta":{"_acf_changed":false},"product_brand":[],"product_cat":[543],"product_tag":[],"class_list":{"0":"post-17828","1":"product","2":"type-product","3":"status-publish","4":"has-post-thumbnail","6":"product_cat-colchones","8":"first","9":"instock","10":"sale","11":"taxable","12":"shipping-taxable","13":"purchasable","14":"product-type-variable"},"acf":[],"_links":{"self":[{"href":"https:\/\/tiendaflex.ec\/en\/wp-json\/wp\/v2\/product\/17828","targetHints":{"allow":["GET"]}}],"collection":[{"href":"https:\/\/tiendaflex.ec\/en\/wp-json\/wp\/v2\/product"}],"about":[{"href":"https:\/\/tiendaflex.ec\/en\/wp-json\/wp\/v2\/types\/product"}],"replies":[{"embeddable":true,"href":"https:\/\/tiendaflex.ec\/en\/wp-json\/wp\/v2\/comments?post=17828"}],"version-history":[{"count":2,"href":"https:\/\/tiendaflex.ec\/en\/wp-json\/wp\/v2\/product\/17828\/revisions"}],"predecessor-version":[{"id":17833,"href":"https:\/\/tiendaflex.ec\/en\/wp-json\/wp\/v2\/product\/17828\/revisions\/17833"}],"wp:featuredmedia":[{"embeddable":true,"href":"https:\/\/tiendaflex.ec\/en\/wp-json\/wp\/v2\/media\/17781"}],"wp:attachment":[{"href":"https:\/\/tiendaflex.ec\/en\/wp-json\/wp\/v2\/media?parent=17828"}],"wp:term":[{"taxonomy":"product_brand","embeddable":true,"href":"https:\/\/tiendaflex.ec\/en\/wp-json\/wp\/v2\/product_brand?post=17828"},{"taxonomy":"product_cat","embeddable":true,"href":"https:\/\/tiendaflex.ec\/en\/wp-json\/wp\/v2\/product_cat?post=17828"},{"taxonomy":"product_tag","embeddable":true,"href":"https:\/\/tiendaflex.ec\/en\/wp-json\/wp\/v2\/product_tag?post=17828"}],"curies":[{"name":"wp","href":"https:\/\/api.w.org\/{rel}","templated":true}]}}