{"id":17792,"date":"2025-05-05T18:10:09","date_gmt":"2025-05-05T23:10:09","guid":{"rendered":"https:\/\/tiendaflex.ec\/?post_type=product&#038;p=17792"},"modified":"2025-09-08T17:53:51","modified_gmt":"2025-09-08T22:53:51","slug":"kit-herramienta-rotativa-de-precision-ryobi-one-18v","status":"publish","type":"product","link":"https:\/\/tiendaflex.ec\/en\/product\/kit-herramienta-rotativa-de-precision-ryobi-one-18v\/","title":{"rendered":"KIT HERRAMIENTA ROTATIVA DE PRECISI\u00d3N RYOBI ONE+ 18V"},"content":{"rendered":"","protected":false},"excerpt":{"rendered":"<p>Proyectos creativos con m\u00e1xima precisi\u00f3n \ud83c\udfaf<br \/>\nPerfecta para manualidades, detalles en madera, vidrio o metal. \u00a1Ligera, port\u00e1til y sin cables!\u00bb<\/p>\n<ul>\n<li>Marca: RYOBI<\/li>\n<\/ul>\n<p>\u00ab\u2699\ufe0f Caracter\u00edsticas destacadas:<br \/>\n\u2714\ufe0f Ideal para manualidades y trabajos de precisi\u00f3n<br \/>\n\u2714\ufe0f 5 velocidades variables para control total<br \/>\n\u2714\ufe0f Pinza de cambio r\u00e1pido: cambia accesorios 4 veces m\u00e1s r\u00e1pido<br \/>\n\u2714\ufe0f Compartimento integrado para accesorios<br \/>\n\u2714\ufe0f Port\u00e1til: sin necesidad de cables<\/p>\n<p>\ud83d\udce6 Incluye:<br \/>\n\ud83d\udd27 Herramienta rotativa de precisi\u00f3n ONE+ 18 V<br \/>\n\ud83d\udd29 15 accesorios para grabar, tallar, pulir, lijar y m\u00e1s<br \/>\n\ud83d\udd0b Bater\u00eda ONE+ de 18 V y 2.0 Ah<br \/>\n\ud83d\udd0c Cargador 18 V ONE+<br \/>\n\ud83d\udee0\ufe0f Llave y manual del usuario<\/p>\n<p>\ud83d\udcde Cont\u00e1ctanos: +593984123231<\/p>\n<p>\ud83d\udd8c\ufe0f \u00a1Lleva tus ideas al siguiente nivel con precisi\u00f3n y libertad! \ud83d\udd8c\ufe0f<\/p>","protected":false},"featured_media":17784,"comment_status":"open","ping_status":"closed","template":"","meta":{"_acf_changed":false},"product_brand":[],"product_cat":[544,661],"product_tag":[],"class_list":{"0":"post-17792","1":"product","2":"type-product","3":"status-publish","4":"has-post-thumbnail","6":"product_cat-agricultura-e-industria","7":"product_cat-herramientas-rotativas","9":"first","10":"instock","11":"sale","12":"taxable","13":"shipping-taxable","14":"purchasable","15":"product-type-simple"},"acf":[],"_links":{"self":[{"href":"https:\/\/tiendaflex.ec\/en\/wp-json\/wp\/v2\/product\/17792","targetHints":{"allow":["GET"]}}],"collection":[{"href":"https:\/\/tiendaflex.ec\/en\/wp-json\/wp\/v2\/product"}],"about":[{"href":"https:\/\/tiendaflex.ec\/en\/wp-json\/wp\/v2\/types\/product"}],"replies":[{"embeddable":true,"href":"https:\/\/tiendaflex.ec\/en\/wp-json\/wp\/v2\/comments?post=17792"}],"version-history":[{"count":5,"href":"https:\/\/tiendaflex.ec\/en\/wp-json\/wp\/v2\/product\/17792\/revisions"}],"predecessor-version":[{"id":23329,"href":"https:\/\/tiendaflex.ec\/en\/wp-json\/wp\/v2\/product\/17792\/revisions\/23329"}],"wp:featuredmedia":[{"embeddable":true,"href":"https:\/\/tiendaflex.ec\/en\/wp-json\/wp\/v2\/media\/17784"}],"wp:attachment":[{"href":"https:\/\/tiendaflex.ec\/en\/wp-json\/wp\/v2\/media?parent=17792"}],"wp:term":[{"taxonomy":"product_brand","embeddable":true,"href":"https:\/\/tiendaflex.ec\/en\/wp-json\/wp\/v2\/product_brand?post=17792"},{"taxonomy":"product_cat","embeddable":true,"href":"https:\/\/tiendaflex.ec\/en\/wp-json\/wp\/v2\/product_cat?post=17792"},{"taxonomy":"product_tag","embeddable":true,"href":"https:\/\/tiendaflex.ec\/en\/wp-json\/wp\/v2\/product_tag?post=17792"}],"curies":[{"name":"wp","href":"https:\/\/api.w.org\/{rel}","templated":true}]}}