{"id":17789,"date":"2025-05-05T18:06:21","date_gmt":"2025-05-05T23:06:21","guid":{"rendered":"https:\/\/tiendaflex.ec\/?post_type=product&#038;p=17789"},"modified":"2025-07-30T11:02:59","modified_gmt":"2025-07-30T16:02:59","slug":"kit-taladro-atornillador-ryobi-one-18v","status":"publish","type":"product","link":"https:\/\/tiendaflex.ec\/en\/product\/kit-taladro-atornillador-ryobi-one-18v\/","title":{"rendered":"KIT TALADRO \/ ATORNILLADOR RYOBI ONE+ 18V"},"content":{"rendered":"","protected":false},"excerpt":{"rendered":"<p>\u00a1Ideal para proyectos dom\u00e9sticos y profesionales! F\u00e1cil de usar, con luz LED y ajuste preciso de torque.\u00bb<\/p>\n<p>\u00ab\u2699\ufe0f Caracter\u00edsticas destacadas:<br \/>\n\u2714\ufe0f Hasta 600 RPM para perforaci\u00f3n eficiente<br \/>\n\u2714\ufe0f Embrague de 24 posiciones: controla la profundidad del tornillo o sujetador<br \/>\n\u2714\ufe0f Compacto: ideal para espacios reducidos<br \/>\n\u2714\ufe0f Luz LED incorporada<br \/>\n\u2714\ufe0f Compartimento para brocas integrado<br \/>\n\u2714\ufe0f Parte del sistema ONE+ de 18V<br \/>\n\u2714\ufe0f Garant\u00eda del fabricante RYOBI de 3 a\u00f1os<\/p>\n<p>\ud83d\udce6 Incluye:<br \/>\n\ud83d\udd0b Taladro\/atornillador inal\u00e1mbrico ONE+ 18V (3\/8\u201d)<br \/>\n\ud83d\udd0b Bater\u00eda de iones de litio ONE+ de 1.5 Ah<br \/>\n\ud83d\udd0c Cargador 18V ONE+<br \/>\n\ud83d\udd29 Broca de doble punta y manual<\/p>\n<p>\ud83d\udcde Cont\u00e1ctanos: +593984123231<\/p>\n<p>\u26a1 \u00a1Haz el trabajo m\u00e1s f\u00e1cil con RYOBI, precisi\u00f3n en tus manos! \u26a1<\/p>","protected":false},"featured_media":17783,"comment_status":"open","ping_status":"closed","template":"","meta":{"_acf_changed":false},"product_brand":[],"product_cat":[544,558],"product_tag":[],"class_list":{"0":"post-17789","1":"product","2":"type-product","3":"status-publish","4":"has-post-thumbnail","6":"product_cat-agricultura-e-industria","7":"product_cat-taladro","9":"first","10":"instock","11":"sale","12":"taxable","13":"shipping-taxable","14":"purchasable","15":"product-type-simple"},"acf":[],"_links":{"self":[{"href":"https:\/\/tiendaflex.ec\/en\/wp-json\/wp\/v2\/product\/17789","targetHints":{"allow":["GET"]}}],"collection":[{"href":"https:\/\/tiendaflex.ec\/en\/wp-json\/wp\/v2\/product"}],"about":[{"href":"https:\/\/tiendaflex.ec\/en\/wp-json\/wp\/v2\/types\/product"}],"replies":[{"embeddable":true,"href":"https:\/\/tiendaflex.ec\/en\/wp-json\/wp\/v2\/comments?post=17789"}],"version-history":[{"count":2,"href":"https:\/\/tiendaflex.ec\/en\/wp-json\/wp\/v2\/product\/17789\/revisions"}],"predecessor-version":[{"id":17791,"href":"https:\/\/tiendaflex.ec\/en\/wp-json\/wp\/v2\/product\/17789\/revisions\/17791"}],"wp:featuredmedia":[{"embeddable":true,"href":"https:\/\/tiendaflex.ec\/en\/wp-json\/wp\/v2\/media\/17783"}],"wp:attachment":[{"href":"https:\/\/tiendaflex.ec\/en\/wp-json\/wp\/v2\/media?parent=17789"}],"wp:term":[{"taxonomy":"product_brand","embeddable":true,"href":"https:\/\/tiendaflex.ec\/en\/wp-json\/wp\/v2\/product_brand?post=17789"},{"taxonomy":"product_cat","embeddable":true,"href":"https:\/\/tiendaflex.ec\/en\/wp-json\/wp\/v2\/product_cat?post=17789"},{"taxonomy":"product_tag","embeddable":true,"href":"https:\/\/tiendaflex.ec\/en\/wp-json\/wp\/v2\/product_tag?post=17789"}],"curies":[{"name":"wp","href":"https:\/\/api.w.org\/{rel}","templated":true}]}}