{"id":17751,"date":"2025-05-02T14:40:04","date_gmt":"2025-05-02T19:40:04","guid":{"rendered":"https:\/\/tiendaflex.ec\/?post_type=product&#038;p=17751"},"modified":"2025-09-09T21:47:25","modified_gmt":"2025-09-10T02:47:25","slug":"lijadora-de-banda-one-de-18-v","status":"publish","type":"product","link":"https:\/\/tiendaflex.ec\/en\/product\/lijadora-de-banda-one-de-18-v\/","title":{"rendered":"LIJADORA DE BANDA ONE+ DE 18 V"},"content":{"rendered":"","protected":false},"excerpt":{"rendered":"<p>\u00a1La herramienta perfecta para restaurar, limpiar y dar un acabado profesional a tus proyectos! Ideal para espacios reducidos y trabajos de restauraci\u00f3n, como antig\u00fcedades o eliminaci\u00f3n de \u00f3xido.\u00bb<\/p>\n<ul>\n<li>Marca: RYOBI<\/li>\n<\/ul>\n<p>\u00ab\ud83d\udd0b Caracter\u00edsticas destacadas:<br \/>\n\u2714\ufe0f Dise\u00f1o ergon\u00f3mico para lijar c\u00f3modamente en espacios reducidos<br \/>\n\u2714\ufe0f Ideal para restaurar antig\u00fcedades, eliminar \u00f3xido y dar un acabado perfecto<br \/>\n\u2714\ufe0f Cambio de correa sin herramientas para mayor comodidad<br \/>\n\u2714\ufe0f Sistema ONE+: compatible con todas las bater\u00edas y herramientas ONE+ de 18 V<\/p>\n<p>\ud83d\udce6 Incluye:<br \/>\n\ud83d\udd27 Lijadora de banda ONE+ de 18 V y 1\/2&#8243;\u00bb x 18&#8243;\u00bb<br \/>\n\ud83d\udcc4 Papel de lija: grano 60, grano 80 y grano 120<\/p>\n<p>\ud83d\udcde Cont\u00e1ctanos: +593984123231<\/p>\n<p>\ud83d\udd27 \u00a1La herramienta ideal para tus proyectos de restauraci\u00f3n y bricolaje!<\/p>","protected":false},"featured_media":17724,"comment_status":"open","ping_status":"closed","template":"","meta":{"_acf_changed":false},"product_brand":[],"product_cat":[544,624],"product_tag":[],"class_list":{"0":"post-17751","1":"product","2":"type-product","3":"status-publish","4":"has-post-thumbnail","6":"product_cat-agricultura-e-industria","7":"product_cat-lijadoras","9":"first","10":"instock","11":"sale","12":"taxable","13":"shipping-taxable","14":"purchasable","15":"product-type-simple"},"acf":[],"_links":{"self":[{"href":"https:\/\/tiendaflex.ec\/en\/wp-json\/wp\/v2\/product\/17751","targetHints":{"allow":["GET"]}}],"collection":[{"href":"https:\/\/tiendaflex.ec\/en\/wp-json\/wp\/v2\/product"}],"about":[{"href":"https:\/\/tiendaflex.ec\/en\/wp-json\/wp\/v2\/types\/product"}],"replies":[{"embeddable":true,"href":"https:\/\/tiendaflex.ec\/en\/wp-json\/wp\/v2\/comments?post=17751"}],"version-history":[{"count":3,"href":"https:\/\/tiendaflex.ec\/en\/wp-json\/wp\/v2\/product\/17751\/revisions"}],"predecessor-version":[{"id":23659,"href":"https:\/\/tiendaflex.ec\/en\/wp-json\/wp\/v2\/product\/17751\/revisions\/23659"}],"wp:featuredmedia":[{"embeddable":true,"href":"https:\/\/tiendaflex.ec\/en\/wp-json\/wp\/v2\/media\/17724"}],"wp:attachment":[{"href":"https:\/\/tiendaflex.ec\/en\/wp-json\/wp\/v2\/media?parent=17751"}],"wp:term":[{"taxonomy":"product_brand","embeddable":true,"href":"https:\/\/tiendaflex.ec\/en\/wp-json\/wp\/v2\/product_brand?post=17751"},{"taxonomy":"product_cat","embeddable":true,"href":"https:\/\/tiendaflex.ec\/en\/wp-json\/wp\/v2\/product_cat?post=17751"},{"taxonomy":"product_tag","embeddable":true,"href":"https:\/\/tiendaflex.ec\/en\/wp-json\/wp\/v2\/product_tag?post=17751"}],"curies":[{"name":"wp","href":"https:\/\/api.w.org\/{rel}","templated":true}]}}