{"id":17663,"date":"2025-05-01T22:42:41","date_gmt":"2025-05-02T03:42:41","guid":{"rendered":"https:\/\/tiendaflex.ec\/?post_type=product&#038;p=17663"},"modified":"2026-02-25T14:00:44","modified_gmt":"2026-02-25T19:00:44","slug":"nflador-desinflador-digital-doble-funcion-ryobi-one-18v","status":"publish","type":"product","link":"https:\/\/tiendaflex.ec\/en\/product\/nflador-desinflador-digital-doble-funcion-ryobi-one-18v\/","title":{"rendered":"INFLADOR\/DESINFLADOR DIGITAL DOBLE FUNCI\u00d3N RYOBI ONE+ 18V"},"content":{"rendered":"","protected":false},"excerpt":{"rendered":"<p>Ideal para neum\u00e1ticos, balones, colchones inflables y m\u00e1s.\u00bb<\/p>\n<p>\u00abCaracter\u00edsticas destacadas:<br \/>\n\u2714\ufe0f Inflado de alta presi\u00f3n (hasta 160 PSI)<br \/>\n\u2714\ufe0f Alto volumen de inflado\/desinflado (hasta 16 SCFM)<br \/>\n\u2714\ufe0f Man\u00f3metro digital con lecturas claras<br \/>\n\u2714\ufe0f Apagado autom\u00e1tico al alcanzar la presi\u00f3n deseada<br \/>\n\u2714\ufe0f Luz LED integrada para trabajos con poca visibilidad<br \/>\n\u2714\ufe0f Almacenamiento de accesorios integrado<br \/>\n\u2714\ufe0f Asa de transporte y uso manos libres<br \/>\n\u2714\ufe0f Compatible con todo el sistema RYOBI ONE+ de 18V<\/p>\n<p>\ud83d\udce6 Incluye m\u00faltiples boquillas y adaptadores para diversos usos.<\/p>\n<p>\ud83d\udcde Contacto: +593984123231<\/p>\n<p>\ud83d\udd27 Versatilidad y potencia en un solo equipo. \u00a1Infla, desinfla y listo!<\/p>","protected":false},"featured_media":17603,"comment_status":"open","ping_status":"closed","template":"","meta":{"_acf_changed":false},"product_brand":[],"product_cat":[544,623],"product_tag":[],"class_list":{"0":"post-17663","1":"product","2":"type-product","3":"status-publish","4":"has-post-thumbnail","6":"product_cat-agricultura-e-industria","7":"product_cat-infladores-y-compresores","9":"first","10":"instock","11":"sale","12":"taxable","13":"shipping-taxable","14":"purchasable","15":"product-type-simple"},"acf":[],"_links":{"self":[{"href":"https:\/\/tiendaflex.ec\/en\/wp-json\/wp\/v2\/product\/17663","targetHints":{"allow":["GET"]}}],"collection":[{"href":"https:\/\/tiendaflex.ec\/en\/wp-json\/wp\/v2\/product"}],"about":[{"href":"https:\/\/tiendaflex.ec\/en\/wp-json\/wp\/v2\/types\/product"}],"replies":[{"embeddable":true,"href":"https:\/\/tiendaflex.ec\/en\/wp-json\/wp\/v2\/comments?post=17663"}],"version-history":[{"count":3,"href":"https:\/\/tiendaflex.ec\/en\/wp-json\/wp\/v2\/product\/17663\/revisions"}],"predecessor-version":[{"id":21219,"href":"https:\/\/tiendaflex.ec\/en\/wp-json\/wp\/v2\/product\/17663\/revisions\/21219"}],"wp:featuredmedia":[{"embeddable":true,"href":"https:\/\/tiendaflex.ec\/en\/wp-json\/wp\/v2\/media\/17603"}],"wp:attachment":[{"href":"https:\/\/tiendaflex.ec\/en\/wp-json\/wp\/v2\/media?parent=17663"}],"wp:term":[{"taxonomy":"product_brand","embeddable":true,"href":"https:\/\/tiendaflex.ec\/en\/wp-json\/wp\/v2\/product_brand?post=17663"},{"taxonomy":"product_cat","embeddable":true,"href":"https:\/\/tiendaflex.ec\/en\/wp-json\/wp\/v2\/product_cat?post=17663"},{"taxonomy":"product_tag","embeddable":true,"href":"https:\/\/tiendaflex.ec\/en\/wp-json\/wp\/v2\/product_tag?post=17663"}],"curies":[{"name":"wp","href":"https:\/\/api.w.org\/{rel}","templated":true}]}}