{"id":17492,"date":"2025-04-29T20:35:50","date_gmt":"2025-04-30T01:35:50","guid":{"rendered":"https:\/\/tiendaflex.ec\/?post_type=product&#038;p=17492"},"modified":"2025-07-24T21:49:39","modified_gmt":"2025-07-25T02:49:39","slug":"edredon-zafiro-llano","status":"publish","type":"product","link":"https:\/\/tiendaflex.ec\/en\/product\/edredon-zafiro-llano\/","title":{"rendered":"Edred\u00f3n Zafiro Llano"},"content":{"rendered":"","protected":false},"excerpt":{"rendered":"<p>El Edred\u00f3n Zafiro Llano es la elecci\u00f3n perfecta para quienes desean descansar con abrigo y elegancia. Su dise\u00f1o minimalista y textura suave lo convierten en un complemento ideal para cualquier habitaci\u00f3n, ofreciendo un confort envolvente en cada noche.\u00bb<\/p>\n<p>\u00abCaracter\u00edsticas destacadas:<br \/>\n\u2714\ufe0f Textura confortable \u2013 Acabado suave al tacto que brinda una sensaci\u00f3n placentera.<br \/>\n\u2714\ufe0f Dise\u00f1o sencillo y elegante \u2013 Perfecto para quienes prefieren un estilo limpio y sobrio.<br \/>\n\u2714\ufe0f F\u00e1cil de lavar \u2013 Material duradero y lavable para un uso cotidiano sin complicaciones.<br \/>\n\u2714\ufe0f Ideal para el uso diario \u2013 Proporciona abrigo sin exceso de peso.<br \/>\n\u2714\ufe0f Excelente relaci\u00f3n calidad-precio \u2013 Abr\u00edgate sin gastar de m\u00e1s.<\/p>\n<p>\ud83d\udcde Cont\u00e1ctanos: +593984123231<\/p>\n<p>\ud83d\udd11 \u00a1Haz de tu descanso una experiencia m\u00e1s c\u00e1lida con el Edred\u00f3n Zafiro Llano! \ud83d\udca4\u2728<\/p>","protected":false},"featured_media":17504,"comment_status":"open","ping_status":"closed","template":"","meta":{"_acf_changed":false},"product_brand":[],"product_cat":[643,642],"product_tag":[],"class_list":{"0":"post-17492","1":"product","2":"type-product","3":"status-publish","4":"has-post-thumbnail","6":"product_cat-edredones","7":"product_cat-ropa-de-cama","9":"first","10":"instock","11":"sale","12":"taxable","13":"shipping-taxable","14":"purchasable","15":"product-type-variable"},"acf":[],"_links":{"self":[{"href":"https:\/\/tiendaflex.ec\/en\/wp-json\/wp\/v2\/product\/17492","targetHints":{"allow":["GET"]}}],"collection":[{"href":"https:\/\/tiendaflex.ec\/en\/wp-json\/wp\/v2\/product"}],"about":[{"href":"https:\/\/tiendaflex.ec\/en\/wp-json\/wp\/v2\/types\/product"}],"replies":[{"embeddable":true,"href":"https:\/\/tiendaflex.ec\/en\/wp-json\/wp\/v2\/comments?post=17492"}],"version-history":[{"count":2,"href":"https:\/\/tiendaflex.ec\/en\/wp-json\/wp\/v2\/product\/17492\/revisions"}],"predecessor-version":[{"id":17534,"href":"https:\/\/tiendaflex.ec\/en\/wp-json\/wp\/v2\/product\/17492\/revisions\/17534"}],"wp:featuredmedia":[{"embeddable":true,"href":"https:\/\/tiendaflex.ec\/en\/wp-json\/wp\/v2\/media\/17504"}],"wp:attachment":[{"href":"https:\/\/tiendaflex.ec\/en\/wp-json\/wp\/v2\/media?parent=17492"}],"wp:term":[{"taxonomy":"product_brand","embeddable":true,"href":"https:\/\/tiendaflex.ec\/en\/wp-json\/wp\/v2\/product_brand?post=17492"},{"taxonomy":"product_cat","embeddable":true,"href":"https:\/\/tiendaflex.ec\/en\/wp-json\/wp\/v2\/product_cat?post=17492"},{"taxonomy":"product_tag","embeddable":true,"href":"https:\/\/tiendaflex.ec\/en\/wp-json\/wp\/v2\/product_tag?post=17492"}],"curies":[{"name":"wp","href":"https:\/\/api.w.org\/{rel}","templated":true}]}}