{"id":17486,"date":"2025-04-27T00:37:40","date_gmt":"2025-04-27T05:37:40","guid":{"rendered":"https:\/\/tiendaflex.ec\/?post_type=product&#038;p=17486"},"modified":"2025-04-29T22:23:33","modified_gmt":"2025-04-30T03:23:33","slug":"15amn7-laptop-ideapad-1","status":"publish","type":"product","link":"https:\/\/tiendaflex.ec\/en\/product\/15amn7-laptop-ideapad-1\/","title":{"rendered":"15AMN7 Laptop Ideapad 1"},"content":{"rendered":"","protected":false},"excerpt":{"rendered":"<p>Ideal para quienes buscan rendimiento y eficiencia a un excelente precio.<\/p>\n<p>Especificaciones:<br \/>\nProcesador AMD Ryzen 3 7320U con 4 n\u00facleos y 8 hilos (2.4\/4.1 GHz).<\/p>\n<p>Capacidad de almacenamiento de 256GB, soporta hasta 1TB.<\/p>\n<p>Memoria RAM de 16GB para un rendimiento \u00e1gil y fluido.<\/p>\n<p>Gr\u00e1ficos integrados AMD Radeon 610M para tareas gr\u00e1ficas b\u00e1sicas.<\/p>\n<p>Sin sistema operativo.<\/p>\n<p>\ud83d\udcde Cont\u00e1ctanos: +593984123231<\/p>","protected":false},"featured_media":17442,"comment_status":"open","ping_status":"closed","template":"","meta":{"_acf_changed":false},"product_brand":[],"product_cat":[635,633],"product_tag":[],"class_list":{"0":"post-17486","1":"product","2":"type-product","3":"status-publish","4":"has-post-thumbnail","6":"product_cat-laptops","7":"product_cat-tecnologia","9":"first","10":"instock","11":"sale","12":"taxable","13":"shipping-taxable","14":"purchasable","15":"product-type-simple"},"acf":[],"_links":{"self":[{"href":"https:\/\/tiendaflex.ec\/en\/wp-json\/wp\/v2\/product\/17486","targetHints":{"allow":["GET"]}}],"collection":[{"href":"https:\/\/tiendaflex.ec\/en\/wp-json\/wp\/v2\/product"}],"about":[{"href":"https:\/\/tiendaflex.ec\/en\/wp-json\/wp\/v2\/types\/product"}],"replies":[{"embeddable":true,"href":"https:\/\/tiendaflex.ec\/en\/wp-json\/wp\/v2\/comments?post=17486"}],"version-history":[{"count":1,"href":"https:\/\/tiendaflex.ec\/en\/wp-json\/wp\/v2\/product\/17486\/revisions"}],"predecessor-version":[{"id":17487,"href":"https:\/\/tiendaflex.ec\/en\/wp-json\/wp\/v2\/product\/17486\/revisions\/17487"}],"wp:featuredmedia":[{"embeddable":true,"href":"https:\/\/tiendaflex.ec\/en\/wp-json\/wp\/v2\/media\/17442"}],"wp:attachment":[{"href":"https:\/\/tiendaflex.ec\/en\/wp-json\/wp\/v2\/media?parent=17486"}],"wp:term":[{"taxonomy":"product_brand","embeddable":true,"href":"https:\/\/tiendaflex.ec\/en\/wp-json\/wp\/v2\/product_brand?post=17486"},{"taxonomy":"product_cat","embeddable":true,"href":"https:\/\/tiendaflex.ec\/en\/wp-json\/wp\/v2\/product_cat?post=17486"},{"taxonomy":"product_tag","embeddable":true,"href":"https:\/\/tiendaflex.ec\/en\/wp-json\/wp\/v2\/product_tag?post=17486"}],"curies":[{"name":"wp","href":"https:\/\/api.w.org\/{rel}","templated":true}]}}