{"id":17465,"date":"2025-04-26T23:38:29","date_gmt":"2025-04-27T04:38:29","guid":{"rendered":"https:\/\/tiendaflex.ec\/?post_type=product&#038;p=17465"},"modified":"2026-02-25T16:27:45","modified_gmt":"2026-02-25T21:27:45","slug":"kit-de-desbrozadora-de-hilo-40v-hp-de-17-ryobi","status":"publish","type":"product","link":"https:\/\/tiendaflex.ec\/en\/product\/kit-de-desbrozadora-de-hilo-40v-hp-de-17-ryobi\/","title":{"rendered":"Kit de Desbrozadora de Hilo 40V HP de 17&#8243; &#8211;  RYOBI"},"content":{"rendered":"","protected":false},"excerpt":{"rendered":"<p>El Kit de Desbrozadora de Hilo RYOBI 40 V HP sin escobillas de 17&#8243;\u00bb es la mejor opci\u00f3n para quienes buscan el poder de la gasolina con menos ruido y m\u00e1s autonom\u00eda. Perfecta para trabajos exigentes en cualquier momento del d\u00eda.\u00bb<\/p>\n<ul>\n<li>Marca: RYOBI<\/li>\n<\/ul>\n<p>\u00abCaracter\u00edsticas destacadas:<br \/>\n\u2714\ufe0f Tecnolog\u00eda 40 V HP \u2013 M\u00e1s potencia que una desbrozadora de gasolina de 30 cc.<br \/>\n\u2714\ufe0f Hasta 67 minutos de autonom\u00eda \u2013 Ideal para trabajos extensos sin interrupciones.<br \/>\n\u2714\ufe0f Serie Whisper \u2013 72 % m\u00e1s silenciosa que una m\u00e1quina de gasolina.<br \/>\n\u2714\ufe0f Ancho de corte ajustable \u2013 De 15&#8243;\u00bb a 17&#8243;\u00bb para enfrentar maleza resistente y c\u00e9sped espeso.<br \/>\n\u2714\ufe0f Eje de fibra de carbono \u2013 Ligero y resistente para mayor comodidad de uso.<br \/>\n\u2714\ufe0f Recarga r\u00e1pida del hilo \u2013 Sistema REEL EASY+ que permite recargar en menos de 60 segundos.<\/p>\n<p>Incluye:<br \/>\n\u2705 Desbrozadora de hilo RY402011BTL de 40 V HP sin escobillas 17&#8243;\u00bb.<br \/>\n\u2705 Bater\u00eda de 40 V 6 Ah OP40605.<br \/>\n\u2705 Cargador r\u00e1pido OP406A de 40 V.<\/p>\n<p>\ud83d\udcde Cont\u00e1ctanos: +593984123231<\/p>\n<p>\ud83d\udd11 \u00a1Domina la maleza y el c\u00e9sped espeso con la potencia silenciosa de RYOBI 40 V HP! \ud83c\udf31\u2728<\/p>","protected":false},"featured_media":17444,"comment_status":"open","ping_status":"closed","template":"","meta":{"_acf_changed":false},"product_brand":[],"product_cat":[544,625],"product_tag":[],"class_list":{"0":"post-17465","1":"product","2":"type-product","3":"status-publish","4":"has-post-thumbnail","6":"product_cat-agricultura-e-industria","7":"product_cat-desbrozadoras-y-bordeadoras","9":"first","10":"instock","11":"sale","12":"taxable","13":"shipping-taxable","14":"purchasable","15":"product-type-simple"},"acf":[],"_links":{"self":[{"href":"https:\/\/tiendaflex.ec\/en\/wp-json\/wp\/v2\/product\/17465","targetHints":{"allow":["GET"]}}],"collection":[{"href":"https:\/\/tiendaflex.ec\/en\/wp-json\/wp\/v2\/product"}],"about":[{"href":"https:\/\/tiendaflex.ec\/en\/wp-json\/wp\/v2\/types\/product"}],"replies":[{"embeddable":true,"href":"https:\/\/tiendaflex.ec\/en\/wp-json\/wp\/v2\/comments?post=17465"}],"version-history":[{"count":3,"href":"https:\/\/tiendaflex.ec\/en\/wp-json\/wp\/v2\/product\/17465\/revisions"}],"predecessor-version":[{"id":23407,"href":"https:\/\/tiendaflex.ec\/en\/wp-json\/wp\/v2\/product\/17465\/revisions\/23407"}],"wp:featuredmedia":[{"embeddable":true,"href":"https:\/\/tiendaflex.ec\/en\/wp-json\/wp\/v2\/media\/17444"}],"wp:attachment":[{"href":"https:\/\/tiendaflex.ec\/en\/wp-json\/wp\/v2\/media?parent=17465"}],"wp:term":[{"taxonomy":"product_brand","embeddable":true,"href":"https:\/\/tiendaflex.ec\/en\/wp-json\/wp\/v2\/product_brand?post=17465"},{"taxonomy":"product_cat","embeddable":true,"href":"https:\/\/tiendaflex.ec\/en\/wp-json\/wp\/v2\/product_cat?post=17465"},{"taxonomy":"product_tag","embeddable":true,"href":"https:\/\/tiendaflex.ec\/en\/wp-json\/wp\/v2\/product_tag?post=17465"}],"curies":[{"name":"wp","href":"https:\/\/api.w.org\/{rel}","templated":true}]}}