{"id":17454,"date":"2025-04-26T23:26:22","date_gmt":"2025-04-27T04:26:22","guid":{"rendered":"https:\/\/tiendaflex.ec\/?post_type=product&#038;p=17454"},"modified":"2025-04-29T22:21:28","modified_gmt":"2025-04-30T03:21:28","slug":"sabanas-sunset-chaidechaide","status":"publish","type":"product","link":"https:\/\/tiendaflex.ec\/en\/product\/sabanas-sunset-chaidechaide\/","title":{"rendered":"S\u00e1banas Sunset &#8211; Chaide&#038;Chaide"},"content":{"rendered":"","protected":false},"excerpt":{"rendered":"<p>Las S\u00e1banas Sunset de Chaide&amp;Chaide son la elecci\u00f3n ideal para quienes buscan comodidad y un toque de sofisticaci\u00f3n en su dormitorio. Confeccionadas con materiales de alta calidad, ofrecen una sensaci\u00f3n de frescura y confort para un descanso inigualable.\u00bb<\/p>\n<p>\u00abCaracter\u00edsticas destacadas:<br \/>\n\u2714\ufe0f Tejido suave y resistente \u2013 Proporciona una textura agradable al tacto y alta durabilidad.<br \/>\n\u2714\ufe0f Dise\u00f1o elegante \u2013 Tonos modernos que combinan con cualquier estilo de habitaci\u00f3n.<br \/>\n\u2714\ufe0f F\u00e1cil cuidado \u2013 Lavado sencillo sin perder su suavidad ni color.<br \/>\n\u2714\ufe0f Ajuste perfecto \u2013 Dise\u00f1o que se adapta c\u00f3modamente al colch\u00f3n.<br \/>\n\u2714\ufe0f Confecci\u00f3n de calidad \u2013 Garant\u00eda de un producto que acompa\u00f1a tu descanso por mucho tiempo.<\/p>\n<p>\ud83d\udcde Cont\u00e1ctanos: +593984123231<\/p>\n<p>\ud83d\udd11 \u00a1Renueva tu descanso con las S\u00e1banas Sunset de Chaide&amp;Chaide y disfruta cada noche como mereces! \u2728\ud83d\udecc<\/p>","protected":false},"featured_media":17437,"comment_status":"open","ping_status":"closed","template":"","meta":{"_acf_changed":false},"product_brand":[],"product_cat":[642,637],"product_tag":[],"class_list":{"0":"post-17454","1":"product","2":"type-product","3":"status-publish","4":"has-post-thumbnail","6":"product_cat-ropa-de-cama","7":"product_cat-sabanas","9":"first","10":"instock","11":"sale","12":"taxable","13":"shipping-taxable","14":"purchasable","15":"product-type-variable"},"acf":[],"_links":{"self":[{"href":"https:\/\/tiendaflex.ec\/en\/wp-json\/wp\/v2\/product\/17454","targetHints":{"allow":["GET"]}}],"collection":[{"href":"https:\/\/tiendaflex.ec\/en\/wp-json\/wp\/v2\/product"}],"about":[{"href":"https:\/\/tiendaflex.ec\/en\/wp-json\/wp\/v2\/types\/product"}],"replies":[{"embeddable":true,"href":"https:\/\/tiendaflex.ec\/en\/wp-json\/wp\/v2\/comments?post=17454"}],"version-history":[{"count":2,"href":"https:\/\/tiendaflex.ec\/en\/wp-json\/wp\/v2\/product\/17454\/revisions"}],"predecessor-version":[{"id":17460,"href":"https:\/\/tiendaflex.ec\/en\/wp-json\/wp\/v2\/product\/17454\/revisions\/17460"}],"wp:featuredmedia":[{"embeddable":true,"href":"https:\/\/tiendaflex.ec\/en\/wp-json\/wp\/v2\/media\/17437"}],"wp:attachment":[{"href":"https:\/\/tiendaflex.ec\/en\/wp-json\/wp\/v2\/media?parent=17454"}],"wp:term":[{"taxonomy":"product_brand","embeddable":true,"href":"https:\/\/tiendaflex.ec\/en\/wp-json\/wp\/v2\/product_brand?post=17454"},{"taxonomy":"product_cat","embeddable":true,"href":"https:\/\/tiendaflex.ec\/en\/wp-json\/wp\/v2\/product_cat?post=17454"},{"taxonomy":"product_tag","embeddable":true,"href":"https:\/\/tiendaflex.ec\/en\/wp-json\/wp\/v2\/product_tag?post=17454"}],"curies":[{"name":"wp","href":"https:\/\/api.w.org\/{rel}","templated":true}]}}