{"id":17408,"date":"2025-04-23T22:44:05","date_gmt":"2025-04-24T03:44:05","guid":{"rendered":"https:\/\/tiendaflex.ec\/?post_type=product&#038;p=17408"},"modified":"2025-09-10T16:19:00","modified_gmt":"2025-09-10T21:19:00","slug":"qua-encimera-a-gas-60cm-croma","status":"publish","type":"product","link":"https:\/\/tiendaflex.ec\/en\/product\/qua-encimera-a-gas-60cm-croma\/","title":{"rendered":"QUA &#8211; ENCIMERA A GAS 60CM CROMA"},"content":{"rendered":"","protected":false},"excerpt":{"rendered":"<p>La opci\u00f3n perfecta para tu cocina, con tecnolog\u00eda avanzada y un dise\u00f1o moderno.\u00bb<\/p>\n<ul>\n<li>Marca: INDURAMA<\/li>\n<\/ul>\n<p>\u00ab\u2705 Caracter\u00edsticas destacadas<br \/>\n\u2022 Tablero en acero inoxidable para mayor resistencia y f\u00e1cil limpieza<br \/>\n\u2022 Encendido electr\u00f3nico en perillas para un uso m\u00e1s c\u00f3modo y r\u00e1pido<br \/>\n\u2022 Parrillas fundidas que aseguran durabilidad y estabilidad<br \/>\n\u2022 Sistema de combusti\u00f3n sellado para una mayor eficiencia<br \/>\n\u2022 Quemador triple corona para mayor potencia y un cocinado uniforme<\/p>\n<p>&#8211; Dimensiones: Alto: 10 cm Ancho: 60 cm Prof.: 51 cm.<br \/>\n&#8211; Dimensiones a empotrar: Ancho: 55 cm Profundidad: 48 cm.<\/p>\n<p>\ud83d\udcde Info y reservas: +593 984 123 231<\/p>","protected":false},"featured_media":17370,"comment_status":"open","ping_status":"closed","template":"","meta":{"_acf_changed":false},"product_brand":[],"product_cat":[549,572],"product_tag":[],"class_list":{"0":"post-17408","1":"product","2":"type-product","3":"status-publish","4":"has-post-thumbnail","6":"product_cat-electrodomesticos","7":"product_cat-encimeras","9":"first","10":"instock","11":"sale","12":"taxable","13":"shipping-taxable","14":"purchasable","15":"product-type-simple"},"acf":[],"_links":{"self":[{"href":"https:\/\/tiendaflex.ec\/en\/wp-json\/wp\/v2\/product\/17408","targetHints":{"allow":["GET"]}}],"collection":[{"href":"https:\/\/tiendaflex.ec\/en\/wp-json\/wp\/v2\/product"}],"about":[{"href":"https:\/\/tiendaflex.ec\/en\/wp-json\/wp\/v2\/types\/product"}],"replies":[{"embeddable":true,"href":"https:\/\/tiendaflex.ec\/en\/wp-json\/wp\/v2\/comments?post=17408"}],"version-history":[{"count":4,"href":"https:\/\/tiendaflex.ec\/en\/wp-json\/wp\/v2\/product\/17408\/revisions"}],"predecessor-version":[{"id":23778,"href":"https:\/\/tiendaflex.ec\/en\/wp-json\/wp\/v2\/product\/17408\/revisions\/23778"}],"wp:featuredmedia":[{"embeddable":true,"href":"https:\/\/tiendaflex.ec\/en\/wp-json\/wp\/v2\/media\/17370"}],"wp:attachment":[{"href":"https:\/\/tiendaflex.ec\/en\/wp-json\/wp\/v2\/media?parent=17408"}],"wp:term":[{"taxonomy":"product_brand","embeddable":true,"href":"https:\/\/tiendaflex.ec\/en\/wp-json\/wp\/v2\/product_brand?post=17408"},{"taxonomy":"product_cat","embeddable":true,"href":"https:\/\/tiendaflex.ec\/en\/wp-json\/wp\/v2\/product_cat?post=17408"},{"taxonomy":"product_tag","embeddable":true,"href":"https:\/\/tiendaflex.ec\/en\/wp-json\/wp\/v2\/product_tag?post=17408"}],"curies":[{"name":"wp","href":"https:\/\/api.w.org\/{rel}","templated":true}]}}