{"id":17380,"date":"2025-04-23T22:07:04","date_gmt":"2025-04-24T03:07:04","guid":{"rendered":"https:\/\/tiendaflex.ec\/?post_type=product&#038;p=17380"},"modified":"2025-04-29T22:18:57","modified_gmt":"2025-04-30T03:18:57","slug":"tab-m11-4g-lte-128-gb-ram-4-gb-lenovo","status":"publish","type":"product","link":"https:\/\/tiendaflex.ec\/en\/product\/tab-m11-4g-lte-128-gb-ram-4-gb-lenovo\/","title":{"rendered":"TAB\u202fM11\u202f4G\u202fLTE \u2013 128\u202fGB | RAM\u202f4\u202fGB LENOVO"},"content":{"rendered":"","protected":false},"excerpt":{"rendered":"<p>Potencia, portabilidad y conectividad para estudio, trabajo o entretenimiento.<\/p>\n<p>Especificaciones clave<\/p>\n<p>Procesador: MediaTek\u202fHelio\u202fG88 (8 n\u00facleos:\u202f2\u00d7\u202fA75\u202f2.0\u202fGHz\u202f+\u202f6\u00d7\u202fA55\u202f1.8\u202fGHz)<\/p>\n<p>Memoria: 4\u202fGB\u202fRAM | Almacenamiento: 128\u202fGB (ampliable por micro\u2011SD)<\/p>\n<p>Sistema operativo: Android\u202f13, listo para las \u00faltimas funciones de Google<\/p>\n<p>Conectividad: 4G\u202fLTE (ranura SIM) + Wi\u2011Fi + Bluetooth<\/p>\n<p>Pantalla: 11\u2033 Full\u202fHD para contenido n\u00edtido y colores vivos<\/p>\n<p>Audio: Altavoces dobles est\u00e9reo con Dolby Atmos\u2122<\/p>\n<p>Bater\u00eda de larga duraci\u00f3n para todo el d\u00eda<\/p>\n<p>Extras incluidos<br \/>\n\u2713 Lenovo\u202fTab\u202fPen \u2013 toma notas, dibuja y navega con precisi\u00f3n<br \/>\n\u2713 Cargador USB\u2011C y cable de datos<\/p>\n<p>\ud83d\udcde M\u00e1s info: +593\u202f984\u202f123\u202f231<\/p>","protected":false},"featured_media":17373,"comment_status":"open","ping_status":"closed","template":"","meta":{"_acf_changed":false},"product_brand":[],"product_cat":[634,633],"product_tag":[],"class_list":{"0":"post-17380","1":"product","2":"type-product","3":"status-publish","4":"has-post-thumbnail","6":"product_cat-tablets","7":"product_cat-tecnologia","9":"first","10":"outofstock","11":"sale","12":"taxable","13":"shipping-taxable","14":"purchasable","15":"product-type-simple"},"acf":[],"_links":{"self":[{"href":"https:\/\/tiendaflex.ec\/en\/wp-json\/wp\/v2\/product\/17380","targetHints":{"allow":["GET"]}}],"collection":[{"href":"https:\/\/tiendaflex.ec\/en\/wp-json\/wp\/v2\/product"}],"about":[{"href":"https:\/\/tiendaflex.ec\/en\/wp-json\/wp\/v2\/types\/product"}],"replies":[{"embeddable":true,"href":"https:\/\/tiendaflex.ec\/en\/wp-json\/wp\/v2\/comments?post=17380"}],"version-history":[{"count":1,"href":"https:\/\/tiendaflex.ec\/en\/wp-json\/wp\/v2\/product\/17380\/revisions"}],"predecessor-version":[{"id":17381,"href":"https:\/\/tiendaflex.ec\/en\/wp-json\/wp\/v2\/product\/17380\/revisions\/17381"}],"wp:featuredmedia":[{"embeddable":true,"href":"https:\/\/tiendaflex.ec\/en\/wp-json\/wp\/v2\/media\/17373"}],"wp:attachment":[{"href":"https:\/\/tiendaflex.ec\/en\/wp-json\/wp\/v2\/media?parent=17380"}],"wp:term":[{"taxonomy":"product_brand","embeddable":true,"href":"https:\/\/tiendaflex.ec\/en\/wp-json\/wp\/v2\/product_brand?post=17380"},{"taxonomy":"product_cat","embeddable":true,"href":"https:\/\/tiendaflex.ec\/en\/wp-json\/wp\/v2\/product_cat?post=17380"},{"taxonomy":"product_tag","embeddable":true,"href":"https:\/\/tiendaflex.ec\/en\/wp-json\/wp\/v2\/product_tag?post=17380"}],"curies":[{"name":"wp","href":"https:\/\/api.w.org\/{rel}","templated":true}]}}