{"id":17348,"date":"2025-04-22T22:41:45","date_gmt":"2025-04-23T03:41:45","guid":{"rendered":"https:\/\/tiendaflex.ec\/?post_type=product&#038;p=17348"},"modified":"2025-04-29T22:20:02","modified_gmt":"2025-04-30T03:20:02","slug":"cama-milos","status":"publish","type":"product","link":"https:\/\/tiendaflex.ec\/en\/product\/cama-milos\/","title":{"rendered":"Cama Milos"},"content":{"rendered":"","protected":false},"excerpt":{"rendered":"<p>Comodidad y estilo se unen en esta cama de dise\u00f1o moderno, ideal para transformar tu dormitorio en un espacio acogedor y funcional.\u00bb<\/p>\n<p>\u00ab\u2728 CARACTER\u00cdSTICAS DESTACADAS<br \/>\n\u2714 Estructura firme y duradera<br \/>\n\u2714 Acabado sofisticado<br \/>\n\u2714 Dise\u00f1o vers\u00e1til que se adapta a cualquier decoraci\u00f3n<br \/>\n\u2714 Disponible en varias medidas<\/p>\n<p>\ud83d\udcde Cont\u00e1ctanos para m\u00e1s info: +593984123231<\/p>","protected":false},"featured_media":17307,"comment_status":"open","ping_status":"closed","template":"","meta":{"_acf_changed":false},"product_brand":[],"product_cat":[563,542],"product_tag":[],"class_list":{"0":"post-17348","1":"product","2":"type-product","3":"status-publish","4":"has-post-thumbnail","6":"product_cat-camas","7":"product_cat-muebles","9":"first","10":"instock","11":"sale","12":"taxable","13":"shipping-taxable","14":"purchasable","15":"product-type-variable"},"acf":[],"_links":{"self":[{"href":"https:\/\/tiendaflex.ec\/en\/wp-json\/wp\/v2\/product\/17348","targetHints":{"allow":["GET"]}}],"collection":[{"href":"https:\/\/tiendaflex.ec\/en\/wp-json\/wp\/v2\/product"}],"about":[{"href":"https:\/\/tiendaflex.ec\/en\/wp-json\/wp\/v2\/types\/product"}],"replies":[{"embeddable":true,"href":"https:\/\/tiendaflex.ec\/en\/wp-json\/wp\/v2\/comments?post=17348"}],"version-history":[{"count":2,"href":"https:\/\/tiendaflex.ec\/en\/wp-json\/wp\/v2\/product\/17348\/revisions"}],"predecessor-version":[{"id":17354,"href":"https:\/\/tiendaflex.ec\/en\/wp-json\/wp\/v2\/product\/17348\/revisions\/17354"}],"wp:featuredmedia":[{"embeddable":true,"href":"https:\/\/tiendaflex.ec\/en\/wp-json\/wp\/v2\/media\/17307"}],"wp:attachment":[{"href":"https:\/\/tiendaflex.ec\/en\/wp-json\/wp\/v2\/media?parent=17348"}],"wp:term":[{"taxonomy":"product_brand","embeddable":true,"href":"https:\/\/tiendaflex.ec\/en\/wp-json\/wp\/v2\/product_brand?post=17348"},{"taxonomy":"product_cat","embeddable":true,"href":"https:\/\/tiendaflex.ec\/en\/wp-json\/wp\/v2\/product_cat?post=17348"},{"taxonomy":"product_tag","embeddable":true,"href":"https:\/\/tiendaflex.ec\/en\/wp-json\/wp\/v2\/product_tag?post=17348"}],"curies":[{"name":"wp","href":"https:\/\/api.w.org\/{rel}","templated":true}]}}