{"id":17338,"date":"2025-04-22T22:20:44","date_gmt":"2025-04-23T03:20:44","guid":{"rendered":"https:\/\/tiendaflex.ec\/?post_type=product&#038;p=17338"},"modified":"2026-02-24T09:00:47","modified_gmt":"2026-02-24T14:00:47","slug":"cmi-40-parlante-inalambrico-portatil","status":"publish","type":"product","link":"https:\/\/tiendaflex.ec\/en\/product\/cmi-40-parlante-inalambrico-portatil\/","title":{"rendered":"CMI-40 Parlante inal\u00e1mbrico port\u00e1til"},"content":{"rendered":"","protected":false},"excerpt":{"rendered":"<p>\u00a1Sonido potente, conexi\u00f3n total y estilo que brilla!\u00bb<\/p>\n<ul>\n<li>Marca: INDURAMA<\/li>\n<\/ul>\n<p>\u00bb CARACTER\u00cdSTICAS PRINCIPALES<br \/>\n\u2714 Doble Speaker de 8\u201d + Tweeter de 10W<br \/>\n\u2714 Potencia total: 40W RMS<br \/>\n\u2714 Luces LED RGB din\u00e1micas \u00a1elige el color a tu gusto!<br \/>\n\u2714 Bluetooth 5.3 con alcance de hasta 10 metros<br \/>\n\u2714 Bater\u00eda de larga duraci\u00f3n: hasta 8 horas de m\u00fasica<br \/>\n\u2714 Entrada para micr\u00f3fonos y guitarra \u2013 \u00a1Ideal para karaoke!<\/p>\n<p>\ud83d\udd0c CONECTIVIDAD COMPLETA<br \/>\n\u2022 USB | TF | AUX | 2 MIC | GUITARRA | DC 5V | FM | BT<br \/>\n\u2022 Amplifica tu m\u00fasica conectando 2 parlantes del mismo modelo v\u00eda Bluetooth<br \/>\n\u2022 Micr\u00f3fono con cable y control remoto incluidos<\/p>\n<p>\ud83d\udcd0 DIMENSIONES:<br \/>\nAlto: 68.6 cm | Ancho: 30.8 cm | Profundidad: 30 cm<br \/>\n\ud83c\udfa8 Color: Negro<\/p>\n<p>\ud83d\udcde Cont\u00e1ctanos: +593984123231<\/p>","protected":false},"featured_media":17304,"comment_status":"open","ping_status":"closed","template":"","meta":{"_acf_changed":false},"product_brand":[],"product_cat":[608,549],"product_tag":[],"class_list":{"0":"post-17338","1":"product","2":"type-product","3":"status-publish","4":"has-post-thumbnail","6":"product_cat-audio-y-sonido","7":"product_cat-electrodomesticos","9":"first","10":"instock","11":"sale","12":"taxable","13":"shipping-taxable","14":"purchasable","15":"product-type-simple"},"acf":[],"_links":{"self":[{"href":"https:\/\/tiendaflex.ec\/en\/wp-json\/wp\/v2\/product\/17338","targetHints":{"allow":["GET"]}}],"collection":[{"href":"https:\/\/tiendaflex.ec\/en\/wp-json\/wp\/v2\/product"}],"about":[{"href":"https:\/\/tiendaflex.ec\/en\/wp-json\/wp\/v2\/types\/product"}],"replies":[{"embeddable":true,"href":"https:\/\/tiendaflex.ec\/en\/wp-json\/wp\/v2\/comments?post=17338"}],"version-history":[{"count":3,"href":"https:\/\/tiendaflex.ec\/en\/wp-json\/wp\/v2\/product\/17338\/revisions"}],"predecessor-version":[{"id":17340,"href":"https:\/\/tiendaflex.ec\/en\/wp-json\/wp\/v2\/product\/17338\/revisions\/17340"}],"wp:featuredmedia":[{"embeddable":true,"href":"https:\/\/tiendaflex.ec\/en\/wp-json\/wp\/v2\/media\/17304"}],"wp:attachment":[{"href":"https:\/\/tiendaflex.ec\/en\/wp-json\/wp\/v2\/media?parent=17338"}],"wp:term":[{"taxonomy":"product_brand","embeddable":true,"href":"https:\/\/tiendaflex.ec\/en\/wp-json\/wp\/v2\/product_brand?post=17338"},{"taxonomy":"product_cat","embeddable":true,"href":"https:\/\/tiendaflex.ec\/en\/wp-json\/wp\/v2\/product_cat?post=17338"},{"taxonomy":"product_tag","embeddable":true,"href":"https:\/\/tiendaflex.ec\/en\/wp-json\/wp\/v2\/product_tag?post=17338"}],"curies":[{"name":"wp","href":"https:\/\/api.w.org\/{rel}","templated":true}]}}