{"id":17332,"date":"2025-04-22T22:12:40","date_gmt":"2025-04-23T03:12:40","guid":{"rendered":"https:\/\/tiendaflex.ec\/?post_type=product&#038;p=17332"},"modified":"2026-02-25T13:42:11","modified_gmt":"2026-02-25T18:42:11","slug":"tripode-de-luz-led-hibrida-ryobi-one-18v","status":"publish","type":"product","link":"https:\/\/tiendaflex.ec\/en\/product\/tripode-de-luz-led-hibrida-ryobi-one-18v\/","title":{"rendered":"Tr\u00edpode de luz LED h\u00edbrida Ryobi One+ 18V"},"content":{"rendered":"","protected":false},"excerpt":{"rendered":"<p>Ilumina tus proyectos como un profesional, \u00a1donde sea que est\u00e9s!\u00bb<\/p>\n<p>\u00ab\u2705 CARACTER\u00cdSTICAS DESTACADAS<\/p>\n<p>\u2714 Potencia de 2700 l\u00famenes para espacios amplios<br \/>\n\u2714 Tr\u00edpode ajustable hasta 1.5 m de altura<br \/>\n\u2714 Cabezal rotatorio de 310\u00b0 para mayor cobertura<br \/>\n\u2714 Dise\u00f1o compacto y port\u00e1til, se pliega a solo 56 cm<br \/>\n\u2714 Tecnolog\u00eda h\u00edbrida: funciona con bater\u00eda o conectado a corriente<br \/>\n\u2714 Hasta 10 horas de autonom\u00eda con una sola carga*<\/p>\n<ul>\n<li>Marca: RYOBI<\/li>\n<\/ul>\n<p>\ud83d\udce6 INCLUYE:<br \/>\n\u2022 Tr\u00edpode de luz LED h\u00edbrida ONE+ 18V<br \/>\n\u2022 Manual del usuario<br \/>\n\ud83d\udd0b Bater\u00eda y cargador se venden por separado<\/p>\n<p>\ud83d\udcde Cont\u00e1ctanos: +593984123231<\/p>","protected":false},"featured_media":17317,"comment_status":"open","ping_status":"closed","template":"","meta":{"_acf_changed":false},"product_brand":[],"product_cat":[544,713],"product_tag":[],"class_list":{"0":"post-17332","1":"product","2":"type-product","3":"status-publish","4":"has-post-thumbnail","6":"product_cat-agricultura-e-industria","7":"product_cat-iluminacion-de-trabajo","9":"first","10":"instock","11":"sale","12":"taxable","13":"shipping-taxable","14":"purchasable","15":"product-type-simple"},"acf":[],"_links":{"self":[{"href":"https:\/\/tiendaflex.ec\/en\/wp-json\/wp\/v2\/product\/17332","targetHints":{"allow":["GET"]}}],"collection":[{"href":"https:\/\/tiendaflex.ec\/en\/wp-json\/wp\/v2\/product"}],"about":[{"href":"https:\/\/tiendaflex.ec\/en\/wp-json\/wp\/v2\/types\/product"}],"replies":[{"embeddable":true,"href":"https:\/\/tiendaflex.ec\/en\/wp-json\/wp\/v2\/comments?post=17332"}],"version-history":[{"count":3,"href":"https:\/\/tiendaflex.ec\/en\/wp-json\/wp\/v2\/product\/17332\/revisions"}],"predecessor-version":[{"id":23331,"href":"https:\/\/tiendaflex.ec\/en\/wp-json\/wp\/v2\/product\/17332\/revisions\/23331"}],"wp:featuredmedia":[{"embeddable":true,"href":"https:\/\/tiendaflex.ec\/en\/wp-json\/wp\/v2\/media\/17317"}],"wp:attachment":[{"href":"https:\/\/tiendaflex.ec\/en\/wp-json\/wp\/v2\/media?parent=17332"}],"wp:term":[{"taxonomy":"product_brand","embeddable":true,"href":"https:\/\/tiendaflex.ec\/en\/wp-json\/wp\/v2\/product_brand?post=17332"},{"taxonomy":"product_cat","embeddable":true,"href":"https:\/\/tiendaflex.ec\/en\/wp-json\/wp\/v2\/product_cat?post=17332"},{"taxonomy":"product_tag","embeddable":true,"href":"https:\/\/tiendaflex.ec\/en\/wp-json\/wp\/v2\/product_tag?post=17332"}],"curies":[{"name":"wp","href":"https:\/\/api.w.org\/{rel}","templated":true}]}}