{"id":17323,"date":"2025-04-22T22:04:00","date_gmt":"2025-04-23T03:04:00","guid":{"rendered":"https:\/\/tiendaflex.ec\/?post_type=product&#038;p=17323"},"modified":"2026-02-25T13:39:18","modified_gmt":"2026-02-25T18:39:18","slug":"herramienta-de-prensado-pex-one-18v-ryobi","status":"publish","type":"product","link":"https:\/\/tiendaflex.ec\/en\/product\/herramienta-de-prensado-pex-one-18v-ryobi\/","title":{"rendered":"Herramienta de prensado PEX One+ 18V &#8211; RYOBI"},"content":{"rendered":"","protected":false},"excerpt":{"rendered":"<p>Haz conexiones PEX r\u00e1pidas, seguras y sin esfuerzo. Ideal para instalaciones de plomer\u00eda profesionales o trabajos de remodelaci\u00f3n.\u00bb<\/p>\n<p>\u00ab\u2705 CARACTER\u00cdSTICAS DESTACADAS<br \/>\n\u2714 Tiempo de crimpeado menor a 5 segundos<br \/>\n\u2714 Realiza hasta 320 engarces por carga con bater\u00eda de 4.0Ah<br \/>\n\u2714 Operaci\u00f3n de una sola mano para mayor comodidad y eficiencia<br \/>\n\u2714 Luz LED integrada que indica el final del engarce<br \/>\n\u2714 Compatible con anillos PEX de 3\/8&#8243;\u00bb, 1\/2&#8243;\u00bb, 3\/4&#8243;\u00bb y 1&#8243;\u00bb<br \/>\n\u2714 Mordazas para anillos de 1&#8243;\u00bb e insertos de troquel incluidos para 1\/2&#8243;\u00bb y 3\/4&#8243;\u00bb<br \/>\n\u2714 Incluye medidor de paso\/no paso para engarces precisos<\/p>\n<p>\ud83d\udce6 INCLUYE:<br \/>\n\u2022 Prensadora PEX ONE+ 18V<br \/>\n\u2022 Clip para cintur\u00f3n<br \/>\n\u2022 Insertos de troquel<br \/>\n\u2022 Medidor de paso\/no paso<br \/>\n\u2022 Bolsa de transporte<\/p>\n<p>\ud83d\udcde Cont\u00e1ctanos: +593984123231<\/p>","protected":false},"featured_media":17314,"comment_status":"open","ping_status":"closed","template":"","meta":{"_acf_changed":false},"product_brand":[],"product_cat":[544,689],"product_tag":[],"class_list":{"0":"post-17323","1":"product","2":"type-product","3":"status-publish","4":"has-post-thumbnail","6":"product_cat-agricultura-e-industria","7":"product_cat-prensadoras","9":"first","10":"instock","11":"sale","12":"taxable","13":"shipping-taxable","14":"purchasable","15":"product-type-simple"},"acf":[],"_links":{"self":[{"href":"https:\/\/tiendaflex.ec\/en\/wp-json\/wp\/v2\/product\/17323","targetHints":{"allow":["GET"]}}],"collection":[{"href":"https:\/\/tiendaflex.ec\/en\/wp-json\/wp\/v2\/product"}],"about":[{"href":"https:\/\/tiendaflex.ec\/en\/wp-json\/wp\/v2\/types\/product"}],"replies":[{"embeddable":true,"href":"https:\/\/tiendaflex.ec\/en\/wp-json\/wp\/v2\/comments?post=17323"}],"version-history":[{"count":3,"href":"https:\/\/tiendaflex.ec\/en\/wp-json\/wp\/v2\/product\/17323\/revisions"}],"predecessor-version":[{"id":23676,"href":"https:\/\/tiendaflex.ec\/en\/wp-json\/wp\/v2\/product\/17323\/revisions\/23676"}],"wp:featuredmedia":[{"embeddable":true,"href":"https:\/\/tiendaflex.ec\/en\/wp-json\/wp\/v2\/media\/17314"}],"wp:attachment":[{"href":"https:\/\/tiendaflex.ec\/en\/wp-json\/wp\/v2\/media?parent=17323"}],"wp:term":[{"taxonomy":"product_brand","embeddable":true,"href":"https:\/\/tiendaflex.ec\/en\/wp-json\/wp\/v2\/product_brand?post=17323"},{"taxonomy":"product_cat","embeddable":true,"href":"https:\/\/tiendaflex.ec\/en\/wp-json\/wp\/v2\/product_cat?post=17323"},{"taxonomy":"product_tag","embeddable":true,"href":"https:\/\/tiendaflex.ec\/en\/wp-json\/wp\/v2\/product_tag?post=17323"}],"curies":[{"name":"wp","href":"https:\/\/api.w.org\/{rel}","templated":true}]}}