{"id":17320,"date":"2025-04-22T21:59:58","date_gmt":"2025-04-23T02:59:58","guid":{"rendered":"https:\/\/tiendaflex.ec\/?post_type=product&#038;p=17320"},"modified":"2025-07-30T01:44:04","modified_gmt":"2025-07-30T06:44:04","slug":"motosierra-ryobi-one-10-18v","status":"publish","type":"product","link":"https:\/\/tiendaflex.ec\/en\/product\/motosierra-ryobi-one-10-18v\/","title":{"rendered":"Motosierra Ryobi One+ 10&#8243; 18V"},"content":{"rendered":"","protected":false},"excerpt":{"rendered":"<p>\u00a1Poder de corte port\u00e1til y sin cables! Ideal para trabajos de poda y mantenimiento del jard\u00edn.\u00bb<\/p>\n<p>\u00ab\u2705 CARACTER\u00cdSTICAS DESTACADAS<br \/>\n\u2714 Compatible con todas las herramientas, bater\u00edas y cargadores del sistema RYOBI ONE+ 18V<br \/>\n\u2714 Corte m\u00e1s r\u00e1pido: Hasta 2 veces m\u00e1s r\u00e1pida que su versi\u00f3n anterior<br \/>\n\u2714 Di\u00e1metro m\u00e1ximo de corte: 10 pulgadas<br \/>\n\u2714 Engrasador de bot\u00f3n para lubricaci\u00f3n f\u00e1cil de la cadena<br \/>\n\u2714 Tensi\u00f3n de cadena de acceso lateral para ajustes r\u00e1pidos<br \/>\n\u2714 Dise\u00f1o liviano: solo 6.8 lb para maniobrabilidad sin esfuerzo<\/p>\n<p>\ud83d\udce6 INCLUYE<br \/>\n\u2022 (1) Motosierra inal\u00e1mbrica Ryobi P547 (solo herramienta)<br \/>\n\u2022 Manual del operador<br \/>\n\u26a0\ufe0f No incluye bater\u00eda ni cargador<\/p>\n<p>\ud83d\udcd0 DIMENSIONES: 28&#8243;\u00bb largo x 10&#8243;\u00bb ancho x 16&#8243;\u00bb alto<br \/>\n\ud83d\udd29 Material: Metal<br \/>\n\ud83d\udd0b Voltaje: 18V<\/p>\n<p>\ud83d\udcde Cont\u00e1ctanos: +593984123231<\/p>","protected":false},"featured_media":17313,"comment_status":"open","ping_status":"closed","template":"","meta":{"_acf_changed":false},"product_brand":[],"product_cat":[544,559],"product_tag":[],"class_list":{"0":"post-17320","1":"product","2":"type-product","3":"status-publish","4":"has-post-thumbnail","6":"product_cat-agricultura-e-industria","7":"product_cat-sierras","9":"first","10":"instock","11":"sale","12":"taxable","13":"shipping-taxable","14":"purchasable","15":"product-type-simple"},"acf":[],"_links":{"self":[{"href":"https:\/\/tiendaflex.ec\/en\/wp-json\/wp\/v2\/product\/17320","targetHints":{"allow":["GET"]}}],"collection":[{"href":"https:\/\/tiendaflex.ec\/en\/wp-json\/wp\/v2\/product"}],"about":[{"href":"https:\/\/tiendaflex.ec\/en\/wp-json\/wp\/v2\/types\/product"}],"replies":[{"embeddable":true,"href":"https:\/\/tiendaflex.ec\/en\/wp-json\/wp\/v2\/comments?post=17320"}],"version-history":[{"count":2,"href":"https:\/\/tiendaflex.ec\/en\/wp-json\/wp\/v2\/product\/17320\/revisions"}],"predecessor-version":[{"id":17322,"href":"https:\/\/tiendaflex.ec\/en\/wp-json\/wp\/v2\/product\/17320\/revisions\/17322"}],"wp:featuredmedia":[{"embeddable":true,"href":"https:\/\/tiendaflex.ec\/en\/wp-json\/wp\/v2\/media\/17313"}],"wp:attachment":[{"href":"https:\/\/tiendaflex.ec\/en\/wp-json\/wp\/v2\/media?parent=17320"}],"wp:term":[{"taxonomy":"product_brand","embeddable":true,"href":"https:\/\/tiendaflex.ec\/en\/wp-json\/wp\/v2\/product_brand?post=17320"},{"taxonomy":"product_cat","embeddable":true,"href":"https:\/\/tiendaflex.ec\/en\/wp-json\/wp\/v2\/product_cat?post=17320"},{"taxonomy":"product_tag","embeddable":true,"href":"https:\/\/tiendaflex.ec\/en\/wp-json\/wp\/v2\/product_tag?post=17320"}],"curies":[{"name":"wp","href":"https:\/\/api.w.org\/{rel}","templated":true}]}}